{"id":705386,"date":"2025-08-27T15:45:07","date_gmt":"2025-08-27T12:45:07","guid":{"rendered":"https:\/\/roveyayinevi.com.tr\/index.php\/urun\/firari-hayat\/"},"modified":"2026-01-29T02:25:47","modified_gmt":"2026-01-28T23:25:47","slug":"firari-hayat","status":"publish","type":"product","link":"https:\/\/roveyayinevi.com.tr\/index.php\/urun\/firari-hayat\/","title":{"rendered":"Firari Hayat"},"content":{"rendered":"<p>\u201cTren uzaktan g\u00f6r\u00fcnd\u00fc. Simsiyaht\u0131. Arkas\u0131nda gri bir bulut b\u0131rakarak geliyordu. Tiz d\u00fcd\u00fck sesinin ac\u0131 fren sesine kar\u0131\u015fmas\u0131ndan olu\u015fan trajik bir ses h\u00e2l\u00e2 kulaklar\u0131mda \u00e7\u0131nlar durur. Sonunda tren durdu. \u015eenlik ba\u015flad\u0131. Herkes vagonlara do\u011fru ko\u015fuyordu. T\u00fcm yolcu vagonlar\u0131 ve y\u00fck vagonlar\u0131 k\u00f6yl\u00fcler taraf\u0131ndan i\u015fgal edildi.\u201d \u201cD\u00fcnyan\u0131n en zor i\u015flerinden biri olan t\u00fc t\u00fcn i\u015fine katlanmak zordu. T \u00fct\u00fcn\u00fcn \u00e7ocuk i\u015f\u00e7ileri olan bizleri yaz boyunca ayakta tutan tek \u015fey, i\u015fler bitti\u011finde \u0130zmir Fuar\u0131\u2019na gidecek olmam\u0131zd\u0131.\u201d \u201cY\u0131llard\u0131r pe\u015finden ko\u015farak yolcular\u0131na el sallad\u0131\u011f\u0131m, onlardan gazete istedi\u011fim trenin i\u00e7indeydim.\u201d \u201cAk\u015fam ilk kez bir konsere gittim. Mini \u015fortuyla Zeki M\u00fcren\u2019i seyrettim. Gece yar\u0131s\u0131 otele d\u00f6nd\u00fck. Terasa 30-40 karyola s\u0131ralam\u0131\u015flard\u0131.\u201d \u201cUyumak m\u00fcmk\u00fcn de\u011fildi. Gece ilk kez toprak \u00fczerinde de\u011fil, bir karyolada yatarak seyrediyordum y\u0131ld\u0131zlar\u0131. \u0130lk kez trene binmi\u015f, ilk kez Manisa Tarzan\u0131\u2019n\u0131 g\u00f6rm\u00fc\u015f, ilk kez Manisa\u2019y\u0131 kurtarm\u0131\u015ft\u0131m. Yetmemi\u015f ayn\u0131 g\u00fcn, sonradan Pasaport oldu\u011funu \u00f6\u011frendi\u011fim bir yerden ilk kez denizi g\u00f6rm\u00fc\u015ft\u00fcm. K\u00fc\u00e7\u00fcc\u00fck y\u00fcre\u011fimin kald\u0131rabilece\u011finden \u00e7ok fazla ilk vard\u0131 o g\u00fcn hayat\u0131mda.\u201d <\/p>\n","protected":false},"excerpt":{"rendered":"<p>\u201cTren uzaktan g\u00f6r\u00fcnd\u00fc. Simsiyaht\u0131. Arkas\u0131nda gri bir bulut b\u0131rakarak geliyordu. Tiz d\u00fcd\u00fck sesinin ac\u0131 fren sesine kar\u0131\u015fmas\u0131ndan olu\u015fan trajik bir ses h\u00e2l\u00e2 kulaklar\u0131mda \u00e7\u0131nlar durur. Sonunda<span class=\"excerpt-hellip\"> [\u2026]<\/span><\/p>\n","protected":false},"featured_media":0,"template":"","meta":{"_monsterinsights_skip_tracking":false,"_monsterinsights_sitenote_active":false,"_monsterinsights_sitenote_note":"","_monsterinsights_sitenote_category":0},"product_brand":[],"product_cat":[12291,12711],"product_tag":[],"class_list":{"0":"post-705386","1":"product","2":"type-product","3":"status-publish","5":"product_cat-edebiyat","6":"product_cat-roman-oyku","7":"pa_cilt-ciltsiz","8":"pa_tur-kitap","9":"pa_yayinevi-utopya-yayinevi","10":"pa_yazar-sait-almis","12":"first","13":"instock","14":"sale","15":"shipping-taxable","16":"purchasable","17":"product-type-simple"},"_links":{"self":[{"href":"https:\/\/roveyayinevi.com.tr\/index.php\/wp-json\/wp\/v2\/product\/705386","targetHints":{"allow":["GET"]}}],"collection":[{"href":"https:\/\/roveyayinevi.com.tr\/index.php\/wp-json\/wp\/v2\/product"}],"about":[{"href":"https:\/\/roveyayinevi.com.tr\/index.php\/wp-json\/wp\/v2\/types\/product"}],"wp:attachment":[{"href":"https:\/\/roveyayinevi.com.tr\/index.php\/wp-json\/wp\/v2\/media?parent=705386"}],"wp:term":[{"taxonomy":"product_brand","embeddable":true,"href":"https:\/\/roveyayinevi.com.tr\/index.php\/wp-json\/wp\/v2\/product_brand?post=705386"},{"taxonomy":"product_cat","embeddable":true,"href":"https:\/\/roveyayinevi.com.tr\/index.php\/wp-json\/wp\/v2\/product_cat?post=705386"},{"taxonomy":"product_tag","embeddable":true,"href":"https:\/\/roveyayinevi.com.tr\/index.php\/wp-json\/wp\/v2\/product_tag?post=705386"}],"curies":[{"name":"wp","href":"https:\/\/api.w.org\/{rel}","templated":true}]}}