{"id":705385,"date":"2025-08-27T15:45:07","date_gmt":"2025-08-27T12:45:07","guid":{"rendered":"https:\/\/roveyayinevi.com.tr\/index.php\/urun\/sosyoloji-meseleleri\/"},"modified":"2026-04-16T02:14:06","modified_gmt":"2026-04-15T23:14:06","slug":"sosyoloji-meseleleri","status":"publish","type":"product","link":"https:\/\/roveyayinevi.com.tr\/index.php\/urun\/sosyoloji-meseleleri\/","title":{"rendered":"Sosyoloji Meseleleri"},"content":{"rendered":"<p>\u201cBourdieu sosyolojisine giri\u015f\u201d dersini Bourdieu\u2019n\u00fcn kendisinden almak daha makul olmaz m\u0131? \u201cSosyoloji Meseleleri\u201d, ustan\u0131n kendisi taraf\u0131ndan bu t\u00fcrden bir ama\u00e7la haz\u0131rlanm\u0131\u015f bir kaynak eser; muhtelif meselelere ili\u015fkin olarak \u00e7e\u015fitli yerlerde yapt\u0131\u011f\u0131 s\u00f6zl\u00fc ve yaz\u0131l\u0131 m\u00fcdahalelerin gayet zengin ve zihin a\u00e7\u0131c\u0131 bir derlemesi. Bourdieu burada, spordan modaya, oradan da be\u011feni, m\u00fczik veya dil meselelerine kadar, birbiriyle ilk bak\u0131\u015fta ba\u011flant\u0131s\u0131z gibi g\u00f6r\u00fcnen sorunsallar \u00e7er\u00e7evesinde, sermaye, alan veya habitus gibi temel kavramlar\u0131n\u0131n k\u0131sa ve \u00f6z bir a\u00e7\u0131klamas\u0131n\u0131 sunuyor, bunlar\u0131n nas\u0131l i\u015fe ko\u015fulabilece\u011fini ve ne derece g\u00fc\u00e7l\u00fc analitik ara\u00e7lar olabileceklerini gayet pedagojik ve ak\u0131c\u0131 bir dille g\u00f6zler \u00f6n\u00fcne seriyor. Bunun yan\u0131 s\u0131ra, kamuoyu veya grev gibi meseleler \u00fczerinden siyasal eylemi tart\u0131\u015fmaktan ve siyaset-k\u00fclt\u00fcr ili\u015fkisi \u00fczerine ezber bozucu bir okuma yapmaktan da geri kalm\u0131yor. Son olarak ise, ele\u015ftirel ve d\u00fc\u015f\u00fcn\u00fcmsel projeksiyonunu bizzat entelekt\u00fcellere \u00e7eviriyor ve buradan hareketle de gerek bir disiplin olarak sosyolojiyi gerekse de bu disiplinin pratisyenleri olarak sosyologlar\u0131 mercek alt\u0131na yat\u0131r\u0131yor. K\u0131sacas\u0131, Bourdieu\u2019n\u00fcn bizzat kendisinden gayet ak\u0131c\u0131 ve zihin a\u00e7\u0131c\u0131 sosyoloji dersleri, buyurunuz.. <\/p>\n","protected":false},"excerpt":{"rendered":"<p>\u201cBourdieu sosyolojisine giri\u015f\u201d dersini Bourdieu\u2019n\u00fcn kendisinden almak daha makul olmaz m\u0131? \u201cSosyoloji Meseleleri\u201d, ustan\u0131n kendisi taraf\u0131ndan bu t\u00fcrden bir ama\u00e7la haz\u0131rlanm\u0131\u015f bir kaynak eser; muhtelif meselelere<span class=\"excerpt-hellip\"> [\u2026]<\/span><\/p>\n","protected":false},"featured_media":0,"template":"","meta":{"_monsterinsights_skip_tracking":false,"_monsterinsights_sitenote_active":false,"_monsterinsights_sitenote_note":"","_monsterinsights_sitenote_category":0},"product_brand":[],"product_cat":[12835,12324],"product_tag":[],"class_list":{"0":"post-705385","1":"product","2":"type-product","3":"status-publish","5":"product_cat-genel-sosyoloji","6":"product_cat-sosyoloji","7":"pa_cilt-ciltsiz","8":"pa_tur-kitap","9":"pa_yayinevi-heretik-yayincilik","10":"pa_yazar-pierre-bourdieu","12":"first","13":"instock","14":"sale","15":"shipping-taxable","16":"purchasable","17":"product-type-simple"},"_links":{"self":[{"href":"https:\/\/roveyayinevi.com.tr\/index.php\/wp-json\/wp\/v2\/product\/705385","targetHints":{"allow":["GET"]}}],"collection":[{"href":"https:\/\/roveyayinevi.com.tr\/index.php\/wp-json\/wp\/v2\/product"}],"about":[{"href":"https:\/\/roveyayinevi.com.tr\/index.php\/wp-json\/wp\/v2\/types\/product"}],"wp:attachment":[{"href":"https:\/\/roveyayinevi.com.tr\/index.php\/wp-json\/wp\/v2\/media?parent=705385"}],"wp:term":[{"taxonomy":"product_brand","embeddable":true,"href":"https:\/\/roveyayinevi.com.tr\/index.php\/wp-json\/wp\/v2\/product_brand?post=705385"},{"taxonomy":"product_cat","embeddable":true,"href":"https:\/\/roveyayinevi.com.tr\/index.php\/wp-json\/wp\/v2\/product_cat?post=705385"},{"taxonomy":"product_tag","embeddable":true,"href":"https:\/\/roveyayinevi.com.tr\/index.php\/wp-json\/wp\/v2\/product_tag?post=705385"}],"curies":[{"name":"wp","href":"https:\/\/api.w.org\/{rel}","templated":true}]}}