{"id":705382,"date":"2025-08-27T15:45:05","date_gmt":"2025-08-27T12:45:05","guid":{"rendered":"https:\/\/roveyayinevi.com.tr\/index.php\/urun\/etik-ahlak-felsefesi\/"},"modified":"2026-04-16T02:14:05","modified_gmt":"2026-04-15T23:14:05","slug":"etik-ahlak-felsefesi","status":"publish","type":"product","link":"https:\/\/roveyayinevi.com.tr\/index.php\/urun\/etik-ahlak-felsefesi\/","title":{"rendered":"Etik Ahlak Felsefesi"},"content":{"rendered":"<p>Felsefenin en temel disiplinlerinden biri olan etik, ahlakla yak\u0131n bir ili\u015fki i\u00e7inde bulunur. Her ne kadar ahlak ve etik ayn\u0131 k\u00f6kten t\u00fcremi olsa bile, etik deyince anla\u015f\u0131lan felsefe a\u00e7\u0131s\u0131ndan ahlakt\u0131r, genel bir ilkeler teorisidir veya ahlakl\u0131l\u0131r\u0131n felsefesidir. <\/p>\n","protected":false},"excerpt":{"rendered":"<p>Felsefenin en temel disiplinlerinden biri olan etik, ahlakla yak\u0131n bir ili\u015fki i\u00e7inde bulunur. Her ne kadar ahlak ve etik ayn\u0131 k\u00f6kten t\u00fcremi olsa bile, etik deyince<span class=\"excerpt-hellip\"> [\u2026]<\/span><\/p>\n","protected":false},"featured_media":0,"template":"","meta":{"_monsterinsights_skip_tracking":false,"_monsterinsights_sitenote_active":false,"_monsterinsights_sitenote_note":"","_monsterinsights_sitenote_category":0},"product_brand":[],"product_cat":[15319,12388],"product_tag":[],"class_list":{"0":"post-705382","1":"product","2":"type-product","3":"status-publish","5":"product_cat-etik","6":"product_cat-felsefe","7":"pa_cilt-ciltsiz","8":"pa_tur-kitap","9":"pa_yayinevi-say-yayinlari","10":"pa_yazar-ahmet-cevizci","12":"first","13":"instock","14":"sale","15":"shipping-taxable","16":"purchasable","17":"product-type-simple"},"_links":{"self":[{"href":"https:\/\/roveyayinevi.com.tr\/index.php\/wp-json\/wp\/v2\/product\/705382","targetHints":{"allow":["GET"]}}],"collection":[{"href":"https:\/\/roveyayinevi.com.tr\/index.php\/wp-json\/wp\/v2\/product"}],"about":[{"href":"https:\/\/roveyayinevi.com.tr\/index.php\/wp-json\/wp\/v2\/types\/product"}],"wp:attachment":[{"href":"https:\/\/roveyayinevi.com.tr\/index.php\/wp-json\/wp\/v2\/media?parent=705382"}],"wp:term":[{"taxonomy":"product_brand","embeddable":true,"href":"https:\/\/roveyayinevi.com.tr\/index.php\/wp-json\/wp\/v2\/product_brand?post=705382"},{"taxonomy":"product_cat","embeddable":true,"href":"https:\/\/roveyayinevi.com.tr\/index.php\/wp-json\/wp\/v2\/product_cat?post=705382"},{"taxonomy":"product_tag","embeddable":true,"href":"https:\/\/roveyayinevi.com.tr\/index.php\/wp-json\/wp\/v2\/product_tag?post=705382"}],"curies":[{"name":"wp","href":"https:\/\/api.w.org\/{rel}","templated":true}]}}