{"id":705381,"date":"2025-08-27T15:45:05","date_gmt":"2025-08-27T12:45:05","guid":{"rendered":"https:\/\/roveyayinevi.com.tr\/index.php\/urun\/mevlana-3\/"},"modified":"2026-04-16T02:14:05","modified_gmt":"2026-04-15T23:14:05","slug":"mevlana-3","status":"publish","type":"product","link":"https:\/\/roveyayinevi.com.tr\/index.php\/urun\/mevlana-3\/","title":{"rendered":"Mevlana"},"content":{"rendered":"<p>Ansiklopedik nitelikte ve hacimde bir eserdir. Mevl\u00e2na&#8217;n\u0131n hayat\u0131na, ki\u015fili\u011fine ve fikirlerine dair en do\u011fru ve doyurucu bilgileri i\u00e7erir. Giri\u015fte Mevl\u00e2na&#8217;n\u0131n i\u00e7erisine do\u011fdu\u011fu ortam tasvir edilir. Hazret-i Mevl\u00e2na&#8217;n\u0131n hayat\u0131 b\u00fct\u00fcn ayr\u0131nt\u0131lar\u0131yla anlat\u0131ld\u0131ktan sonra \u015fahsiyetine ve fikirlerine ge\u00e7ilir. Hayat tarz\u0131 ve \u00e7e\u015fitli konular kar\u015f\u0131s\u0131ndaki tav\u0131rlar\u0131 b\u00fct\u00fcn y\u00f6nleriyle g\u00f6zler \u00f6n\u00fcne serilir. Temel din\u00ee konular hakk\u0131ndaki kanaatleri irdelenir. D\u00f6neminin m\u00fctefekkir ve mutasavv\u0131flar\u0131yla ili\u015fkisine de\u011finilir. Eserleri hakk\u0131nda tan\u0131t\u0131c\u0131 bilgiler verilir. Eserin sonuna Divan-\u0131 Kebir&#8217;den se\u00e7ilen baz\u0131 \u015fiirlerin terc\u00fcmeleri ve Mevl\u00e2na&#8217;n\u0131n anla\u015f\u0131lmas\u0131na yard\u0131mc\u0131 olacak bir Tasavvuf Terimleri S\u00f6zl\u00fc\u011f\u00fc ilave edilmi\u015ftir.<\/p>\n","protected":false},"excerpt":{"rendered":"<p>Ansiklopedik nitelikte ve hacimde bir eserdir. Mevl\u00e2na&#8217;n\u0131n hayat\u0131na, ki\u015fili\u011fine ve fikirlerine dair en do\u011fru ve doyurucu bilgileri i\u00e7erir. Giri\u015fte Mevl\u00e2na&#8217;n\u0131n i\u00e7erisine do\u011fdu\u011fu ortam tasvir edilir. Hazret-i<span class=\"excerpt-hellip\"> [\u2026]<\/span><\/p>\n","protected":false},"featured_media":0,"template":"","meta":{"_monsterinsights_skip_tracking":false,"_monsterinsights_sitenote_active":false,"_monsterinsights_sitenote_note":"","_monsterinsights_sitenote_category":0},"product_brand":[],"product_cat":[12718,12719,12720],"product_tag":[],"class_list":{"0":"post-705381","1":"product","2":"type-product","3":"status-publish","5":"product_cat-din","6":"product_cat-islam","7":"product_cat-tasavvuf-mezhepler-tarikatlar","8":"pa_tur-kitap","9":"pa_yayinevi-otuken-nesriyat","10":"pa_yazar-sefik-can","12":"first","13":"instock","14":"sale","15":"shipping-taxable","16":"purchasable","17":"product-type-simple"},"_links":{"self":[{"href":"https:\/\/roveyayinevi.com.tr\/index.php\/wp-json\/wp\/v2\/product\/705381","targetHints":{"allow":["GET"]}}],"collection":[{"href":"https:\/\/roveyayinevi.com.tr\/index.php\/wp-json\/wp\/v2\/product"}],"about":[{"href":"https:\/\/roveyayinevi.com.tr\/index.php\/wp-json\/wp\/v2\/types\/product"}],"wp:attachment":[{"href":"https:\/\/roveyayinevi.com.tr\/index.php\/wp-json\/wp\/v2\/media?parent=705381"}],"wp:term":[{"taxonomy":"product_brand","embeddable":true,"href":"https:\/\/roveyayinevi.com.tr\/index.php\/wp-json\/wp\/v2\/product_brand?post=705381"},{"taxonomy":"product_cat","embeddable":true,"href":"https:\/\/roveyayinevi.com.tr\/index.php\/wp-json\/wp\/v2\/product_cat?post=705381"},{"taxonomy":"product_tag","embeddable":true,"href":"https:\/\/roveyayinevi.com.tr\/index.php\/wp-json\/wp\/v2\/product_tag?post=705381"}],"curies":[{"name":"wp","href":"https:\/\/api.w.org\/{rel}","templated":true}]}}