{"id":705379,"date":"2025-08-27T15:45:04","date_gmt":"2025-08-27T12:45:04","guid":{"rendered":"https:\/\/roveyayinevi.com.tr\/index.php\/urun\/kod-adi-devrim\/"},"modified":"2026-04-16T02:14:05","modified_gmt":"2026-04-15T23:14:05","slug":"kod-adi-devrim","status":"publish","type":"product","link":"https:\/\/roveyayinevi.com.tr\/index.php\/urun\/kod-adi-devrim\/","title":{"rendered":"Kod Ad\u0131 Devrim"},"content":{"rendered":"<p>Panik, Suudi Arabistan Rub&#8217;al Khali \u00e7\u00f6l\u00fcnde ger\u00e7ekle\u015ftirilen mini n\u00fckleer patlama ile ba\u015flad\u0131. Gizemli bir akt\u00f6r emperyalizmin g\u00fcd\u00fcm\u00fcnde mezhep sava\u015flar\u0131n\u0131n ya\u015fand\u0131\u011f\u0131 b\u00f6lgeye kimseden izin almadan yerle\u015fip kibirli krallara, emirlere, \u015feyhlere, bu co\u011frafyada ben de var\u0131m mesaj\u0131n\u0131 veriyordu. ABD&#8217;nin bu olaya kay\u0131ts\u0131z kalmas\u0131 beklenemezdi, CIA, NSA ve di\u011fer g\u00fcvenlik birimlerine alarm verildi. <\/p>\n","protected":false},"excerpt":{"rendered":"<p>Panik, Suudi Arabistan Rub&#8217;al Khali \u00e7\u00f6l\u00fcnde ger\u00e7ekle\u015ftirilen mini n\u00fckleer patlama ile ba\u015flad\u0131. Gizemli bir akt\u00f6r emperyalizmin g\u00fcd\u00fcm\u00fcnde mezhep sava\u015flar\u0131n\u0131n ya\u015fand\u0131\u011f\u0131 b\u00f6lgeye kimseden izin almadan yerle\u015fip kibirli<span class=\"excerpt-hellip\"> [\u2026]<\/span><\/p>\n","protected":false},"featured_media":0,"template":"","meta":{"_monsterinsights_skip_tracking":false,"_monsterinsights_sitenote_active":false,"_monsterinsights_sitenote_note":"","_monsterinsights_sitenote_category":0},"product_brand":[],"product_cat":[12291,12711],"product_tag":[],"class_list":{"0":"post-705379","1":"product","2":"type-product","3":"status-publish","5":"product_cat-edebiyat","6":"product_cat-roman-oyku","7":"pa_tur-kitap","8":"pa_yayinevi-akil-celen-kitaplar","9":"pa_yazar-cengiz-yalcin","11":"first","12":"instock","13":"sale","14":"shipping-taxable","15":"purchasable","16":"product-type-simple"},"_links":{"self":[{"href":"https:\/\/roveyayinevi.com.tr\/index.php\/wp-json\/wp\/v2\/product\/705379","targetHints":{"allow":["GET"]}}],"collection":[{"href":"https:\/\/roveyayinevi.com.tr\/index.php\/wp-json\/wp\/v2\/product"}],"about":[{"href":"https:\/\/roveyayinevi.com.tr\/index.php\/wp-json\/wp\/v2\/types\/product"}],"wp:attachment":[{"href":"https:\/\/roveyayinevi.com.tr\/index.php\/wp-json\/wp\/v2\/media?parent=705379"}],"wp:term":[{"taxonomy":"product_brand","embeddable":true,"href":"https:\/\/roveyayinevi.com.tr\/index.php\/wp-json\/wp\/v2\/product_brand?post=705379"},{"taxonomy":"product_cat","embeddable":true,"href":"https:\/\/roveyayinevi.com.tr\/index.php\/wp-json\/wp\/v2\/product_cat?post=705379"},{"taxonomy":"product_tag","embeddable":true,"href":"https:\/\/roveyayinevi.com.tr\/index.php\/wp-json\/wp\/v2\/product_tag?post=705379"}],"curies":[{"name":"wp","href":"https:\/\/api.w.org\/{rel}","templated":true}]}}