{"id":705375,"date":"2025-08-27T15:45:02","date_gmt":"2025-08-27T12:45:02","guid":{"rendered":"https:\/\/roveyayinevi.com.tr\/index.php\/urun\/turk-sufiligine-bakislar\/"},"modified":"2025-12-30T09:59:47","modified_gmt":"2025-12-30T06:59:47","slug":"turk-sufiligine-bakislar","status":"publish","type":"product","link":"https:\/\/roveyayinevi.com.tr\/index.php\/urun\/turk-sufiligine-bakislar\/","title":{"rendered":"T\u00fcrk Sufili\u011fine Bak\u0131\u015flar"},"content":{"rendered":"<p>T\u00fcrk \u0130sl\u00e2m\u0131, yani T\u00fcrkiye\u2019nin tarihsel, toplumsal ve k\u00fclt\u00fcrel gelene\u011fi i\u00e7inde \u015fekillenmi\u015f \u00f6zg\u00fcl bi\u00e7imiyle \u0130sl\u00e2m, son y\u0131llarda hararetli tart\u0131\u015fmalara konu oluyor. \u00d6zellikle Alev\u00eelik, \u00e7etin tart\u0131\u015fmalar\u0131n sava\u015f alan\u0131 g\u00f6r\u00fcn\u00fcm\u00fcnde. Bu tart\u0131\u015fmalarda, somut tarihsel ba\u011flamlar\u0131 g\u00f6zetmeyen bir bak\u0131\u015f\u0131n egemenli\u011fi g\u00f6r\u00fcl\u00fcyor. Gerek Alev\u00eelik, gerekse T\u00fcrk \u0130sl\u00e2m\u0131\u2019n\u0131n simge isimleri, bug\u00fcnk\u00fc Kemalist veya \u201cT\u00fcrk-\u0130sl\u00e2m Sentezci\u201d vs. ideolojik tercihleri do\u011frultusunda, d\u00fcmd\u00fcz bir tarihsel s\u00fcreklilik kurgusu i\u00e7inde efsanele\u015ftiriliyor. Ahmet Ya\u015far Ocak\u2019\u0131n elinizdeki derlemesi, her \u015feyden \u00f6nce somut ba\u011flamlar\u0131 g\u00f6zeten bir tarih\u00e7ilik yakla\u015f\u0131m\u0131n\u0131n \u00f6rne\u011fini veriyor. Derlemedeki makaleler, T\u00fcrk \u0130sl\u00e2m\u0131\u2019n\u0131n ve \u00f6zellikle heterodoks gelene\u011finin \u00f6zg\u00fcl karakterini tasvir eden \u00f6nemli katk\u0131lar i\u00e7eriyor. Anadolu tarihsel co\u011frafyas\u0131nda ortodoks ve heterodoks \u0130sl\u00e2m k\u00fclt\u00fcrleri aras\u0131ndaki etkile\u015fimin boyutlar\u0131 da bu \u00e7er\u00e7evede dikkatimize sunuluyor. Heterodoks Halk \u0130sl\u00e2m\u0131\u2019n\u0131n farkl\u0131 k\u00fclt\u00fcrleri ba\u011fda\u015ft\u0131r\u0131c\u0131 \u00f6zelli\u011fini, tasavvuf\u00ee-mistik karakterinin bask\u0131nl\u0131\u011f\u0131n\u0131 ve mehd\u00eeci niteli\u011fini sergileyen Ahmet Ya\u015far Ocak, T\u00fcrk \u0130sl\u00e2m\u0131\u2019n\u0131n d\u00f6rt \u00f6nemli ki\u015fili\u011fini \u00f6zellikle ele al\u0131yor: Ahmed-i Yesev\u00ee, Mevl\u00e2na Cel\u00e2leddin-\u00ee Rum\u00ee, Yunus Emre, Hac\u0131 Bekta\u015f-\u0131 Vel\u00ee<\/p>\n","protected":false},"excerpt":{"rendered":"<p>T\u00fcrk \u0130sl\u00e2m\u0131, yani T\u00fcrkiye\u2019nin tarihsel, toplumsal ve k\u00fclt\u00fcrel gelene\u011fi i\u00e7inde \u015fekillenmi\u015f \u00f6zg\u00fcl bi\u00e7imiyle \u0130sl\u00e2m, son y\u0131llarda hararetli tart\u0131\u015fmalara konu oluyor. \u00d6zellikle Alev\u00eelik, \u00e7etin tart\u0131\u015fmalar\u0131n sava\u015f alan\u0131<span class=\"excerpt-hellip\"> [\u2026]<\/span><\/p>\n","protected":false},"featured_media":0,"template":"","meta":{"_monsterinsights_skip_tracking":false,"_monsterinsights_sitenote_active":false,"_monsterinsights_sitenote_note":"","_monsterinsights_sitenote_category":0},"product_brand":[],"product_cat":[13517,12304],"product_tag":[],"class_list":{"0":"post-705375","1":"product","2":"type-product","3":"status-publish","5":"product_cat-osmanli-tarihi","6":"product_cat-tarih","7":"pa_cilt-ciltsiz","8":"pa_tur-kitap","9":"pa_yayinevi-iletisim-yayinlari","10":"pa_yazar-ahmet-yasar-ocak","12":"first","13":"instock","14":"sale","15":"shipping-taxable","16":"purchasable","17":"product-type-simple"},"_links":{"self":[{"href":"https:\/\/roveyayinevi.com.tr\/index.php\/wp-json\/wp\/v2\/product\/705375","targetHints":{"allow":["GET"]}}],"collection":[{"href":"https:\/\/roveyayinevi.com.tr\/index.php\/wp-json\/wp\/v2\/product"}],"about":[{"href":"https:\/\/roveyayinevi.com.tr\/index.php\/wp-json\/wp\/v2\/types\/product"}],"wp:attachment":[{"href":"https:\/\/roveyayinevi.com.tr\/index.php\/wp-json\/wp\/v2\/media?parent=705375"}],"wp:term":[{"taxonomy":"product_brand","embeddable":true,"href":"https:\/\/roveyayinevi.com.tr\/index.php\/wp-json\/wp\/v2\/product_brand?post=705375"},{"taxonomy":"product_cat","embeddable":true,"href":"https:\/\/roveyayinevi.com.tr\/index.php\/wp-json\/wp\/v2\/product_cat?post=705375"},{"taxonomy":"product_tag","embeddable":true,"href":"https:\/\/roveyayinevi.com.tr\/index.php\/wp-json\/wp\/v2\/product_tag?post=705375"}],"curies":[{"name":"wp","href":"https:\/\/api.w.org\/{rel}","templated":true}]}}