{"id":705371,"date":"2025-08-27T15:45:01","date_gmt":"2025-08-27T12:45:01","guid":{"rendered":"https:\/\/roveyayinevi.com.tr\/index.php\/urun\/marksist-kriz-teorileri-isiginda-kuresel-kriz\/"},"modified":"2026-04-16T02:14:05","modified_gmt":"2026-04-15T23:14:05","slug":"marksist-kriz-teorileri-isiginda-kuresel-kriz","status":"publish","type":"product","link":"https:\/\/roveyayinevi.com.tr\/index.php\/urun\/marksist-kriz-teorileri-isiginda-kuresel-kriz\/","title":{"rendered":"Marksist Kriz Teorileri I\u015f\u0131\u011f\u0131nda K\u00fcresel Kriz"},"content":{"rendered":"<p>Eskiden bir in\u015faat\u00e7\u0131 spek\u00fclasyon i\u00e7in belli bir d\u00f6nemde en fazla \u00fc\u00e7 veya d\u00f6rt ev in\u015fa ederken \u015fimdi b\u00fcy\u00fck bir arazi par\u00e7as\u0131 sat\u0131n almak (k\u0131ta Avrupas\u0131 jargonunda bu kural olarak 99 y\u0131ll\u0131\u011f\u0131na kiralamak anlam\u0131na geliyor) ve kendi kaynaklar\u0131n\u0131n 20 ila 50 misli \u00fczerine \u00e7\u0131kacak \u015fekilde 100-200 ev in\u015fa etmek durumundad\u0131r. Bunun i\u00e7in gerekli fonlar morg\u0131\u00e7 yoluyla (ab\u00e7) sa\u011flanmakta; elde edilen para in\u015faat s\u00fcregiderken m\u00fctahitin kullan\u0131m\u0131na verilmektedir. Fakat sonra bir kriz gelir ve taksit \u00f6demeleri aksarsa b\u00fct\u00fcn bir giri\u015fim genellikle batar&#8230; En iyi durumda evler daha iyi bir zaman gelene kadar yar\u0131m kal\u0131r; En k\u00f6t\u00fc durumda evler hara\u00e7 mezat yar\u0131 fiyat\u0131na sat\u0131l\u0131r. Bug\u00fcn, b\u00f6ylesi b\u00fcy\u00fck \u00e7apl\u0131 spek\u00fclatif in\u015faat y\u00f6ntemine ba\u015fvurmadan hi\u00e7 bir m\u00fctahit ayakta kalamaz. -Karl Marx, Kapital Cilt 2 \ufffcTan\u0131t\u0131m Metni<\/p>\n","protected":false},"excerpt":{"rendered":"<p>Eskiden bir in\u015faat\u00e7\u0131 spek\u00fclasyon i\u00e7in belli bir d\u00f6nemde en fazla \u00fc\u00e7 veya d\u00f6rt ev in\u015fa ederken \u015fimdi b\u00fcy\u00fck bir arazi par\u00e7as\u0131 sat\u0131n almak (k\u0131ta Avrupas\u0131 jargonunda<span class=\"excerpt-hellip\"> [\u2026]<\/span><\/p>\n","protected":false},"featured_media":0,"template":"","meta":{"_monsterinsights_skip_tracking":false,"_monsterinsights_sitenote_active":false,"_monsterinsights_sitenote_note":"","_monsterinsights_sitenote_category":0},"product_brand":[],"product_cat":[13044,13043],"product_tag":[],"class_list":{"0":"post-705371","1":"product","2":"type-product","3":"status-publish","5":"product_cat-dunya-ekonomisi","6":"product_cat-ekonomi","7":"pa_tur-kitap","8":"pa_yayinevi-kalkedon-yayincilik","9":"pa_yazar-cuneyt-akman","11":"first","12":"instock","13":"sale","14":"shipping-taxable","15":"purchasable","16":"product-type-simple"},"_links":{"self":[{"href":"https:\/\/roveyayinevi.com.tr\/index.php\/wp-json\/wp\/v2\/product\/705371","targetHints":{"allow":["GET"]}}],"collection":[{"href":"https:\/\/roveyayinevi.com.tr\/index.php\/wp-json\/wp\/v2\/product"}],"about":[{"href":"https:\/\/roveyayinevi.com.tr\/index.php\/wp-json\/wp\/v2\/types\/product"}],"wp:attachment":[{"href":"https:\/\/roveyayinevi.com.tr\/index.php\/wp-json\/wp\/v2\/media?parent=705371"}],"wp:term":[{"taxonomy":"product_brand","embeddable":true,"href":"https:\/\/roveyayinevi.com.tr\/index.php\/wp-json\/wp\/v2\/product_brand?post=705371"},{"taxonomy":"product_cat","embeddable":true,"href":"https:\/\/roveyayinevi.com.tr\/index.php\/wp-json\/wp\/v2\/product_cat?post=705371"},{"taxonomy":"product_tag","embeddable":true,"href":"https:\/\/roveyayinevi.com.tr\/index.php\/wp-json\/wp\/v2\/product_tag?post=705371"}],"curies":[{"name":"wp","href":"https:\/\/api.w.org\/{rel}","templated":true}]}}