{"id":705366,"date":"2025-08-27T15:44:59","date_gmt":"2025-08-27T12:44:59","guid":{"rendered":"https:\/\/roveyayinevi.com.tr\/index.php\/urun\/bektasi-demis-ki\/"},"modified":"2025-12-30T09:59:47","modified_gmt":"2025-12-30T06:59:47","slug":"bektasi-demis-ki","status":"publish","type":"product","link":"https:\/\/roveyayinevi.com.tr\/index.php\/urun\/bektasi-demis-ki\/","title":{"rendered":"Bekta\u015fi Demi\u015f ki"},"content":{"rendered":"<p>Bir insan g\u00fczellemesidir Bekta\u015fi f\u0131kralar\u0131. Anadolu insan\u0131n\u0131n \u00f6zg\u00fcn ve \u00f6zg\u00fcr bir soluk al\u0131\u015f\u0131d\u0131r. \u0130nsanili\u011fin, insan olu\u015fun iki \u00fc\u00e7 c\u00fcmle ile savunulmas\u0131 ve insanla\u015fma kavgas\u0131n\u0131n as\u0131l \u00f6znesi olan insan\u0131n \u201cd\u00fc\u015f\u00fcn\u00fcyorum\u201d, \u201cvar\u0131m\u201d, \u201cd\u00fc\u015f\u00fcnd\u00fc\u011f\u00fcm do\u011frultuda ya\u015f\u0131yorum\u201d, \u201cba\u015fkald\u0131r\u0131yorum\u201d demesi olan bu s\u00f6ylem, insan onurunun bayrakla\u015fmas\u0131d\u0131r bir bak\u0131ma.\u00d6ner Ya\u011fc\u0131\u2019n\u0131n bir araya getirip sundu\u011fu Bekta\u015fi Demi\u015f ki\u2026 g\u00fcld\u00fcr\u00fcrken d\u00fc\u015f\u00fcnd\u00fcren, \u00f6\u011freten ve e\u011fiten \u00f6zellikleriyle bir ya\u015fama bi\u00e7imi anlay\u0131\u015f\u0131n\u0131n, d\u00fcnyay\u0131 sevgiyle, ho\u015fg\u00f6r\u00fcyle, karde\u015flikle kucaklama \u00f6zleminin d\u0131\u015favurumu, insanl\u0131\u011fa aktar\u0131m\u0131 olan Bekta\u015fi f\u0131kralar\u0131n\u0131, d\u00fcnyadaki haks\u0131zl\u0131klara, adaletsizliklere, e\u015fitsizliklere kar\u015f\u0131 \u00e7\u0131kman\u0131n insanca, bilgece sesini aktar\u0131yor bize. <\/p>\n","protected":false},"excerpt":{"rendered":"<p>Bir insan g\u00fczellemesidir Bekta\u015fi f\u0131kralar\u0131. Anadolu insan\u0131n\u0131n \u00f6zg\u00fcn ve \u00f6zg\u00fcr bir soluk al\u0131\u015f\u0131d\u0131r. \u0130nsanili\u011fin, insan olu\u015fun iki \u00fc\u00e7 c\u00fcmle ile savunulmas\u0131 ve insanla\u015fma kavgas\u0131n\u0131n as\u0131l \u00f6znesi<span class=\"excerpt-hellip\"> [\u2026]<\/span><\/p>\n","protected":false},"featured_media":0,"template":"","meta":{"_monsterinsights_skip_tracking":false,"_monsterinsights_sitenote_active":false,"_monsterinsights_sitenote_note":"","_monsterinsights_sitenote_category":0},"product_brand":[],"product_cat":[12477,12364],"product_tag":[],"class_list":{"0":"post-705366","1":"product","2":"type-product","3":"status-publish","5":"product_cat-eglence-mizah","6":"product_cat-genel-konular","7":"pa_tur-kitap","8":"pa_yayinevi-cem-yayinevi","9":"pa_yazar-oner-yagci","11":"first","12":"instock","13":"sale","14":"shipping-taxable","15":"purchasable","16":"product-type-simple"},"_links":{"self":[{"href":"https:\/\/roveyayinevi.com.tr\/index.php\/wp-json\/wp\/v2\/product\/705366","targetHints":{"allow":["GET"]}}],"collection":[{"href":"https:\/\/roveyayinevi.com.tr\/index.php\/wp-json\/wp\/v2\/product"}],"about":[{"href":"https:\/\/roveyayinevi.com.tr\/index.php\/wp-json\/wp\/v2\/types\/product"}],"wp:attachment":[{"href":"https:\/\/roveyayinevi.com.tr\/index.php\/wp-json\/wp\/v2\/media?parent=705366"}],"wp:term":[{"taxonomy":"product_brand","embeddable":true,"href":"https:\/\/roveyayinevi.com.tr\/index.php\/wp-json\/wp\/v2\/product_brand?post=705366"},{"taxonomy":"product_cat","embeddable":true,"href":"https:\/\/roveyayinevi.com.tr\/index.php\/wp-json\/wp\/v2\/product_cat?post=705366"},{"taxonomy":"product_tag","embeddable":true,"href":"https:\/\/roveyayinevi.com.tr\/index.php\/wp-json\/wp\/v2\/product_tag?post=705366"}],"curies":[{"name":"wp","href":"https:\/\/api.w.org\/{rel}","templated":true}]}}