{"id":705362,"date":"2025-08-27T15:44:57","date_gmt":"2025-08-27T12:44:57","guid":{"rendered":"https:\/\/roveyayinevi.com.tr\/index.php\/urun\/oykucu-mia-kedi-sohbetleri\/"},"modified":"2026-04-16T02:14:05","modified_gmt":"2026-04-15T23:14:05","slug":"oykucu-mia-kedi-sohbetleri","status":"publish","type":"product","link":"https:\/\/roveyayinevi.com.tr\/index.php\/urun\/oykucu-mia-kedi-sohbetleri\/","title":{"rendered":"\u00d6yk\u00fcc\u00fc Mia Kedi Sohbetleri"},"content":{"rendered":"<p>Kedi Mia Anlat\u0131yor. \u0130nsanlar \u00d6\u011freniyor.\u201cHayvanlar\u0131n da Haklar\u0131 Var!\u201d6. Madde: \u0130nsanlar\u0131n yanlar\u0131na ald\u0131klar\u0131 b\u00fct\u00fcn hayvanlar do\u011fal \u00f6m\u00fcr uzunluklar\u0131na uygun s\u00fcrece ya\u015fama hakk\u0131na sahiptir. Bir hayvan\u0131 terk etmek ac\u0131mas\u0131z bir davran\u0131\u015ft\u0131r.Tombik bir ev kedisi olan Mia, kendisini sahiplenen aileyi sevmi\u015f, onlara g\u00fcvenmi\u015ftir. En g\u00fczel y\u0131llar\u0131n\u0131 Tu\u011fba ve ailesiyle ge\u00e7irmi\u015f; dertlerine, sevin\u00e7lerine ortak olmu\u015ftur.G\u00fcn d\u00f6ner, zaman ge\u00e7er, her canl\u0131 gibi Mia da ya\u015flan\u0131r. Eskisi gibi ko\u015fup oynayamaz, hoplay\u0131p z\u0131playamaz ama gene de mutludur.Ta ki Koca G\u00f6lge, onu kapkaranl\u0131k bir gecede, bilmedi\u011fi sokaklara b\u0131rakana kadar&#8230;14 maddeden olu\u015fan Hayvan Haklar\u0131 Evrensel Beyannamesi\u2019nin 6. maddesine vurgu yapan \u00d6yk\u00fcc\u00fc Mia, insanlar ve hayvanlar\u0131n kimi zaman i\u00e7 burkan, kimi zaman da y\u00fcreklere \u0131l\u0131k meltemler gibi tazelik veren s\u0131cac\u0131k \u00f6yk\u00fcs\u00fcn\u00fc anlat\u0131yor&#8230;<\/p>\n","protected":false},"excerpt":{"rendered":"<p>Kedi Mia Anlat\u0131yor. \u0130nsanlar \u00d6\u011freniyor.\u201cHayvanlar\u0131n da Haklar\u0131 Var!\u201d6. Madde: \u0130nsanlar\u0131n yanlar\u0131na ald\u0131klar\u0131 b\u00fct\u00fcn hayvanlar do\u011fal \u00f6m\u00fcr uzunluklar\u0131na uygun s\u00fcrece ya\u015fama hakk\u0131na sahiptir. Bir hayvan\u0131 terk etmek<span class=\"excerpt-hellip\"> [\u2026]<\/span><\/p>\n","protected":false},"featured_media":0,"template":"","meta":{"_monsterinsights_skip_tracking":false,"_monsterinsights_sitenote_active":false,"_monsterinsights_sitenote_note":"","_monsterinsights_sitenote_category":0},"product_brand":[],"product_cat":[12275,12274],"product_tag":[],"class_list":{"0":"post-705362","1":"product","2":"type-product","3":"status-publish","5":"product_cat-6-12-yas-kitaplari","6":"product_cat-cocuk-ve-genclik-kitaplari","7":"pa_cilt-ciltsiz","8":"pa_tur-kitap","9":"pa_yayinevi-altin-kitaplar-ozel-urun","10":"pa_yazar-husnan-seker","12":"first","13":"instock","14":"sale","15":"shipping-taxable","16":"purchasable","17":"product-type-simple"},"_links":{"self":[{"href":"https:\/\/roveyayinevi.com.tr\/index.php\/wp-json\/wp\/v2\/product\/705362","targetHints":{"allow":["GET"]}}],"collection":[{"href":"https:\/\/roveyayinevi.com.tr\/index.php\/wp-json\/wp\/v2\/product"}],"about":[{"href":"https:\/\/roveyayinevi.com.tr\/index.php\/wp-json\/wp\/v2\/types\/product"}],"wp:attachment":[{"href":"https:\/\/roveyayinevi.com.tr\/index.php\/wp-json\/wp\/v2\/media?parent=705362"}],"wp:term":[{"taxonomy":"product_brand","embeddable":true,"href":"https:\/\/roveyayinevi.com.tr\/index.php\/wp-json\/wp\/v2\/product_brand?post=705362"},{"taxonomy":"product_cat","embeddable":true,"href":"https:\/\/roveyayinevi.com.tr\/index.php\/wp-json\/wp\/v2\/product_cat?post=705362"},{"taxonomy":"product_tag","embeddable":true,"href":"https:\/\/roveyayinevi.com.tr\/index.php\/wp-json\/wp\/v2\/product_tag?post=705362"}],"curies":[{"name":"wp","href":"https:\/\/api.w.org\/{rel}","templated":true}]}}