{"id":705347,"date":"2025-08-27T15:44:51","date_gmt":"2025-08-27T12:44:51","guid":{"rendered":"https:\/\/roveyayinevi.com.tr\/index.php\/urun\/ismi-her-neyse\/"},"modified":"2026-04-16T02:14:05","modified_gmt":"2026-04-15T23:14:05","slug":"ismi-her-neyse","status":"publish","type":"product","link":"https:\/\/roveyayinevi.com.tr\/index.php\/urun\/ismi-her-neyse\/","title":{"rendered":"\u0130smi Her Neyse"},"content":{"rendered":"<p>Bir kitapta ne olsun istersin? A\u015fk, entrika, d\u00fc\u015fmanl\u0131k, vampirler, kurt adamlar, ejderhalar&#8230; Arada sinirinden burnundan alevler \u00e7\u0131karan Zeynep&#8217;i ejderhadan saymazsak kabul ediyoruz, bunlar\u0131n hepsi bu kitapta yok. Ama lise depresyonu, \u00fcniversite s\u0131nav\u0131n\u0131n dayan\u0131lmaz s\u0131k\u0131nt\u0131s\u0131, \u00fcst kattaki kom\u015funun \u0130smi Her Neyse yak\u0131\u015f\u0131kl\u0131 o\u011flu, beceremese de teknolojiyi kullanmakta \u0131srar eden anne babalar, Justin Bieber hayran\u0131 k\u0131zlar, seni bir t\u00fcrl\u00fc anlamayan d\u00fcnya var. Yani sen vars\u0131n, en yak\u0131n arkada\u015f\u0131n var, inanmazs\u0131n seninle s\u00fcrekli dalga ge\u00e7en uyuz \u00e7ocuk bile var. \ufffcTan\u0131t\u0131m Metni<\/p>\n","protected":false},"excerpt":{"rendered":"<p>Bir kitapta ne olsun istersin? A\u015fk, entrika, d\u00fc\u015fmanl\u0131k, vampirler, kurt adamlar, ejderhalar&#8230; Arada sinirinden burnundan alevler \u00e7\u0131karan Zeynep&#8217;i ejderhadan saymazsak kabul ediyoruz, bunlar\u0131n hepsi bu kitapta<span class=\"excerpt-hellip\"> [\u2026]<\/span><\/p>\n","protected":false},"featured_media":0,"template":"","meta":{"_monsterinsights_skip_tracking":false,"_monsterinsights_sitenote_active":false,"_monsterinsights_sitenote_note":"","_monsterinsights_sitenote_category":0},"product_brand":[],"product_cat":[12291,12711],"product_tag":[],"class_list":{"0":"post-705347","1":"product","2":"type-product","3":"status-publish","5":"product_cat-edebiyat","6":"product_cat-roman-oyku","7":"pa_tur-kitap","8":"pa_yayinevi-carpe-diem-kitaplari","9":"pa_yazar-busra-nebati","11":"first","12":"instock","13":"sale","14":"shipping-taxable","15":"purchasable","16":"product-type-simple"},"_links":{"self":[{"href":"https:\/\/roveyayinevi.com.tr\/index.php\/wp-json\/wp\/v2\/product\/705347","targetHints":{"allow":["GET"]}}],"collection":[{"href":"https:\/\/roveyayinevi.com.tr\/index.php\/wp-json\/wp\/v2\/product"}],"about":[{"href":"https:\/\/roveyayinevi.com.tr\/index.php\/wp-json\/wp\/v2\/types\/product"}],"wp:attachment":[{"href":"https:\/\/roveyayinevi.com.tr\/index.php\/wp-json\/wp\/v2\/media?parent=705347"}],"wp:term":[{"taxonomy":"product_brand","embeddable":true,"href":"https:\/\/roveyayinevi.com.tr\/index.php\/wp-json\/wp\/v2\/product_brand?post=705347"},{"taxonomy":"product_cat","embeddable":true,"href":"https:\/\/roveyayinevi.com.tr\/index.php\/wp-json\/wp\/v2\/product_cat?post=705347"},{"taxonomy":"product_tag","embeddable":true,"href":"https:\/\/roveyayinevi.com.tr\/index.php\/wp-json\/wp\/v2\/product_tag?post=705347"}],"curies":[{"name":"wp","href":"https:\/\/api.w.org\/{rel}","templated":true}]}}