{"id":705346,"date":"2025-08-27T15:44:51","date_gmt":"2025-08-27T12:44:51","guid":{"rendered":"https:\/\/roveyayinevi.com.tr\/index.php\/urun\/komik-bir-hikaye\/"},"modified":"2026-04-16T02:14:05","modified_gmt":"2026-04-15T23:14:05","slug":"komik-bir-hikaye","status":"publish","type":"product","link":"https:\/\/roveyayinevi.com.tr\/index.php\/urun\/komik-bir-hikaye\/","title":{"rendered":"Komik Bir Hikaye"},"content":{"rendered":"<p>New York \u015fehri sakinlerinden on be\u015f ya\u015f\u0131ndaki Craig Gilner hayatta ba\u015far\u0131l\u0131 olmaya kararl\u0131d\u0131r. Bunun i\u00e7in de \u00f6nce do\u011fru liseye, sonra do\u011fru \u00fcniversiteye, sonra da do\u011fru i\u015fe girmelidir. Ama olaylar hi\u00e7 de umdu\u011fu gibi geli\u015fmez ve Manhattan\u2019\u0131n en zorlu liselerinden birine kabul edilmesiyle birlikte hayat\u0131 \u00e7ekilmez bir hal al\u0131r. Depresyona giren Craig yemek yiyemez, uyuyamaz ve bir gece kendini \u00f6ld\u00fcrmeye karar verir. \ufffcTan\u0131t\u0131m Metni<\/p>\n","protected":false},"excerpt":{"rendered":"<p>New York \u015fehri sakinlerinden on be\u015f ya\u015f\u0131ndaki Craig Gilner hayatta ba\u015far\u0131l\u0131 olmaya kararl\u0131d\u0131r. Bunun i\u00e7in de \u00f6nce do\u011fru liseye, sonra do\u011fru \u00fcniversiteye, sonra da do\u011fru i\u015fe<span class=\"excerpt-hellip\"> [\u2026]<\/span><\/p>\n","protected":false},"featured_media":0,"template":"","meta":{"_monsterinsights_skip_tracking":false,"_monsterinsights_sitenote_active":false,"_monsterinsights_sitenote_note":"","_monsterinsights_sitenote_category":0},"product_brand":[],"product_cat":[12291,12711],"product_tag":[],"class_list":{"0":"post-705346","1":"product","2":"type-product","3":"status-publish","5":"product_cat-edebiyat","6":"product_cat-roman-oyku","7":"pa_tur-kitap","8":"pa_yayinevi-go-kitap","9":"pa_yazar-ned-vizzini","11":"first","12":"instock","13":"sale","14":"shipping-taxable","15":"purchasable","16":"product-type-simple"},"_links":{"self":[{"href":"https:\/\/roveyayinevi.com.tr\/index.php\/wp-json\/wp\/v2\/product\/705346","targetHints":{"allow":["GET"]}}],"collection":[{"href":"https:\/\/roveyayinevi.com.tr\/index.php\/wp-json\/wp\/v2\/product"}],"about":[{"href":"https:\/\/roveyayinevi.com.tr\/index.php\/wp-json\/wp\/v2\/types\/product"}],"wp:attachment":[{"href":"https:\/\/roveyayinevi.com.tr\/index.php\/wp-json\/wp\/v2\/media?parent=705346"}],"wp:term":[{"taxonomy":"product_brand","embeddable":true,"href":"https:\/\/roveyayinevi.com.tr\/index.php\/wp-json\/wp\/v2\/product_brand?post=705346"},{"taxonomy":"product_cat","embeddable":true,"href":"https:\/\/roveyayinevi.com.tr\/index.php\/wp-json\/wp\/v2\/product_cat?post=705346"},{"taxonomy":"product_tag","embeddable":true,"href":"https:\/\/roveyayinevi.com.tr\/index.php\/wp-json\/wp\/v2\/product_tag?post=705346"}],"curies":[{"name":"wp","href":"https:\/\/api.w.org\/{rel}","templated":true}]}}