{"id":705345,"date":"2025-08-27T15:44:50","date_gmt":"2025-08-27T12:44:50","guid":{"rendered":"https:\/\/roveyayinevi.com.tr\/index.php\/urun\/kaptanin-dizeleri\/"},"modified":"2026-02-03T02:23:53","modified_gmt":"2026-02-02T23:23:53","slug":"kaptanin-dizeleri","status":"publish","type":"product","link":"https:\/\/roveyayinevi.com.tr\/index.php\/urun\/kaptanin-dizeleri\/","title":{"rendered":"Kaptan\u0131n Dizeleri"},"content":{"rendered":"<p>\u201c(\u2026)Geldin ya\u015fam\u0131ma benimb\u00fct\u00fcn getirdiklerinle,bekledim seni,\u0131\u015f\u0131ktan, ekmekten ve g\u00f6lgeden yap\u0131lm\u0131\u015f;b\u00f6yle muhtac\u0131m sana,b\u00f6yle seviyorum seni,ve b\u00fct\u00fcn herkes, yar\u0131n\u0131 duymak isteyen,onlara s\u00f6ylemeyeceklerimi,okusunlar bu dizelerdeve geri \u00e7ekilsinler bug\u00fcn, \u00e7ok erken \u00e7\u00fcnk\u00fcbu tart\u0131\u015fmalar i\u00e7in.Bir yaprak verece\u011fiz yar\u0131n yaln\u0131zca onlaraa\u015fk a\u011fac\u0131m\u0131zdanyery\u00fcz\u00fcne d\u00fc\u015fecek,dudaklar\u0131m\u0131z yapm\u0131\u015f sanki,bir \u00f6p\u00fc\u015f gibiyenilmez doruklar\u0131m\u0131zdan d\u00fc\u015feng\u00f6stermek i\u00e7in ate\u015fini ve sevecenli\u011finiger\u00e7ek bir a\u015fk\u0131n\u2026\u201d <\/p>\n","protected":false},"excerpt":{"rendered":"<p>\u201c(\u2026)Geldin ya\u015fam\u0131ma benimb\u00fct\u00fcn getirdiklerinle,bekledim seni,\u0131\u015f\u0131ktan, ekmekten ve g\u00f6lgeden yap\u0131lm\u0131\u015f;b\u00f6yle muhtac\u0131m sana,b\u00f6yle seviyorum seni,ve b\u00fct\u00fcn herkes, yar\u0131n\u0131 duymak isteyen,onlara s\u00f6ylemeyeceklerimi,okusunlar bu dizelerdeve geri \u00e7ekilsinler bug\u00fcn, \u00e7ok erken<span class=\"excerpt-hellip\"> [\u2026]<\/span><\/p>\n","protected":false},"featured_media":0,"template":"","meta":{"_monsterinsights_skip_tracking":false,"_monsterinsights_sitenote_active":false,"_monsterinsights_sitenote_note":"","_monsterinsights_sitenote_category":0},"product_brand":[],"product_cat":[12291,12509],"product_tag":[],"class_list":{"0":"post-705345","1":"product","2":"type-product","3":"status-publish","5":"product_cat-edebiyat","6":"product_cat-siir","7":"pa_tur-kitap","8":"pa_yayinevi-islik-yayinlari","9":"pa_yazar-pablo-neruda","11":"first","12":"instock","13":"sale","14":"shipping-taxable","15":"purchasable","16":"product-type-simple"},"_links":{"self":[{"href":"https:\/\/roveyayinevi.com.tr\/index.php\/wp-json\/wp\/v2\/product\/705345","targetHints":{"allow":["GET"]}}],"collection":[{"href":"https:\/\/roveyayinevi.com.tr\/index.php\/wp-json\/wp\/v2\/product"}],"about":[{"href":"https:\/\/roveyayinevi.com.tr\/index.php\/wp-json\/wp\/v2\/types\/product"}],"wp:attachment":[{"href":"https:\/\/roveyayinevi.com.tr\/index.php\/wp-json\/wp\/v2\/media?parent=705345"}],"wp:term":[{"taxonomy":"product_brand","embeddable":true,"href":"https:\/\/roveyayinevi.com.tr\/index.php\/wp-json\/wp\/v2\/product_brand?post=705345"},{"taxonomy":"product_cat","embeddable":true,"href":"https:\/\/roveyayinevi.com.tr\/index.php\/wp-json\/wp\/v2\/product_cat?post=705345"},{"taxonomy":"product_tag","embeddable":true,"href":"https:\/\/roveyayinevi.com.tr\/index.php\/wp-json\/wp\/v2\/product_tag?post=705345"}],"curies":[{"name":"wp","href":"https:\/\/api.w.org\/{rel}","templated":true}]}}