{"id":705344,"date":"2025-08-27T15:44:50","date_gmt":"2025-08-27T12:44:50","guid":{"rendered":"https:\/\/roveyayinevi.com.tr\/index.php\/urun\/ortacag-bati-uygarligi\/"},"modified":"2026-04-16T02:14:05","modified_gmt":"2026-04-15T23:14:05","slug":"ortacag-bati-uygarligi","status":"publish","type":"product","link":"https:\/\/roveyayinevi.com.tr\/index.php\/urun\/ortacag-bati-uygarligi\/","title":{"rendered":"Orta\u00e7a\u011f Bat\u0131 Uygarl\u0131\u011f\u0131"},"content":{"rendered":"<p>Yirmiden fazla dile \u00e7evrilen bu kitap, Orta\u00e7a\u011f\u2019\u0131n ruhunu ke\u015ffetmek isteyenler i\u00e7in yol g\u00f6sterici bir rehber niteli\u011finde. Annales Okulu\u2019nun \u00fcnl\u00fc temsilcisi Jacques le Goff, burada derin bir zihniyet okumas\u0131na giri\u015fir. S\u00f6z\u00fc edilen d\u00f6nem, t\u00fcm\u00fcyle bir \u201ckaranl\u0131klar \u00e7a\u011f\u0131\u201d m\u0131d\u0131r? Le Goff, zaman\u0131n ve mekan\u0131n ger\u00e7ek boyutlar\u0131ndan eksiltilemeyece\u011fini tarihyaz\u0131m\u0131ndaki ustal\u0131\u011f\u0131yla kan\u0131tlar. Orta\u00e7a\u011f, ke\u015fi\u015fleri, ruhbanlar\u0131, sava\u015f\u00e7\u0131lar\u0131, k\u00f6yl\u00fcleri, zanaatkarlar\u0131 ile bir yandan ya\u015fam m\u00fccadelesi verirken \u00f6te yanda k\u00f6y, \u015fato ve kentler \u00e7evresinde bir araya gelmeyi ba\u015farm\u0131\u015f, d\u00fcnyev\u00ee ko\u015fullar\u0131n \u00fcretti\u011fi bilince ortak olmu\u015f, makineyi, saati, \u00fcniversiteyi ve uluslar\u0131 ke\u015ffetmi\u015ftir: \u201cSivri tonozdan ticari senetlere ve diyalekti\u011fe kadar bulu\u015flar yap\u0131l\u0131r, teknik alanda ilerlemeler kaydedilir, g\u00fcncel konjonkt\u00fcrde s\u00fcre\u011fen a\u00e7l\u0131k ve hastal\u0131klar\u0131n belirleyicili\u011fi ya da tasarlayabilecekleri t\u00fcm ufuklar\u0131 karartan gelecek endi\u015fesinin a\u011f\u0131rl\u0131\u011f\u0131na kar\u015f\u0131n, 13. y\u00fczy\u0131lda g\u00fczel bir Orta\u00e7a\u011f\u2019dan s\u00f6z etmemizi sa\u011flayan bir dengeye kavu\u015fur&#8230; G\u00fczelli\u011fin anlam\u0131 ortaya \u00e7\u0131kar; sarayl\u0131 a\u015fk\u0131, belirli bir l\u00fcks zevki, bilgilenme iste\u011fi \u00f6ncelikle ilk \u0130talyan R\u00f6nesans\u0131\u2019nda yay\u0131lmaya ba\u015flar, daha sonra asl\u0131nda karanl\u0131k bir \u00e7a\u011f de\u011fil, Roma \u0130mparatorlu\u011fu\u2019nun kal\u0131nt\u0131lar\u0131 \u00fczerinde yeni bir uygarl\u0131\u011f\u0131n do\u011fmas\u0131 i\u00e7in bir olgunla\u015fma zaman\u0131 olarak niteleyebilece\u011fimiz Orta\u00e7a\u011f\u2019\u0131n son y\u00fczy\u0131l\u0131nda b\u00fcy\u00fck ba\u015far\u0131 kazan\u0131r. Bu olgunla\u015fma s\u00fcrecinde y\u00fczy\u0131llar boyu Antik\u00e7a\u011f miras\u0131n\u0131 koruyup geli\u015ftiren Arap uygarl\u0131\u011f\u0131n\u0131n katk\u0131s\u0131 ve \u00f6nce Ha\u00e7l\u0131 Seferleri zaman\u0131nda olu\u015fan kara ve deniz a\u011f\u0131yla geli\u015fen ili\u015fkiler, daha sonra Bizans\u2019\u0131n T\u00fcrklerin b\u00fcy\u00fck bask\u0131s\u0131 kar\u015f\u0131s\u0131nda gerilemesi ve ortadan kalkmas\u0131 sonucu Avrupa\u2019n\u0131n bu zengin mirasa yeniden kavu\u015fmas\u0131 g\u00f6z ard\u0131 edilmemelidir.\u201d <\/p>\n","protected":false},"excerpt":{"rendered":"<p>Yirmiden fazla dile \u00e7evrilen bu kitap, Orta\u00e7a\u011f\u2019\u0131n ruhunu ke\u015ffetmek isteyenler i\u00e7in yol g\u00f6sterici bir rehber niteli\u011finde. Annales Okulu\u2019nun \u00fcnl\u00fc temsilcisi Jacques le Goff, burada derin bir<span class=\"excerpt-hellip\"> [\u2026]<\/span><\/p>\n","protected":false},"featured_media":0,"template":"","meta":{"_monsterinsights_skip_tracking":false,"_monsterinsights_sitenote_active":false,"_monsterinsights_sitenote_note":"","_monsterinsights_sitenote_category":0},"product_brand":[],"product_cat":[12312,12304],"product_tag":[],"class_list":{"0":"post-705344","1":"product","2":"type-product","3":"status-publish","5":"product_cat-diger","6":"product_cat-tarih","7":"pa_cilt-ciltsiz","8":"pa_tur-kitap","9":"pa_yayinevi-dogu-bati-yayinlari","10":"pa_yazar-jacques-le-goff","12":"first","13":"instock","14":"sale","15":"shipping-taxable","16":"purchasable","17":"product-type-simple"},"_links":{"self":[{"href":"https:\/\/roveyayinevi.com.tr\/index.php\/wp-json\/wp\/v2\/product\/705344","targetHints":{"allow":["GET"]}}],"collection":[{"href":"https:\/\/roveyayinevi.com.tr\/index.php\/wp-json\/wp\/v2\/product"}],"about":[{"href":"https:\/\/roveyayinevi.com.tr\/index.php\/wp-json\/wp\/v2\/types\/product"}],"wp:attachment":[{"href":"https:\/\/roveyayinevi.com.tr\/index.php\/wp-json\/wp\/v2\/media?parent=705344"}],"wp:term":[{"taxonomy":"product_brand","embeddable":true,"href":"https:\/\/roveyayinevi.com.tr\/index.php\/wp-json\/wp\/v2\/product_brand?post=705344"},{"taxonomy":"product_cat","embeddable":true,"href":"https:\/\/roveyayinevi.com.tr\/index.php\/wp-json\/wp\/v2\/product_cat?post=705344"},{"taxonomy":"product_tag","embeddable":true,"href":"https:\/\/roveyayinevi.com.tr\/index.php\/wp-json\/wp\/v2\/product_tag?post=705344"}],"curies":[{"name":"wp","href":"https:\/\/api.w.org\/{rel}","templated":true}]}}