{"id":705341,"date":"2025-08-27T15:44:49","date_gmt":"2025-08-27T12:44:49","guid":{"rendered":"https:\/\/roveyayinevi.com.tr\/index.php\/urun\/suriyenin-sevri-amerikan-koridoru\/"},"modified":"2026-04-16T02:14:04","modified_gmt":"2026-04-15T23:14:04","slug":"suriyenin-sevri-amerikan-koridoru","status":"publish","type":"product","link":"https:\/\/roveyayinevi.com.tr\/index.php\/urun\/suriyenin-sevri-amerikan-koridoru\/","title":{"rendered":"Suriye\u2019nin Sevr&#8217;i Amerikan Koridoru"},"content":{"rendered":"<p>100 y\u0131l \u00f6nce ad\u0131 \u201cSevr\u201ddi, 100 y\u0131l sonra \u201cBOP\u201d oldu, B\u00fcy\u00fck Ortado\u011fu Projesi. Geni\u015fletildi, \u201cGeni\u015f Ortado\u011fu Projesi\u201d oldu. Hedefe yeni yerler eklendi, \u201cGeni\u015f Ortado\u011fu ve Kuzey Afrika Projesi\u201d oldu. Ad\u0131 de\u011fi\u015fti, ancak \u00f6z\u00fc hep ayn\u0131 kald\u0131: B\u00f6lgeyi par\u00e7alamak, yeni devlet\u00e7ikler kurmak. Neden? S\u00f6m\u00fcrebilmek i\u00e7in! \u0130ngiliz ve Frans\u0131z emperyalizmi 100 y\u0131l \u00f6nce bu topraklara Sevr i\u00e7in sald\u0131rd\u0131. ABD iki kez Irak&#8217;a Sevr i\u00e7in sald\u0131rd\u0131. Ve ABD Suriye&#8217;ye yine Sevr i\u00e7in sald\u0131rd\u0131. ABD&#8217;nin Sevr&#8217;i, Basra&#8217;dan Do\u011fu Akdeniz&#8217;e uzanan bir koridordu. Bu koridorun ge\u00e7ece\u011fi Irak, Suriye, T\u00fcrkiye ve \u0130ran&#8217;\u0131n ad\u0131m ad\u0131m b\u00f6l\u00fcnmesi gerekiyordu. \u0130lk ad\u0131m\u0131 Irak&#8217;ta att\u0131lar ve \u201cBarzanistan\u201d ad\u0131 alt\u0131nda Irak koridorunu kurdular, \u015fimdi Suriye&#8217;de ikinci bir koridor in\u015fa etmeye \u00e7al\u0131\u015f\u0131yorlar. D\u00fcn Irak&#8217;ta \u00d6zal&#8217;\u0131 kulland\u0131lar, bug\u00fcn Suriye&#8217;de Erdo\u011fan&#8217;\u0131 kullan\u0131yorlar. Fakat \u015fartlar art\u0131k de\u011fi\u015fti. ABD daha zay\u0131f, Atlantik Cephesi yekpare de\u011fil ve b\u00f6lge \u00fclkelerinin arkas\u0131nda bu kez somut olarak Rusya ve \u00c7in var. \u00dcstelik \u0130ran, Irak ve Suriye bir blok olarak hareket ediyor. Bu tablo, Amerikan Koridoru in\u015fa etmek i\u00e7in Suriye&#8217;ye Sevr dayatanlara Lozan yan\u0131t\u0131 \u00fcretmeye \u00e7al\u0131\u015fmaktad\u0131r. <\/p>\n","protected":false},"excerpt":{"rendered":"<p>100 y\u0131l \u00f6nce ad\u0131 \u201cSevr\u201ddi, 100 y\u0131l sonra \u201cBOP\u201d oldu, B\u00fcy\u00fck Ortado\u011fu Projesi. Geni\u015fletildi, \u201cGeni\u015f Ortado\u011fu Projesi\u201d oldu. Hedefe yeni yerler eklendi, \u201cGeni\u015f Ortado\u011fu ve Kuzey<span class=\"excerpt-hellip\"> [\u2026]<\/span><\/p>\n","protected":false},"featured_media":0,"template":"","meta":{"_monsterinsights_skip_tracking":false,"_monsterinsights_sitenote_active":false,"_monsterinsights_sitenote_note":"","_monsterinsights_sitenote_category":0},"product_brand":[],"product_cat":[12338,12337],"product_tag":[],"class_list":{"0":"post-705341","1":"product","2":"type-product","3":"status-publish","5":"product_cat-dunya-siyaseti-ve-politikasi","6":"product_cat-politika-siyaset","7":"pa_tur-kitap","8":"pa_yayinevi-kaynak-yayinlari","9":"pa_yazar-mehmet-ali-guller","11":"first","12":"instock","13":"sale","14":"shipping-taxable","15":"purchasable","16":"product-type-simple"},"_links":{"self":[{"href":"https:\/\/roveyayinevi.com.tr\/index.php\/wp-json\/wp\/v2\/product\/705341","targetHints":{"allow":["GET"]}}],"collection":[{"href":"https:\/\/roveyayinevi.com.tr\/index.php\/wp-json\/wp\/v2\/product"}],"about":[{"href":"https:\/\/roveyayinevi.com.tr\/index.php\/wp-json\/wp\/v2\/types\/product"}],"wp:attachment":[{"href":"https:\/\/roveyayinevi.com.tr\/index.php\/wp-json\/wp\/v2\/media?parent=705341"}],"wp:term":[{"taxonomy":"product_brand","embeddable":true,"href":"https:\/\/roveyayinevi.com.tr\/index.php\/wp-json\/wp\/v2\/product_brand?post=705341"},{"taxonomy":"product_cat","embeddable":true,"href":"https:\/\/roveyayinevi.com.tr\/index.php\/wp-json\/wp\/v2\/product_cat?post=705341"},{"taxonomy":"product_tag","embeddable":true,"href":"https:\/\/roveyayinevi.com.tr\/index.php\/wp-json\/wp\/v2\/product_tag?post=705341"}],"curies":[{"name":"wp","href":"https:\/\/api.w.org\/{rel}","templated":true}]}}