{"id":705339,"date":"2025-08-27T15:44:48","date_gmt":"2025-08-27T12:44:48","guid":{"rendered":"https:\/\/roveyayinevi.com.tr\/index.php\/urun\/karaca-ve-sihirli-orman\/"},"modified":"2026-04-16T02:14:04","modified_gmt":"2026-04-15T23:14:04","slug":"karaca-ve-sihirli-orman","status":"publish","type":"product","link":"https:\/\/roveyayinevi.com.tr\/index.php\/urun\/karaca-ve-sihirli-orman\/","title":{"rendered":"Karaca ve Sihirli Orman"},"content":{"rendered":"<p>Karaca, Karadeniz\u2019in k\u00fc\u00e7\u00fck ve \u015firin bir kasabas\u0131nda ya\u015f\u0131yor. Ailesi, arkada\u015flar\u0131, sevimli hayvan dostlar\u0131, okulu ve t\u00fcm sevdikleri burada. \u00dcstelik konu\u015fan a\u011fa\u00e7larla dolu sihirli orman\u0131 da\u2026<\/p>\n","protected":false},"excerpt":{"rendered":"<p>Karaca, Karadeniz\u2019in k\u00fc\u00e7\u00fck ve \u015firin bir kasabas\u0131nda ya\u015f\u0131yor. Ailesi, arkada\u015flar\u0131, sevimli hayvan dostlar\u0131, okulu ve t\u00fcm sevdikleri burada. \u00dcstelik konu\u015fan a\u011fa\u00e7larla dolu sihirli orman\u0131 da\u2026<\/p>\n","protected":false},"featured_media":0,"template":"","meta":{"_monsterinsights_skip_tracking":false,"_monsterinsights_sitenote_active":false,"_monsterinsights_sitenote_note":"","_monsterinsights_sitenote_category":0},"product_brand":[],"product_cat":[12275,12274],"product_tag":[],"class_list":{"0":"post-705339","1":"product","2":"type-product","3":"status-publish","5":"product_cat-6-12-yas-kitaplari","6":"product_cat-cocuk-ve-genclik-kitaplari","7":"pa_cilt-ciltsiz","8":"pa_tur-kitap","9":"pa_yayinevi-dogan-egmont-yayincilik","10":"pa_yazar-omur-kurt","12":"first","13":"instock","14":"sale","15":"shipping-taxable","16":"purchasable","17":"product-type-simple"},"_links":{"self":[{"href":"https:\/\/roveyayinevi.com.tr\/index.php\/wp-json\/wp\/v2\/product\/705339","targetHints":{"allow":["GET"]}}],"collection":[{"href":"https:\/\/roveyayinevi.com.tr\/index.php\/wp-json\/wp\/v2\/product"}],"about":[{"href":"https:\/\/roveyayinevi.com.tr\/index.php\/wp-json\/wp\/v2\/types\/product"}],"wp:attachment":[{"href":"https:\/\/roveyayinevi.com.tr\/index.php\/wp-json\/wp\/v2\/media?parent=705339"}],"wp:term":[{"taxonomy":"product_brand","embeddable":true,"href":"https:\/\/roveyayinevi.com.tr\/index.php\/wp-json\/wp\/v2\/product_brand?post=705339"},{"taxonomy":"product_cat","embeddable":true,"href":"https:\/\/roveyayinevi.com.tr\/index.php\/wp-json\/wp\/v2\/product_cat?post=705339"},{"taxonomy":"product_tag","embeddable":true,"href":"https:\/\/roveyayinevi.com.tr\/index.php\/wp-json\/wp\/v2\/product_tag?post=705339"}],"curies":[{"name":"wp","href":"https:\/\/api.w.org\/{rel}","templated":true}]}}