{"id":705338,"date":"2025-08-27T15:44:47","date_gmt":"2025-08-27T12:44:47","guid":{"rendered":"https:\/\/roveyayinevi.com.tr\/index.php\/urun\/sosyal-hizmet-kuram-ve-yontemleri\/"},"modified":"2026-04-16T02:14:04","modified_gmt":"2026-04-15T23:14:04","slug":"sosyal-hizmet-kuram-ve-yontemleri","status":"publish","type":"product","link":"https:\/\/roveyayinevi.com.tr\/index.php\/urun\/sosyal-hizmet-kuram-ve-yontemleri\/","title":{"rendered":"Sosyal Hizmet Kuram ve Y\u00f6ntemleri"},"content":{"rendered":"<p>Kuram, sosyal hizmet uzmanlar\u0131n\u0131n\/sosyal \u00e7al\u0131\u015fmac\u0131lar\u0131n bireyler, gruplar, topluluklar ve topluma yakla\u015f\u0131m\u0131na y\u00f6n veren pratiklerin esasl\u0131 bir bile\u015fenidir. Kuram, durumlar ve davran\u0131\u015flar\u0131 tahmin etme, a\u00e7\u0131klama ve de\u011ferlendirme yapmaya yard\u0131mc\u0131 olur. Sosyal \u00e7al\u0131\u015fmac\u0131lar\u0131n, belirli bir ge\u00e7mi\u015fi, sorunlar\u0131 ve hedefleri olan m\u00fcracaat\u00e7\u0131lara nas\u0131l bir tepki verece\u011fi ve nas\u0131l m\u00fcdahale etmesi gerekti\u011fine mant\u0131ksal bir zemin haz\u0131rlar. Y\u00f6ntemler ise sosyal \u00e7al\u0131\u015fmac\u0131lar\u0131n m\u00fcracaat\u00e7\u0131larla \u00e7al\u0131\u015f\u0131rken, belli g\u00f6revleri yerine getirmek ve belli hedeflere ula\u015fmak i\u00e7in kulland\u0131klar\u0131 belirli teknikler ve yakla\u015f\u0131mlard\u0131r. Kuramlar, sosyal \u00e7al\u0131\u015fmac\u0131lar\u0131 m\u00fcracaat\u00e7\u0131yla \u00e7al\u0131\u015f\u0131rken en uygun y\u00f6ntemi se\u00e7me konusunda bilgilendirir. Sosyal \u00e7al\u0131\u015fmac\u0131lar m\u00fcracaat\u00e7\u0131lara psikoloji, sosyoloji ve sosyal \u00e7al\u0131\u015fma kuramlar\u0131na dayanarak yakla\u015fmak, onlar\u0131 bu kuramlarla de\u011ferlendirmek ve m\u00fcdahale sa\u011flamakla g\u00f6revlidirler.Bu kitab\u0131n amac\u0131, okuyucuya sosyal hizmet\/\u00e7al\u0131\u015fma kuramlar\u0131 ve y\u00f6ntemlerinde kullan\u0131lan temel, somut ve yayg\u0131n kavray\u0131\u015flar\u0131 sa\u011flamakt\u0131r. Kitaptaki b\u00f6l\u00fcmlerin her birinde kuram veya y\u00f6ntemin daha derinlikli ke\u015ffi i\u00e7in tan\u0131m\u0131, tarih\u00e7esi, temel \u00f6nc\u00fclleri ya da \u00f6zellikleri, bunlar\u0131n ilgili ara\u00e7 veya tekniklerle ili\u015fkisi tart\u0131\u015f\u0131lmaktad\u0131r. Ayr\u0131ca kuram ve y\u00f6nteme dair temel etik ve k\u00fclt\u00fcrel konular de\u011ferlendirilmektedir. <\/p>\n","protected":false},"excerpt":{"rendered":"<p>Kuram, sosyal hizmet uzmanlar\u0131n\u0131n\/sosyal \u00e7al\u0131\u015fmac\u0131lar\u0131n bireyler, gruplar, topluluklar ve topluma yakla\u015f\u0131m\u0131na y\u00f6n veren pratiklerin esasl\u0131 bir bile\u015fenidir. Kuram, durumlar ve davran\u0131\u015flar\u0131 tahmin etme, a\u00e7\u0131klama ve de\u011ferlendirme<span class=\"excerpt-hellip\"> [\u2026]<\/span><\/p>\n","protected":false},"featured_media":0,"template":"","meta":{"_monsterinsights_skip_tracking":false,"_monsterinsights_sitenote_active":false,"_monsterinsights_sitenote_note":"","_monsterinsights_sitenote_category":0},"product_brand":[],"product_cat":[12835,12324],"product_tag":[],"class_list":{"0":"post-705338","1":"product","2":"type-product","3":"status-publish","5":"product_cat-genel-sosyoloji","6":"product_cat-sosyoloji","7":"pa_cilt-ciltsiz","8":"pa_tur-kitap","9":"pa_yayinevi-nika-yayinevi","10":"pa_yazar-barbra-teater","12":"first","13":"instock","14":"sale","15":"shipping-taxable","16":"purchasable","17":"product-type-simple"},"_links":{"self":[{"href":"https:\/\/roveyayinevi.com.tr\/index.php\/wp-json\/wp\/v2\/product\/705338","targetHints":{"allow":["GET"]}}],"collection":[{"href":"https:\/\/roveyayinevi.com.tr\/index.php\/wp-json\/wp\/v2\/product"}],"about":[{"href":"https:\/\/roveyayinevi.com.tr\/index.php\/wp-json\/wp\/v2\/types\/product"}],"wp:attachment":[{"href":"https:\/\/roveyayinevi.com.tr\/index.php\/wp-json\/wp\/v2\/media?parent=705338"}],"wp:term":[{"taxonomy":"product_brand","embeddable":true,"href":"https:\/\/roveyayinevi.com.tr\/index.php\/wp-json\/wp\/v2\/product_brand?post=705338"},{"taxonomy":"product_cat","embeddable":true,"href":"https:\/\/roveyayinevi.com.tr\/index.php\/wp-json\/wp\/v2\/product_cat?post=705338"},{"taxonomy":"product_tag","embeddable":true,"href":"https:\/\/roveyayinevi.com.tr\/index.php\/wp-json\/wp\/v2\/product_tag?post=705338"}],"curies":[{"name":"wp","href":"https:\/\/api.w.org\/{rel}","templated":true}]}}