{"id":705336,"date":"2025-08-27T15:44:46","date_gmt":"2025-08-27T12:44:46","guid":{"rendered":"https:\/\/roveyayinevi.com.tr\/index.php\/urun\/ikna-2\/"},"modified":"2026-04-16T02:14:04","modified_gmt":"2026-04-15T23:14:04","slug":"ikna-2","status":"publish","type":"product","link":"https:\/\/roveyayinevi.com.tr\/index.php\/urun\/ikna-2\/","title":{"rendered":"\u0130kna"},"content":{"rendered":"<p>\u0130kna, Jane Austen\u2019in son tamamlad\u0131\u011f\u0131 yap\u0131t\u0131d\u0131r. Yazar\u0131n en unutulmaz kahraman\u0131 ile bu kitapta tan\u0131\u015f\u0131r\u0131z. Anne Ellit, kesinlikle s\u0131radan bir ki\u015filik de\u011fildir; son derece iyi yeti\u015fmi\u015f, duygusal derinli\u011fe ve sa\u011flam bir ahlak anlay\u0131\u015f\u0131na sahip gen\u00e7 bir kad\u0131nd\u0131r. Anne ilk kez komik bir baba ve buyurgan bir k\u0131z karde\u015f ile birlikte, K\u00fclkedisi benzeri bir ya\u015fam s\u00fcrmekteyken tan\u0131\u015f\u0131r\u0131z. \ufffcTan\u0131t\u0131m Metni<\/p>\n","protected":false},"excerpt":{"rendered":"<p>\u0130kna, Jane Austen\u2019in son tamamlad\u0131\u011f\u0131 yap\u0131t\u0131d\u0131r. Yazar\u0131n en unutulmaz kahraman\u0131 ile bu kitapta tan\u0131\u015f\u0131r\u0131z. Anne Ellit, kesinlikle s\u0131radan bir ki\u015filik de\u011fildir; son derece iyi yeti\u015fmi\u015f, duygusal<span class=\"excerpt-hellip\"> [\u2026]<\/span><\/p>\n","protected":false},"featured_media":0,"template":"","meta":{"_monsterinsights_skip_tracking":false,"_monsterinsights_sitenote_active":false,"_monsterinsights_sitenote_note":"","_monsterinsights_sitenote_category":0},"product_brand":[],"product_cat":[12291,12866],"product_tag":[],"class_list":{"0":"post-705336","1":"product","2":"type-product","3":"status-publish","5":"product_cat-edebiyat","6":"product_cat-ingiliz-edebiyati","7":"pa_cilt-ciltsiz","8":"pa_tur-kitap","9":"pa_yayinevi-oda-yayinlari","10":"pa_yazar-jane-austen","12":"first","13":"instock","14":"sale","15":"shipping-taxable","16":"purchasable","17":"product-type-simple"},"_links":{"self":[{"href":"https:\/\/roveyayinevi.com.tr\/index.php\/wp-json\/wp\/v2\/product\/705336","targetHints":{"allow":["GET"]}}],"collection":[{"href":"https:\/\/roveyayinevi.com.tr\/index.php\/wp-json\/wp\/v2\/product"}],"about":[{"href":"https:\/\/roveyayinevi.com.tr\/index.php\/wp-json\/wp\/v2\/types\/product"}],"wp:attachment":[{"href":"https:\/\/roveyayinevi.com.tr\/index.php\/wp-json\/wp\/v2\/media?parent=705336"}],"wp:term":[{"taxonomy":"product_brand","embeddable":true,"href":"https:\/\/roveyayinevi.com.tr\/index.php\/wp-json\/wp\/v2\/product_brand?post=705336"},{"taxonomy":"product_cat","embeddable":true,"href":"https:\/\/roveyayinevi.com.tr\/index.php\/wp-json\/wp\/v2\/product_cat?post=705336"},{"taxonomy":"product_tag","embeddable":true,"href":"https:\/\/roveyayinevi.com.tr\/index.php\/wp-json\/wp\/v2\/product_tag?post=705336"}],"curies":[{"name":"wp","href":"https:\/\/api.w.org\/{rel}","templated":true}]}}