{"id":705331,"date":"2025-08-27T15:44:45","date_gmt":"2025-08-27T12:44:45","guid":{"rendered":"https:\/\/roveyayinevi.com.tr\/index.php\/urun\/iki-sehrin-hikayesi-4\/"},"modified":"2026-04-16T02:14:04","modified_gmt":"2026-04-15T23:14:04","slug":"iki-sehrin-hikayesi-4","status":"publish","type":"product","link":"https:\/\/roveyayinevi.com.tr\/index.php\/urun\/iki-sehrin-hikayesi-4\/","title":{"rendered":"\u0130ki \u015eehrin Hikayesi"},"content":{"rendered":"<p>Dickens, ya\u015fam\u0131 \u00e7izip ara\u015ft\u0131r\u0131rken ve kapitalizmin nesnel \u00e7eli\u015fkilerini g\u00f6z\u00f6n\u00fcne sererken, burjuva toplumuna kar\u015f\u0131 ka\u00e7\u0131n\u0131lmaz bir bi\u00e7imde ele\u015ftirel bir tav\u0131r alm\u0131\u015f olan 19. y\u00fczy\u0131l ger\u00e7ek\u00e7i yazarlar\u0131n\u0131n ba\u015fta gelenlerindendir. Toplumu \u00e7at\u0131\u015fan insan \u00e7\u0131karlar\u0131n\u0131n arenas\u0131 sayan Dickens meseleyi oldu\u011fu yerde b\u0131rakmam\u0131\u015f, toplumsal m\u00fccadele kavram\u0131na kendi ger\u00e7ek s\u0131n\u0131fsal i\u00e7eri\u011fini de katarak kapitalist toplumsal ili\u015fkilerin t\u00fcm\u00fcn\u00fcn ele\u015ftirisine y\u00f6nelmi\u015ftir. \u0130ngiltere\u2019de olgunluk d\u00f6nemini ya\u015fayan burjuva demokrasisi ile kapitalist geli\u015fmenin i\u00e7erdi\u011fi olumsuz yanlar\u0131n bilincine vard\u0131k\u00e7a, Dickens\u2019in ba\u015flang\u0131\u00e7taki iyimserli\u011fi kararmaya ba\u015flam\u0131\u015f; alay\u0131n yerini ise \u00f6fkeli bir yergi alm\u0131\u015ft\u0131r. \u0130ki \u015eehrin Hikayesi , s\u00fcr\u00fckleyici gerilimi ve g\u00fc\u00e7l\u00fc lirizmiyle, okunmas\u0131 gereken Dickens romanlar\u0131n\u0131n en \u00f6nemlilerinden biridir. \ufffcTan\u0131t\u0131m Metni<\/p>\n","protected":false},"excerpt":{"rendered":"<p>Dickens, ya\u015fam\u0131 \u00e7izip ara\u015ft\u0131r\u0131rken ve kapitalizmin nesnel \u00e7eli\u015fkilerini g\u00f6z\u00f6n\u00fcne sererken, burjuva toplumuna kar\u015f\u0131 ka\u00e7\u0131n\u0131lmaz bir bi\u00e7imde ele\u015ftirel bir tav\u0131r alm\u0131\u015f olan 19. y\u00fczy\u0131l ger\u00e7ek\u00e7i yazarlar\u0131n\u0131n ba\u015fta<span class=\"excerpt-hellip\"> [\u2026]<\/span><\/p>\n","protected":false},"featured_media":0,"template":"","meta":{"_monsterinsights_skip_tracking":false,"_monsterinsights_sitenote_active":false,"_monsterinsights_sitenote_note":"","_monsterinsights_sitenote_category":0},"product_brand":[],"product_cat":[12291,12866],"product_tag":[],"class_list":{"0":"post-705331","1":"product","2":"type-product","3":"status-publish","5":"product_cat-edebiyat","6":"product_cat-ingiliz-edebiyati","7":"pa_cilt-ciltsiz","8":"pa_tur-kitap","9":"pa_yayinevi-oda-yayinlari","10":"pa_yazar-charles-dickens","12":"first","13":"instock","14":"sale","15":"shipping-taxable","16":"purchasable","17":"product-type-simple"},"_links":{"self":[{"href":"https:\/\/roveyayinevi.com.tr\/index.php\/wp-json\/wp\/v2\/product\/705331","targetHints":{"allow":["GET"]}}],"collection":[{"href":"https:\/\/roveyayinevi.com.tr\/index.php\/wp-json\/wp\/v2\/product"}],"about":[{"href":"https:\/\/roveyayinevi.com.tr\/index.php\/wp-json\/wp\/v2\/types\/product"}],"wp:attachment":[{"href":"https:\/\/roveyayinevi.com.tr\/index.php\/wp-json\/wp\/v2\/media?parent=705331"}],"wp:term":[{"taxonomy":"product_brand","embeddable":true,"href":"https:\/\/roveyayinevi.com.tr\/index.php\/wp-json\/wp\/v2\/product_brand?post=705331"},{"taxonomy":"product_cat","embeddable":true,"href":"https:\/\/roveyayinevi.com.tr\/index.php\/wp-json\/wp\/v2\/product_cat?post=705331"},{"taxonomy":"product_tag","embeddable":true,"href":"https:\/\/roveyayinevi.com.tr\/index.php\/wp-json\/wp\/v2\/product_tag?post=705331"}],"curies":[{"name":"wp","href":"https:\/\/api.w.org\/{rel}","templated":true}]}}