{"id":705330,"date":"2025-08-27T15:44:44","date_gmt":"2025-08-27T12:44:44","guid":{"rendered":"https:\/\/roveyayinevi.com.tr\/index.php\/urun\/ilahi-komedya\/"},"modified":"2026-04-16T02:14:04","modified_gmt":"2026-04-15T23:14:04","slug":"ilahi-komedya","status":"publish","type":"product","link":"https:\/\/roveyayinevi.com.tr\/index.php\/urun\/ilahi-komedya\/","title":{"rendered":"\u0130lahi Komedya"},"content":{"rendered":"<p>\u00d6fke, s\u00fcrg\u00fcn ve dehayla ge\u00e7en bir hayat ya\u015fam\u0131\u015f olan Dante\u2019nin yap\u0131tlar\u0131 \u0130talyan edebiyat\u0131n\u0131n kayna\u011f\u0131n\u0131 olu\u015fturur. Dante\u2019nin kendi adland\u0131rmas\u0131yla &#8220;Kutsal Bir Manzum&#8221; olan &#8220;\u0130lahi Komedya&#8221;, tarihsel \u00e7eli\u015fkilerinin arkas\u0131ndaki gizli d\u00fczenin ara\u015ft\u0131r\u0131lmas\u0131 ard\u0131nda ko\u015far. Cehennem, Araf ve Cennet olarak \u00fc\u00e7 b\u00f6l\u00fcme ay\u0131rd\u0131\u011f\u0131 bu yap\u0131t\u0131nda Dante, \u00f6b\u00fcr d\u00fcnyaya yapt\u0131\u011f\u0131 yolculu\u011funda sadece Tanr\u0131\u2019n\u0131n \u0131\u015f\u0131\u011f\u0131yla ayd\u0131nlanm\u0131\u015f; bir d\u00fcnya g\u00f6r\u00fc\u015f\u00fcn\u00fcn bilan\u00e7osunu \u00e7\u0131kar\u0131r. \u0130nsanlar\u0131n hatalar\u0131n\u0131n ve tarihsel \u00e7eli\u015fkilerinin arka plan\u0131nda kendisini hissettiren Orta\u00e7a\u011f\u2019a has retori\u011fi tamamlar ve bununla beraber, onu da alegorik bir dizgeyle var\u0131labilecek nihai ger\u00e7e\u011fi arar. &#8220;\u0130lahi Komedya&#8221;, yazar\u0131n\u0131 yaln\u0131zca \u0130talya\u2019da \u00fcnlendirmekle kalmam\u0131\u015f, b\u00fct\u00fcn d\u00fcnyaya tan\u0131tm\u0131\u015f ve \u00e7evirildi\u011fi t\u00fcm dillerde uluslararas\u0131 bir \u00f6nem kazanm\u0131\u015ft\u0131r. Klasik yap\u0131tlar\u0131n en y\u00fckse\u011fi ve en de\u011ferlisi olan &#8220;\u0130lahi Komedya&#8221; sizi m\u00fcthi\u015f bir yolculu\u011fa \u00e7\u0131karacak.<\/p>\n","protected":false},"excerpt":{"rendered":"<p>\u00d6fke, s\u00fcrg\u00fcn ve dehayla ge\u00e7en bir hayat ya\u015fam\u0131\u015f olan Dante\u2019nin yap\u0131tlar\u0131 \u0130talyan edebiyat\u0131n\u0131n kayna\u011f\u0131n\u0131 olu\u015fturur. Dante\u2019nin kendi adland\u0131rmas\u0131yla &#8220;Kutsal Bir Manzum&#8221; olan &#8220;\u0130lahi Komedya&#8221;, tarihsel \u00e7eli\u015fkilerinin<span class=\"excerpt-hellip\"> [\u2026]<\/span><\/p>\n","protected":false},"featured_media":0,"template":"","meta":{"_monsterinsights_skip_tracking":false,"_monsterinsights_sitenote_active":false,"_monsterinsights_sitenote_note":"","_monsterinsights_sitenote_category":0},"product_brand":[],"product_cat":[12291,14218],"product_tag":[],"class_list":{"0":"post-705330","1":"product","2":"type-product","3":"status-publish","5":"product_cat-edebiyat","6":"product_cat-italyan-edebiyati","7":"pa_cilt-ciltsiz","8":"pa_tur-kitap","9":"pa_yayinevi-oda-yayinlari","10":"pa_yazar-dante-alighieri","12":"first","13":"instock","14":"sale","15":"shipping-taxable","16":"purchasable","17":"product-type-simple"},"_links":{"self":[{"href":"https:\/\/roveyayinevi.com.tr\/index.php\/wp-json\/wp\/v2\/product\/705330","targetHints":{"allow":["GET"]}}],"collection":[{"href":"https:\/\/roveyayinevi.com.tr\/index.php\/wp-json\/wp\/v2\/product"}],"about":[{"href":"https:\/\/roveyayinevi.com.tr\/index.php\/wp-json\/wp\/v2\/types\/product"}],"wp:attachment":[{"href":"https:\/\/roveyayinevi.com.tr\/index.php\/wp-json\/wp\/v2\/media?parent=705330"}],"wp:term":[{"taxonomy":"product_brand","embeddable":true,"href":"https:\/\/roveyayinevi.com.tr\/index.php\/wp-json\/wp\/v2\/product_brand?post=705330"},{"taxonomy":"product_cat","embeddable":true,"href":"https:\/\/roveyayinevi.com.tr\/index.php\/wp-json\/wp\/v2\/product_cat?post=705330"},{"taxonomy":"product_tag","embeddable":true,"href":"https:\/\/roveyayinevi.com.tr\/index.php\/wp-json\/wp\/v2\/product_tag?post=705330"}],"curies":[{"name":"wp","href":"https:\/\/api.w.org\/{rel}","templated":true}]}}