{"id":705326,"date":"2025-08-27T15:44:42","date_gmt":"2025-08-27T12:44:42","guid":{"rendered":"https:\/\/roveyayinevi.com.tr\/index.php\/urun\/karsilastirmali-edebiyat-bilimi\/"},"modified":"2026-04-16T02:14:04","modified_gmt":"2026-04-15T23:14:04","slug":"karsilastirmali-edebiyat-bilimi","status":"publish","type":"product","link":"https:\/\/roveyayinevi.com.tr\/index.php\/urun\/karsilastirmali-edebiyat-bilimi\/","title":{"rendered":"Kar\u015f\u0131la\u015ft\u0131rmal\u0131 Edebiyat Bilimi"},"content":{"rendered":"<p>Kar\u015f\u0131la\u015ft\u0131rmal\u0131 edebiyat ara\u015ft\u0131rmalar\u0131n\u0131n \u00e7\u0131k\u0131\u015f noktas\u0131, ba\u015fta klasik eserler olmak \u00fczere insanl\u0131\u011f\u0131n ortak k\u00fclt\u00fcr hazinelerini te\u015fkil eden edeb\u00ee eserlerdeki m\u00fc\u015fterek noktalan tespit etmek, d\u00f6nemlere ve edeb\u00ee t\u00fcrlere g\u00f6re kar\u015f\u0131la\u015ft\u0131rarak \u00f6zellikle ulusal edebiyatlar\u0131n g\u00fc\u00e7lenmesini ve geli\u015fmesini sa\u011flayacak \u015fekilde ba\u015fka \u00fclkelere, dillere ait edebiyatlardan istifade etmektir.Mitolojiler, efsaneler, masallar, atas\u00f6zleri ile de\u011fi\u015fik edeb\u00ee formlarda ele alman ve i\u015flenen hik\u00e2yeler ve anlat\u0131lardaki ortak temalar\u0131, arketipsel \u00f6\u011feleri, \u00f6rt\u00fc- \u015fen ve ayr\u0131\u015fan y\u00f6nleri bilimsel y\u00f6ntemlerle ara\u015ft\u0131rmak ve ki\u015fisel ve toplumsal imgelerin, tasavvurlar\u0131n, hayal g\u00fcc\u00fcn\u00fcn i\u015fleyi\u015f bi\u00e7imini tebar\u00fcz etmek suretiyle k\u00fclt\u00fcrler-aras\u0131 ve metinler-aras\u0131 ge\u00e7i\u015flerin, etkile\u015fimlerin izleri takip edilebilir. B\u00f6ylece, tarih boyunca meydana gelen de\u011fi\u015fimler -insan akl\u0131, duygular\u0131- zamana, mek\u00e2na ve sosyok\u00fclt\u00fcrel ko\u015fullara g\u00f6re farkl\u0131l\u0131klar g\u00f6sterse de genel m\u00e2n\u00e2da bir b\u00fct\u00fcnl\u00fck arz ederler; dolay\u0131s\u0131yla edebiyat da bir b\u00fct\u00fcnd\u00fcr.Benzer konular\u0131n farkl\u0131 edeb\u00ee k\u00fclt\u00fcrlerde ele alm\u0131\u015f bi\u00e7imlerini ara\u015ft\u0131rmak, mesel\u00e2 G\u00fcrsel Ayta\u00e7&#8217;\u0131n burada \u00fczerinde durdu\u011fu, O\u011fuz Atay&#8217;\u0131n Bir Bilim Adam\u0131n\u0131n Roman\u0131 ile Stefan Zweig&#8217;\u0131n D\u00fcnya Fikir Mimarlar\u0131\u2019n\u0131 kar\u015f\u0131la\u015ft\u0131rmak; gene \u00e7evirilerin, esinlenmelerin, model almalar\u0131n o edebiyat\u0131n diline, anlat\u0131m tekniklerine, estetik be\u011feni d\u00fczeyine vb. etkilerini incelemek, Almancada Haf\u0131z, Japoncada Shakespeare, T\u00fcrk\u00e7ede Proust gibi&#8230; ya da bu kitapta, Thomas Mann&#8217;\u0131n Buddenbrook Ailesi ile Orhan Pamuk&#8217;un Cevdet Bey ve O\u011fullar\u0131 adl\u0131 romanlar\u0131 aras\u0131ndaki ilgilerin ve ba\u011flamlar\u0131n ortaya konulmas\u0131 gibi \u00e7al\u0131\u015fmalar arac\u0131l\u0131\u011f\u0131yla, \u00e7ok y\u00f6nl\u00fc bir bilgi birikimine gerek duyulan bu alanda, d\u00fcnyay\u0131 alg\u0131lama ve bilme tarzlar\u0131n\u0131n \u00f6n\u00fcnde yepyeni imk\u00e2nlar\u0131n \u00f6n\u00fc a\u00e7\u0131labilir.<\/p>\n","protected":false},"excerpt":{"rendered":"<p>Kar\u015f\u0131la\u015ft\u0131rmal\u0131 edebiyat ara\u015ft\u0131rmalar\u0131n\u0131n \u00e7\u0131k\u0131\u015f noktas\u0131, ba\u015fta klasik eserler olmak \u00fczere insanl\u0131\u011f\u0131n ortak k\u00fclt\u00fcr hazinelerini te\u015fkil eden edeb\u00ee eserlerdeki m\u00fc\u015fterek noktalan tespit etmek, d\u00f6nemlere ve edeb\u00ee t\u00fcrlere<span class=\"excerpt-hellip\"> [\u2026]<\/span><\/p>\n","protected":false},"featured_media":0,"template":"","meta":{"_monsterinsights_skip_tracking":false,"_monsterinsights_sitenote_active":false,"_monsterinsights_sitenote_note":"","_monsterinsights_sitenote_category":0},"product_brand":[],"product_cat":[13072,12291],"product_tag":[],"class_list":{"0":"post-705326","1":"product","2":"type-product","3":"status-publish","5":"product_cat-arastirma-inceleme-referans","6":"product_cat-edebiyat","7":"pa_cilt-ciltsiz","8":"pa_tur-kitap","9":"pa_yayinevi-dogu-bati-yayinlari","10":"pa_yazar-gursel-aytac","12":"first","13":"instock","14":"sale","15":"shipping-taxable","16":"purchasable","17":"product-type-simple"},"_links":{"self":[{"href":"https:\/\/roveyayinevi.com.tr\/index.php\/wp-json\/wp\/v2\/product\/705326","targetHints":{"allow":["GET"]}}],"collection":[{"href":"https:\/\/roveyayinevi.com.tr\/index.php\/wp-json\/wp\/v2\/product"}],"about":[{"href":"https:\/\/roveyayinevi.com.tr\/index.php\/wp-json\/wp\/v2\/types\/product"}],"wp:attachment":[{"href":"https:\/\/roveyayinevi.com.tr\/index.php\/wp-json\/wp\/v2\/media?parent=705326"}],"wp:term":[{"taxonomy":"product_brand","embeddable":true,"href":"https:\/\/roveyayinevi.com.tr\/index.php\/wp-json\/wp\/v2\/product_brand?post=705326"},{"taxonomy":"product_cat","embeddable":true,"href":"https:\/\/roveyayinevi.com.tr\/index.php\/wp-json\/wp\/v2\/product_cat?post=705326"},{"taxonomy":"product_tag","embeddable":true,"href":"https:\/\/roveyayinevi.com.tr\/index.php\/wp-json\/wp\/v2\/product_tag?post=705326"}],"curies":[{"name":"wp","href":"https:\/\/api.w.org\/{rel}","templated":true}]}}