{"id":705322,"date":"2025-08-27T15:44:41","date_gmt":"2025-08-27T12:44:41","guid":{"rendered":"https:\/\/roveyayinevi.com.tr\/index.php\/urun\/cennetin-anahtarlari\/"},"modified":"2026-04-16T02:14:04","modified_gmt":"2026-04-15T23:14:04","slug":"cennetin-anahtarlari","status":"publish","type":"product","link":"https:\/\/roveyayinevi.com.tr\/index.php\/urun\/cennetin-anahtarlari\/","title":{"rendered":"Cennetin Anahtarlar\u0131"},"content":{"rendered":"<p>Michelangelo (1475-1564): Tam ad\u0131 Michelangelo di Lodovico Buonarroti Simoni\u2019dir. Bat\u0131 sanat\u0131n\u0131n geli\u015fimi \u00fczerinde benzersiz bir etkisi olan \u0130talyan R\u00f6nesans sanat\u00e7\u0131s\u0131 heykelt\u0131ra\u015f, ressam, mimar ve \u015fairdir. En tan\u0131nm\u0131\u015f eserleri aras\u0131nda yer alan Davut heykelini yapmaya 26 ya\u015f\u0131nda ba\u015flam\u0131\u015f ve yakla\u015f\u0131k d\u00f6rt y\u0131lda tamamlam\u0131\u015ft\u0131r. Papa II. Iulius\u2019un iste\u011fi \u00fczerine 1508-1512 y\u0131llar\u0131 aras\u0131nda Sistine \u015eapeli\u2019ne yapt\u0131\u011f\u0131 tavan freskleri t\u00fcm zamanlar\u0131n en b\u00fcy\u00fck sanat\u00e7\u0131lar\u0131ndan biri olarak tan\u0131nmas\u0131n\u0131 sa\u011flam\u0131\u015ft\u0131r. Ya\u015fam\u0131n\u0131n son y\u0131llar\u0131n\u0131 1506\u2019da ba\u015flan\u0131p 1626 y\u0131l\u0131nda tamamlanana kadar her d\u00f6nemin \u00fcnl\u00fc mimarlar\u0131n\u0131n katk\u0131s\u0131yla in\u015fa edilen San Pietro Bazilikas\u0131\u2019n\u0131n mimar\u0131 olarak ge\u00e7irmi\u015ftir. Sanat\u00e7\u0131n\u0131n \u015fiir k\u00fclliyat\u0131 baz\u0131lar\u0131 tamamlanmam\u0131\u015f 302 \u015fiir ve bir dizi fragmandan olu\u015fur. Sone, madrigal, terza rima gibi klasik bi\u00e7imlerde kaleme al\u0131nan \u015fiirler, s\u00f6yleyi\u015fteki i\u00e7tenlik, duygulardaki incelik ve ifade edilen d\u00fc\u015f\u00fcncelerdeki derinlikle dikkat \u00e7ekicidir. \ufffcTan\u0131t\u0131m Metni<\/p>\n","protected":false},"excerpt":{"rendered":"<p>Michelangelo (1475-1564): Tam ad\u0131 Michelangelo di Lodovico Buonarroti Simoni\u2019dir. Bat\u0131 sanat\u0131n\u0131n geli\u015fimi \u00fczerinde benzersiz bir etkisi olan \u0130talyan R\u00f6nesans sanat\u00e7\u0131s\u0131 heykelt\u0131ra\u015f, ressam, mimar ve \u015fairdir. En<span class=\"excerpt-hellip\"> [\u2026]<\/span><\/p>\n","protected":false},"featured_media":0,"template":"","meta":{"_monsterinsights_skip_tracking":false,"_monsterinsights_sitenote_active":false,"_monsterinsights_sitenote_note":"","_monsterinsights_sitenote_category":0},"product_brand":[],"product_cat":[12291,12509],"product_tag":[],"class_list":{"0":"post-705322","1":"product","2":"type-product","3":"status-publish","5":"product_cat-edebiyat","6":"product_cat-siir","7":"pa_cilt-ciltsiz","8":"pa_tur-kitap","9":"pa_yayinevi-is-bankasi-kultur-yayinlari","10":"pa_yazar-michelangelo-buonarroti","12":"first","13":"instock","14":"sale","15":"shipping-taxable","16":"purchasable","17":"product-type-simple"},"_links":{"self":[{"href":"https:\/\/roveyayinevi.com.tr\/index.php\/wp-json\/wp\/v2\/product\/705322","targetHints":{"allow":["GET"]}}],"collection":[{"href":"https:\/\/roveyayinevi.com.tr\/index.php\/wp-json\/wp\/v2\/product"}],"about":[{"href":"https:\/\/roveyayinevi.com.tr\/index.php\/wp-json\/wp\/v2\/types\/product"}],"wp:attachment":[{"href":"https:\/\/roveyayinevi.com.tr\/index.php\/wp-json\/wp\/v2\/media?parent=705322"}],"wp:term":[{"taxonomy":"product_brand","embeddable":true,"href":"https:\/\/roveyayinevi.com.tr\/index.php\/wp-json\/wp\/v2\/product_brand?post=705322"},{"taxonomy":"product_cat","embeddable":true,"href":"https:\/\/roveyayinevi.com.tr\/index.php\/wp-json\/wp\/v2\/product_cat?post=705322"},{"taxonomy":"product_tag","embeddable":true,"href":"https:\/\/roveyayinevi.com.tr\/index.php\/wp-json\/wp\/v2\/product_tag?post=705322"}],"curies":[{"name":"wp","href":"https:\/\/api.w.org\/{rel}","templated":true}]}}