{"id":705320,"date":"2025-08-27T15:44:40","date_gmt":"2025-08-27T12:44:40","guid":{"rendered":"https:\/\/roveyayinevi.com.tr\/index.php\/urun\/duygusal-ic\/"},"modified":"2026-04-16T02:14:04","modified_gmt":"2026-04-15T23:14:04","slug":"duygusal-ic","status":"publish","type":"product","link":"https:\/\/roveyayinevi.com.tr\/index.php\/urun\/duygusal-ic\/","title":{"rendered":"Duygusal \u0130\u00e7"},"content":{"rendered":"<p>Harflerin kelimelere, kelimelerin c\u00fcmlelere, c\u00fcmlelerinse yan yana gelmekten keyif alarak kitaba devretti\u011fi bu duygusall\u0131kta; kendisine pi\u00e7 diyebilen nadir tevazuda bir adam\u0131n ilk heyecan\u0131na tan\u0131k olmak ne g\u00fczel! <\/p>\n","protected":false},"excerpt":{"rendered":"<p>Harflerin kelimelere, kelimelerin c\u00fcmlelere, c\u00fcmlelerinse yan yana gelmekten keyif alarak kitaba devretti\u011fi bu duygusall\u0131kta; kendisine pi\u00e7 diyebilen nadir tevazuda bir adam\u0131n ilk heyecan\u0131na tan\u0131k olmak ne<span class=\"excerpt-hellip\"> [\u2026]<\/span><\/p>\n","protected":false},"featured_media":0,"template":"","meta":{"_monsterinsights_skip_tracking":false,"_monsterinsights_sitenote_active":false,"_monsterinsights_sitenote_note":"","_monsterinsights_sitenote_category":0},"product_brand":[],"product_cat":[12291,12509],"product_tag":[],"class_list":{"0":"post-705320","1":"product","2":"type-product","3":"status-publish","5":"product_cat-edebiyat","6":"product_cat-siir","7":"pa_tur-kitap","8":"pa_yayinevi-herdem-kitap","9":"pa_yazar-volkan-uysal","11":"first","12":"instock","13":"sale","14":"shipping-taxable","15":"purchasable","16":"product-type-simple"},"_links":{"self":[{"href":"https:\/\/roveyayinevi.com.tr\/index.php\/wp-json\/wp\/v2\/product\/705320","targetHints":{"allow":["GET"]}}],"collection":[{"href":"https:\/\/roveyayinevi.com.tr\/index.php\/wp-json\/wp\/v2\/product"}],"about":[{"href":"https:\/\/roveyayinevi.com.tr\/index.php\/wp-json\/wp\/v2\/types\/product"}],"wp:attachment":[{"href":"https:\/\/roveyayinevi.com.tr\/index.php\/wp-json\/wp\/v2\/media?parent=705320"}],"wp:term":[{"taxonomy":"product_brand","embeddable":true,"href":"https:\/\/roveyayinevi.com.tr\/index.php\/wp-json\/wp\/v2\/product_brand?post=705320"},{"taxonomy":"product_cat","embeddable":true,"href":"https:\/\/roveyayinevi.com.tr\/index.php\/wp-json\/wp\/v2\/product_cat?post=705320"},{"taxonomy":"product_tag","embeddable":true,"href":"https:\/\/roveyayinevi.com.tr\/index.php\/wp-json\/wp\/v2\/product_tag?post=705320"}],"curies":[{"name":"wp","href":"https:\/\/api.w.org\/{rel}","templated":true}]}}