{"id":705317,"date":"2025-08-27T15:44:39","date_gmt":"2025-08-27T12:44:39","guid":{"rendered":"https:\/\/roveyayinevi.com.tr\/index.php\/urun\/cografyam-sigar-mi-atlaslara\/"},"modified":"2026-04-16T02:14:04","modified_gmt":"2026-04-15T23:14:04","slug":"cografyam-sigar-mi-atlaslara","status":"publish","type":"product","link":"https:\/\/roveyayinevi.com.tr\/index.php\/urun\/cografyam-sigar-mi-atlaslara\/","title":{"rendered":"Co\u011frafyam S\u0131\u011far m\u0131 Atlaslara"},"content":{"rendered":"<p>Burhanettin Kaya\u2019n\u0131n ilk \u015fiir kitab\u0131&#8230;Co\u011frafyam S\u0131\u011far m\u0131 Atlaslara kitab\u0131nda, Dr. Burhanettin Kaya\u2019n\u0131n 1989-2014 y\u0131llar\u0131 aras\u0131nda yazm\u0131\u015f oldu\u011fu 44 \u015fiir yer al\u0131yor. Kaya, \u201cCo\u011frafyam S\u0131\u011far m\u0131 Atlaslara\u201d ve \u201cA\u015fka ve Ayr\u0131l\u0131\u011fa Dair\u201d ba\u015fl\u0131klar\u0131nda toplanan \u015fiirlerinin her dizesinde okuyucuya ayr\u0131 bir \u00f6yk\u00fc anlat\u0131yor. \u0130mge yo\u011fun \u015fiirlerinde Kaya, dizelerine sinen h\u00fczne ra\u011fmen umudun yolunu da g\u00f6steriyor.\u201cVebal\u0131 bir \u00f6yk\u00fc gibi yaz\u0131ld\u0131 tarih\u0130\u015fkence odalar\u0131 tik tak zamanBekledik durduk isyanlar\u0131Y\u00fcr\u00fcs\u00fcn diye fabrikalardanG\u00f6z\u00fcmden akan her ya\u015fta gizlidirUfku k\u0131zartan devrim d\u00fc\u015fleri\u201d <\/p>\n","protected":false},"excerpt":{"rendered":"<p>Burhanettin Kaya\u2019n\u0131n ilk \u015fiir kitab\u0131&#8230;Co\u011frafyam S\u0131\u011far m\u0131 Atlaslara kitab\u0131nda, Dr. Burhanettin Kaya\u2019n\u0131n 1989-2014 y\u0131llar\u0131 aras\u0131nda yazm\u0131\u015f oldu\u011fu 44 \u015fiir yer al\u0131yor. Kaya, \u201cCo\u011frafyam S\u0131\u011far m\u0131 Atlaslara\u201d<span class=\"excerpt-hellip\"> [\u2026]<\/span><\/p>\n","protected":false},"featured_media":0,"template":"","meta":{"_monsterinsights_skip_tracking":false,"_monsterinsights_sitenote_active":false,"_monsterinsights_sitenote_note":"","_monsterinsights_sitenote_category":0},"product_brand":[],"product_cat":[12291,12509],"product_tag":[],"class_list":{"0":"post-705317","1":"product","2":"type-product","3":"status-publish","5":"product_cat-edebiyat","6":"product_cat-siir","7":"pa_cilt-ciltsiz","8":"pa_tur-kitap","9":"pa_yayinevi-nika-yayinevi","10":"pa_yazar-burhanettin-kaya","12":"first","13":"instock","14":"sale","15":"shipping-taxable","16":"purchasable","17":"product-type-simple"},"_links":{"self":[{"href":"https:\/\/roveyayinevi.com.tr\/index.php\/wp-json\/wp\/v2\/product\/705317","targetHints":{"allow":["GET"]}}],"collection":[{"href":"https:\/\/roveyayinevi.com.tr\/index.php\/wp-json\/wp\/v2\/product"}],"about":[{"href":"https:\/\/roveyayinevi.com.tr\/index.php\/wp-json\/wp\/v2\/types\/product"}],"wp:attachment":[{"href":"https:\/\/roveyayinevi.com.tr\/index.php\/wp-json\/wp\/v2\/media?parent=705317"}],"wp:term":[{"taxonomy":"product_brand","embeddable":true,"href":"https:\/\/roveyayinevi.com.tr\/index.php\/wp-json\/wp\/v2\/product_brand?post=705317"},{"taxonomy":"product_cat","embeddable":true,"href":"https:\/\/roveyayinevi.com.tr\/index.php\/wp-json\/wp\/v2\/product_cat?post=705317"},{"taxonomy":"product_tag","embeddable":true,"href":"https:\/\/roveyayinevi.com.tr\/index.php\/wp-json\/wp\/v2\/product_tag?post=705317"}],"curies":[{"name":"wp","href":"https:\/\/api.w.org\/{rel}","templated":true}]}}