{"id":705315,"date":"2025-08-27T15:44:38","date_gmt":"2025-08-27T12:44:38","guid":{"rendered":"https:\/\/roveyayinevi.com.tr\/index.php\/urun\/dionyssos-dithyramboslari-1884-1888\/"},"modified":"2026-04-16T02:14:04","modified_gmt":"2026-04-15T23:14:04","slug":"dionyssos-dithyramboslari-1884-1888","status":"publish","type":"product","link":"https:\/\/roveyayinevi.com.tr\/index.php\/urun\/dionyssos-dithyramboslari-1884-1888\/","title":{"rendered":"Dionyssos Dithyramboslar\u0131 1884 &#8211; 1888"},"content":{"rendered":"<p>Bundan b\u00f6yle bir hasta, y\u0131lan zehiriyle zehirlenmi\u015f; bir mahkum bundan b\u00f6yle, en zorlu kaderi \u00e7ekmi\u015f: kendi kuyusunda iki b\u00fckl\u00fcm \u00e7al\u0131\u015fan, kendi kendinin \u00e7ukuruna g\u00f6m\u00fcl\u00fc, kendi kendinin kuyusunu kazan, hoyrat, hantal, bir ceset -, y\u00fczlerce k\u00fclfetle t\u0131ka basa dolu, kendiyle ba\u015f\u0131 dertte, bir Bilen! bir kendi kendinin erbab\u0131! <\/p>\n","protected":false},"excerpt":{"rendered":"<p>Bundan b\u00f6yle bir hasta, y\u0131lan zehiriyle zehirlenmi\u015f; bir mahkum bundan b\u00f6yle, en zorlu kaderi \u00e7ekmi\u015f: kendi kuyusunda iki b\u00fckl\u00fcm \u00e7al\u0131\u015fan, kendi kendinin \u00e7ukuruna g\u00f6m\u00fcl\u00fc, kendi kendinin<span class=\"excerpt-hellip\"> [\u2026]<\/span><\/p>\n","protected":false},"featured_media":0,"template":"","meta":{"_monsterinsights_skip_tracking":false,"_monsterinsights_sitenote_active":false,"_monsterinsights_sitenote_note":"","_monsterinsights_sitenote_category":0},"product_brand":[],"product_cat":[12291,12509],"product_tag":[],"class_list":{"0":"post-705315","1":"product","2":"type-product","3":"status-publish","5":"product_cat-edebiyat","6":"product_cat-siir","7":"pa_cilt-ciltsiz","8":"pa_tur-kitap","9":"pa_yayinevi-say-yayinlari","10":"pa_yazar-friedrich-wilhelm-nietzsche","12":"first","13":"instock","14":"sale","15":"shipping-taxable","16":"purchasable","17":"product-type-simple"},"_links":{"self":[{"href":"https:\/\/roveyayinevi.com.tr\/index.php\/wp-json\/wp\/v2\/product\/705315","targetHints":{"allow":["GET"]}}],"collection":[{"href":"https:\/\/roveyayinevi.com.tr\/index.php\/wp-json\/wp\/v2\/product"}],"about":[{"href":"https:\/\/roveyayinevi.com.tr\/index.php\/wp-json\/wp\/v2\/types\/product"}],"wp:attachment":[{"href":"https:\/\/roveyayinevi.com.tr\/index.php\/wp-json\/wp\/v2\/media?parent=705315"}],"wp:term":[{"taxonomy":"product_brand","embeddable":true,"href":"https:\/\/roveyayinevi.com.tr\/index.php\/wp-json\/wp\/v2\/product_brand?post=705315"},{"taxonomy":"product_cat","embeddable":true,"href":"https:\/\/roveyayinevi.com.tr\/index.php\/wp-json\/wp\/v2\/product_cat?post=705315"},{"taxonomy":"product_tag","embeddable":true,"href":"https:\/\/roveyayinevi.com.tr\/index.php\/wp-json\/wp\/v2\/product_tag?post=705315"}],"curies":[{"name":"wp","href":"https:\/\/api.w.org\/{rel}","templated":true}]}}