{"id":705313,"date":"2025-08-27T15:44:37","date_gmt":"2025-08-27T12:44:37","guid":{"rendered":"https:\/\/roveyayinevi.com.tr\/index.php\/urun\/tembellik-hakki-3\/"},"modified":"2026-04-16T02:14:04","modified_gmt":"2026-04-15T23:14:04","slug":"tembellik-hakki-3","status":"publish","type":"product","link":"https:\/\/roveyayinevi.com.tr\/index.php\/urun\/tembellik-hakki-3\/","title":{"rendered":"Tembellik Hakk\u0131"},"content":{"rendered":"<p>\u00d6zel m\u00fclkiyetin hakim oldu\u011fu toplumlarda \u201c\u00e7al\u0131\u015fma\u201d kat\u0131 bir \u201czorunluluk\u201d kapsam\u0131nda ger\u00e7ekle\u015fir. Kapitalizm, \u00e7al\u0131\u015fanlar\u0131n bedenini oldu\u011fu kadar zamanlar\u0131n\u0131 da sat\u0131n alm\u0131\u015ft\u0131r. Oysa insan\u0131n \u00e7al\u0131\u015fmamak, ya\u015fam\u0131n\u0131 s\u00fcrgit k\u0131lmak i\u00e7in zahmete girmemek gibi bir i\u00e7g\u00fcd\u00fcs\u00fc vard\u0131r; bu i\u00e7g\u00fcd\u00fcn\u00fcn ad\u0131 \u201ctembellik\u201dtir. Tembellik, \u00e7al\u0131\u015fman\u0131n kutsalla\u015ft\u0131r\u0131ld\u0131\u011f\u0131 toplumlarda hakir g\u00f6r\u00fcl\u00fcr, a\u015fa\u011f\u0131lan\u0131r. Tembellik Hakk\u0131, \u00e7al\u0131\u015fman\u0131n sars\u0131lmaz bir de\u011fer haline getirildi\u011fi toplumlar\u0131n ele\u015ftirisini sunuyor; tembelli\u011fin bir ba\u015f\u0131bo\u015fluk yahut aylakl\u0131k olmad\u0131\u011f\u0131n\u0131 \u00f6ne s\u00fcrerken, \u00fctopik \u00f6zleminin oda\u011f\u0131na \u00f6zg\u00fcrl\u00fc\u011f\u00fc koyuyor: \u0130nsanl\u0131\u011f\u0131n kadim \u00f6zlemi olarak zorunluluklar\u0131n alt edildi\u011fi, insan\u0131n kendini tekrar buldu\u011fu, \u00f6zel m\u00fclkiyet hapishanesinin duvarlar\u0131n\u0131n y\u0131k\u0131ld\u0131\u011f\u0131, devletin ve di\u011fer bask\u0131 ara\u00e7lar\u0131n\u0131n ortadan kalkt\u0131\u011f\u0131 bir toplumsal ve bireysel varolu\u015fa i\u015faret ediyor&#8230; Karl Marx\u2019\u0131n damad\u0131 Paul Lafargue\u2019\u0131n kaleme ald\u0131\u011f\u0131 Tembellik Hakk\u0131, Kom\u00fcnist Manifesto yahut Kapital gibi kendi alan\u0131nda klasik haline gelen metinlere benzer bir \u015fekilde, yay\u0131mland\u0131\u011f\u0131 tarihten bu yana hala b\u00fcy\u00fck bir ilgiyle okunuyor. \ufffcTan\u0131t\u0131m Metni<\/p>\n","protected":false},"excerpt":{"rendered":"<p>\u00d6zel m\u00fclkiyetin hakim oldu\u011fu toplumlarda \u201c\u00e7al\u0131\u015fma\u201d kat\u0131 bir \u201czorunluluk\u201d kapsam\u0131nda ger\u00e7ekle\u015fir. Kapitalizm, \u00e7al\u0131\u015fanlar\u0131n bedenini oldu\u011fu kadar zamanlar\u0131n\u0131 da sat\u0131n alm\u0131\u015ft\u0131r. Oysa insan\u0131n \u00e7al\u0131\u015fmamak, ya\u015fam\u0131n\u0131 s\u00fcrgit k\u0131lmak<span class=\"excerpt-hellip\"> [\u2026]<\/span><\/p>\n","protected":false},"featured_media":0,"template":"","meta":{"_monsterinsights_skip_tracking":false,"_monsterinsights_sitenote_active":false,"_monsterinsights_sitenote_note":"","_monsterinsights_sitenote_category":0},"product_brand":[],"product_cat":[13590,12337],"product_tag":[],"class_list":{"0":"post-705313","1":"product","2":"type-product","3":"status-publish","5":"product_cat-arastirma-inceleme-politika-siyaset","6":"product_cat-politika-siyaset","7":"pa_cilt-ciltsiz","8":"pa_tur-kitap","9":"pa_yayinevi-ayrinti-yayinlari","10":"pa_yazar-paul-lafargue","12":"first","13":"instock","14":"sale","15":"shipping-taxable","16":"purchasable","17":"product-type-simple"},"_links":{"self":[{"href":"https:\/\/roveyayinevi.com.tr\/index.php\/wp-json\/wp\/v2\/product\/705313","targetHints":{"allow":["GET"]}}],"collection":[{"href":"https:\/\/roveyayinevi.com.tr\/index.php\/wp-json\/wp\/v2\/product"}],"about":[{"href":"https:\/\/roveyayinevi.com.tr\/index.php\/wp-json\/wp\/v2\/types\/product"}],"wp:attachment":[{"href":"https:\/\/roveyayinevi.com.tr\/index.php\/wp-json\/wp\/v2\/media?parent=705313"}],"wp:term":[{"taxonomy":"product_brand","embeddable":true,"href":"https:\/\/roveyayinevi.com.tr\/index.php\/wp-json\/wp\/v2\/product_brand?post=705313"},{"taxonomy":"product_cat","embeddable":true,"href":"https:\/\/roveyayinevi.com.tr\/index.php\/wp-json\/wp\/v2\/product_cat?post=705313"},{"taxonomy":"product_tag","embeddable":true,"href":"https:\/\/roveyayinevi.com.tr\/index.php\/wp-json\/wp\/v2\/product_tag?post=705313"}],"curies":[{"name":"wp","href":"https:\/\/api.w.org\/{rel}","templated":true}]}}