{"id":705310,"date":"2025-08-27T15:44:36","date_gmt":"2025-08-27T12:44:36","guid":{"rendered":"https:\/\/roveyayinevi.com.tr\/index.php\/urun\/devrimcilerin-filistin-gunlugu-1968-1975\/"},"modified":"2026-04-16T02:14:04","modified_gmt":"2026-04-15T23:14:04","slug":"devrimcilerin-filistin-gunlugu-1968-1975","status":"publish","type":"product","link":"https:\/\/roveyayinevi.com.tr\/index.php\/urun\/devrimcilerin-filistin-gunlugu-1968-1975\/","title":{"rendered":"Devrimcilerin Filistin G\u00fcnl\u00fc\u011f\u00fc 1968-1975"},"content":{"rendered":"<p>\u00dclkemizde devrimci hareketin tarihi hen\u00fcz b\u00fct\u00fcnl\u00fckl\u00fc bir \u015fekilde yaz\u0131labilmi\u015f de\u011fil. Son y\u0131llarda bu ihtiyac\u0131 gidermek i\u00e7in yak\u0131n tarihi irdeleyen s\u00f6zl\u00fc tarih \u00e7al\u0131\u015fmalar\u0131 yap\u0131l\u0131yor. Elinizdeki \u00e7al\u0131\u015fma da, s\u00f6zl\u00fc tarih \u00e7al\u0131\u015fmalar\u0131n\u0131n yeni bir \u00f6rne\u011fi. Devrimcilerin Filistin G\u00fcnl\u00fc\u011f\u00fc, Devrimci hareketin bug\u00fcne kadar \u00fczerinde pek kalem oynat\u0131lmam\u0131\u015f \u00f6nemli bir kesitini, geni\u015f bir zaman dilimi kapsam\u0131nda ele al\u0131n\u0131yor. Devrimci hareket ile Filistin hareketi aras\u0131ndaki tarihsel ili\u015fki farkl\u0131 y\u00f6nleriyle inceleniyor. Okura kuru bir tarih anlat\u0131m\u0131 yerine ak\u0131c\u0131, canl\u0131 bir metin sunuluyor ve tarihimizin bu fazla de\u015filmemi\u015f alan\u0131na sorular y\u00f6neltiliyor. Filistin s\u00f6z konusu oldu\u011funda toplumsal haf\u0131zam\u0131zda ger\u00e7e\u011fi yans\u0131tmayan y\u0131\u011f\u0131nla efsane bulunmaktad\u0131r. Bu \u00e7al\u0131\u015fmada ger\u00e7eklerle efsaneler aras\u0131na net bir s\u0131n\u0131r \u00e7iziliyor ve okur fazla bilinmeyen bir tarih yolculu\u011funa davet ediliyor. \ufffcTan\u0131t\u0131m Metni<\/p>\n","protected":false},"excerpt":{"rendered":"<p>\u00dclkemizde devrimci hareketin tarihi hen\u00fcz b\u00fct\u00fcnl\u00fckl\u00fc bir \u015fekilde yaz\u0131labilmi\u015f de\u011fil. Son y\u0131llarda bu ihtiyac\u0131 gidermek i\u00e7in yak\u0131n tarihi irdeleyen s\u00f6zl\u00fc tarih \u00e7al\u0131\u015fmalar\u0131 yap\u0131l\u0131yor. Elinizdeki \u00e7al\u0131\u015fma da,<span class=\"excerpt-hellip\"> [\u2026]<\/span><\/p>\n","protected":false},"featured_media":0,"template":"","meta":{"_monsterinsights_skip_tracking":false,"_monsterinsights_sitenote_active":false,"_monsterinsights_sitenote_note":"","_monsterinsights_sitenote_category":0},"product_brand":[],"product_cat":[16098,12337],"product_tag":[],"class_list":{"0":"post-705310","1":"product","2":"type-product","3":"status-publish","5":"product_cat-politik-akimlar-hareketler","6":"product_cat-politika-siyaset","7":"pa_cilt-ciltsiz","8":"pa_tur-kitap","9":"pa_yayinevi-ayrinti-yayinlari","10":"pa_yazar-oktay-duman","12":"first","13":"instock","14":"sale","15":"shipping-taxable","16":"purchasable","17":"product-type-simple"},"_links":{"self":[{"href":"https:\/\/roveyayinevi.com.tr\/index.php\/wp-json\/wp\/v2\/product\/705310","targetHints":{"allow":["GET"]}}],"collection":[{"href":"https:\/\/roveyayinevi.com.tr\/index.php\/wp-json\/wp\/v2\/product"}],"about":[{"href":"https:\/\/roveyayinevi.com.tr\/index.php\/wp-json\/wp\/v2\/types\/product"}],"wp:attachment":[{"href":"https:\/\/roveyayinevi.com.tr\/index.php\/wp-json\/wp\/v2\/media?parent=705310"}],"wp:term":[{"taxonomy":"product_brand","embeddable":true,"href":"https:\/\/roveyayinevi.com.tr\/index.php\/wp-json\/wp\/v2\/product_brand?post=705310"},{"taxonomy":"product_cat","embeddable":true,"href":"https:\/\/roveyayinevi.com.tr\/index.php\/wp-json\/wp\/v2\/product_cat?post=705310"},{"taxonomy":"product_tag","embeddable":true,"href":"https:\/\/roveyayinevi.com.tr\/index.php\/wp-json\/wp\/v2\/product_tag?post=705310"}],"curies":[{"name":"wp","href":"https:\/\/api.w.org\/{rel}","templated":true}]}}