{"id":705309,"date":"2025-08-27T15:44:36","date_gmt":"2025-08-27T12:44:36","guid":{"rendered":"https:\/\/roveyayinevi.com.tr\/index.php\/urun\/musa-ve-tektanricilik\/"},"modified":"2026-04-16T02:14:04","modified_gmt":"2026-04-15T23:14:04","slug":"musa-ve-tektanricilik","status":"publish","type":"product","link":"https:\/\/roveyayinevi.com.tr\/index.php\/urun\/musa-ve-tektanricilik\/","title":{"rendered":"Musa ve Tektanr\u0131c\u0131l\u0131k"},"content":{"rendered":"<p>Bir ulusun evlatlar\u0131ndan en b\u00fcy\u00fc\u011f\u00fc olarak ba\u015ftac\u0131 etti\u011fi bir insan i\u00e7in o ulustan de\u011fildir demek, onu bu ulusun elinden \u00e7ekip almak \u00f6yle seve seve ya da kolaycac\u0131k giri\u015filecek bir i\u015f de\u011fil; hele bunu yapacak kimsenin kendisi o ulusun bir par\u00e7as\u0131ysa. Gelgelelim, s\u00f6zde \u00e7\u0131karlar u\u011frunda bir Do\u011fru\u2019yu ortaya koymaktan ka\u00e7\u0131nmak, hi\u00e7bir neden \u00f6ne s\u00fcr\u00fclerek hakl\u0131 g\u00f6sterilemez; kald\u0131 ki, bir durumun ayd\u0131nl\u0131\u011fa kavu\u015fturulmas\u0131 bilgi ve deneyim hazinemizi zenginle\u015ftirir. \ufffcTan\u0131t\u0131m Metni<\/p>\n","protected":false},"excerpt":{"rendered":"<p>Bir ulusun evlatlar\u0131ndan en b\u00fcy\u00fc\u011f\u00fc olarak ba\u015ftac\u0131 etti\u011fi bir insan i\u00e7in o ulustan de\u011fildir demek, onu bu ulusun elinden \u00e7ekip almak \u00f6yle seve seve ya da<span class=\"excerpt-hellip\"> [\u2026]<\/span><\/p>\n","protected":false},"featured_media":0,"template":"","meta":{"_monsterinsights_skip_tracking":false,"_monsterinsights_sitenote_active":false,"_monsterinsights_sitenote_note":"","_monsterinsights_sitenote_category":0},"product_brand":[],"product_cat":[12718,12858],"product_tag":[],"class_list":{"0":"post-705309","1":"product","2":"type-product","3":"status-publish","5":"product_cat-din","6":"product_cat-mitolojiler","7":"pa_cilt-ciltsiz","8":"pa_tur-kitap","9":"pa_yayinevi-say-yayinlari","10":"pa_yazar-sigmund-freud","12":"first","13":"instock","14":"sale","15":"shipping-taxable","16":"purchasable","17":"product-type-simple"},"_links":{"self":[{"href":"https:\/\/roveyayinevi.com.tr\/index.php\/wp-json\/wp\/v2\/product\/705309","targetHints":{"allow":["GET"]}}],"collection":[{"href":"https:\/\/roveyayinevi.com.tr\/index.php\/wp-json\/wp\/v2\/product"}],"about":[{"href":"https:\/\/roveyayinevi.com.tr\/index.php\/wp-json\/wp\/v2\/types\/product"}],"wp:attachment":[{"href":"https:\/\/roveyayinevi.com.tr\/index.php\/wp-json\/wp\/v2\/media?parent=705309"}],"wp:term":[{"taxonomy":"product_brand","embeddable":true,"href":"https:\/\/roveyayinevi.com.tr\/index.php\/wp-json\/wp\/v2\/product_brand?post=705309"},{"taxonomy":"product_cat","embeddable":true,"href":"https:\/\/roveyayinevi.com.tr\/index.php\/wp-json\/wp\/v2\/product_cat?post=705309"},{"taxonomy":"product_tag","embeddable":true,"href":"https:\/\/roveyayinevi.com.tr\/index.php\/wp-json\/wp\/v2\/product_tag?post=705309"}],"curies":[{"name":"wp","href":"https:\/\/api.w.org\/{rel}","templated":true}]}}