{"id":705307,"date":"2025-08-27T15:44:35","date_gmt":"2025-08-27T12:44:35","guid":{"rendered":"https:\/\/roveyayinevi.com.tr\/index.php\/urun\/68-adim\/"},"modified":"2026-04-16T02:14:04","modified_gmt":"2026-04-15T23:14:04","slug":"68-adim","status":"publish","type":"product","link":"https:\/\/roveyayinevi.com.tr\/index.php\/urun\/68-adim\/","title":{"rendered":"68. Ad\u0131m"},"content":{"rendered":"<p>Bir haftad\u0131r okuldan gelir gelmez, balkona \u00e7\u0131k\u0131p ak\u015fama kadar oturuyor, onun caddeden saat ka\u00e7ta ge\u00e7ti\u011fini, bakkala ka\u00e7ta girdi\u011fini, i\u00e7eride ka\u00e7 dakika kald\u0131\u011f\u0131n\u0131, bakkaldan eve ka\u00e7 ad\u0131mda gitti\u011fini defterime yaz\u0131yordum. Ama att\u0131\u011f\u0131 ad\u0131mlar\u0131n say\u0131s\u0131ndan pek emin de\u011fildim. O g\u0131c\u0131k apartman altm\u0131\u015f sekizinci ad\u0131mdan sonras\u0131n\u0131 saymama engel oluyordu. Geri kalan ad\u0131mlar\u0131n\u0131 akl\u0131mdan saymak zorunda kal\u0131yordum. 68. Ad\u0131m, arkada\u015fl\u0131\u011f\u0131n, dostlu\u011fun, sevginin ve sokak oyunlar\u0131n\u0131n pe\u015fine tak\u0131l\u0131p gidece\u011finiz; okulda, mahallede ve beklenmedik s\u00fcrprizlerin ba\u015fa bela oldu\u011fu anlarda dedektif gibi iz s\u00fcrece\u011finiz e\u011flenceli bir \u00f6yk\u00fc&#8230; \ufffcTan\u0131t\u0131m Metni<\/p>\n","protected":false},"excerpt":{"rendered":"<p>Bir haftad\u0131r okuldan gelir gelmez, balkona \u00e7\u0131k\u0131p ak\u015fama kadar oturuyor, onun caddeden saat ka\u00e7ta ge\u00e7ti\u011fini, bakkala ka\u00e7ta girdi\u011fini, i\u00e7eride ka\u00e7 dakika kald\u0131\u011f\u0131n\u0131, bakkaldan eve ka\u00e7 ad\u0131mda<span class=\"excerpt-hellip\"> [\u2026]<\/span><\/p>\n","protected":false},"featured_media":0,"template":"","meta":{"_monsterinsights_skip_tracking":false,"_monsterinsights_sitenote_active":false,"_monsterinsights_sitenote_note":"","_monsterinsights_sitenote_category":0},"product_brand":[],"product_cat":[12274,12284],"product_tag":[],"class_list":{"0":"post-705307","1":"product","2":"type-product","3":"status-publish","5":"product_cat-cocuk-ve-genclik-kitaplari","6":"product_cat-hikayeler","7":"pa_cilt-ciltsiz","8":"pa_tur-kitap","9":"pa_yayinevi-altin-kitaplar-ozel-urun","10":"pa_yazar-nilay-yilmaz","12":"first","13":"instock","14":"sale","15":"shipping-taxable","16":"purchasable","17":"product-type-simple"},"_links":{"self":[{"href":"https:\/\/roveyayinevi.com.tr\/index.php\/wp-json\/wp\/v2\/product\/705307","targetHints":{"allow":["GET"]}}],"collection":[{"href":"https:\/\/roveyayinevi.com.tr\/index.php\/wp-json\/wp\/v2\/product"}],"about":[{"href":"https:\/\/roveyayinevi.com.tr\/index.php\/wp-json\/wp\/v2\/types\/product"}],"wp:attachment":[{"href":"https:\/\/roveyayinevi.com.tr\/index.php\/wp-json\/wp\/v2\/media?parent=705307"}],"wp:term":[{"taxonomy":"product_brand","embeddable":true,"href":"https:\/\/roveyayinevi.com.tr\/index.php\/wp-json\/wp\/v2\/product_brand?post=705307"},{"taxonomy":"product_cat","embeddable":true,"href":"https:\/\/roveyayinevi.com.tr\/index.php\/wp-json\/wp\/v2\/product_cat?post=705307"},{"taxonomy":"product_tag","embeddable":true,"href":"https:\/\/roveyayinevi.com.tr\/index.php\/wp-json\/wp\/v2\/product_tag?post=705307"}],"curies":[{"name":"wp","href":"https:\/\/api.w.org\/{rel}","templated":true}]}}