{"id":705304,"date":"2025-08-27T15:44:34","date_gmt":"2025-08-27T12:44:34","guid":{"rendered":"https:\/\/roveyayinevi.com.tr\/index.php\/urun\/kendilik-surecinde-sair-siir-vicdan\/"},"modified":"2026-04-16T02:14:04","modified_gmt":"2026-04-15T23:14:04","slug":"kendilik-surecinde-sair-siir-vicdan","status":"publish","type":"product","link":"https:\/\/roveyayinevi.com.tr\/index.php\/urun\/kendilik-surecinde-sair-siir-vicdan\/","title":{"rendered":"Kendilik S\u00fcrecinde \u015eair \/ \u015eiir &#8211; Vicdan"},"content":{"rendered":"<p>Bir \u00f6zne olarak \u015fairin, ilk \u015fair s\u0131fat\u0131yla an\u0131lmas\u0131ndan bu yana, ortak ya\u015fama ko\u015fullar\u0131nda olaylara g\u00f6re nitelik de\u011fi\u015fkenlikleri g\u00f6stermi\u015f olmas\u0131 do\u011fal kar\u015f\u0131lanabilir. Bu nitelik, o g\u00fcnk\u00fc topluluklar\u0131n ya da \u00f6rg\u00fctlenebilmi\u015f toplumlar\u0131n, daha \u00e7ok olumlad\u0131klar\u0131 y\u00f6nde ve bir d\u00fc\u015f\u00fcnsel, edimsel \u00f6nderlik \/ \u00f6nc\u00fcl\u00fck payesi de verilerek olu\u015fmu\u015f g\u00f6r\u00fcnmekte. Bug\u00fcn de bir\u00e7ok modern toplumda \u015fairin yeri bellidir; ayd\u0131n, entelekt\u00fcel, duyarl\u0131, muhalif, \u00f6nc\u00fc&#8230; <\/p>\n","protected":false},"excerpt":{"rendered":"<p>Bir \u00f6zne olarak \u015fairin, ilk \u015fair s\u0131fat\u0131yla an\u0131lmas\u0131ndan bu yana, ortak ya\u015fama ko\u015fullar\u0131nda olaylara g\u00f6re nitelik de\u011fi\u015fkenlikleri g\u00f6stermi\u015f olmas\u0131 do\u011fal kar\u015f\u0131lanabilir. Bu nitelik, o g\u00fcnk\u00fc topluluklar\u0131n<span class=\"excerpt-hellip\"> [\u2026]<\/span><\/p>\n","protected":false},"featured_media":0,"template":"","meta":{"_monsterinsights_skip_tracking":false,"_monsterinsights_sitenote_active":false,"_monsterinsights_sitenote_note":"","_monsterinsights_sitenote_category":0},"product_brand":[],"product_cat":[13072,12291],"product_tag":[],"class_list":{"0":"post-705304","1":"product","2":"type-product","3":"status-publish","5":"product_cat-arastirma-inceleme-referans","6":"product_cat-edebiyat","7":"pa_tur-kitap","8":"pa_yayinevi-doruk-yayinlari","9":"pa_yazar-ozgen-seckin","11":"first","12":"instock","13":"sale","14":"shipping-taxable","15":"purchasable","16":"product-type-simple"},"_links":{"self":[{"href":"https:\/\/roveyayinevi.com.tr\/index.php\/wp-json\/wp\/v2\/product\/705304","targetHints":{"allow":["GET"]}}],"collection":[{"href":"https:\/\/roveyayinevi.com.tr\/index.php\/wp-json\/wp\/v2\/product"}],"about":[{"href":"https:\/\/roveyayinevi.com.tr\/index.php\/wp-json\/wp\/v2\/types\/product"}],"wp:attachment":[{"href":"https:\/\/roveyayinevi.com.tr\/index.php\/wp-json\/wp\/v2\/media?parent=705304"}],"wp:term":[{"taxonomy":"product_brand","embeddable":true,"href":"https:\/\/roveyayinevi.com.tr\/index.php\/wp-json\/wp\/v2\/product_brand?post=705304"},{"taxonomy":"product_cat","embeddable":true,"href":"https:\/\/roveyayinevi.com.tr\/index.php\/wp-json\/wp\/v2\/product_cat?post=705304"},{"taxonomy":"product_tag","embeddable":true,"href":"https:\/\/roveyayinevi.com.tr\/index.php\/wp-json\/wp\/v2\/product_tag?post=705304"}],"curies":[{"name":"wp","href":"https:\/\/api.w.org\/{rel}","templated":true}]}}