{"id":705303,"date":"2025-08-27T15:44:33","date_gmt":"2025-08-27T12:44:33","guid":{"rendered":"https:\/\/roveyayinevi.com.tr\/index.php\/urun\/sosyal-hizmet-temel-alanlar-ve-elestirel-tartismalar\/"},"modified":"2026-04-16T02:14:04","modified_gmt":"2026-04-15T23:14:04","slug":"sosyal-hizmet-temel-alanlar-ve-elestirel-tartismalar","status":"publish","type":"product","link":"https:\/\/roveyayinevi.com.tr\/index.php\/urun\/sosyal-hizmet-temel-alanlar-ve-elestirel-tartismalar\/","title":{"rendered":"Sosyal Hizmet Temel Alanlar ve Ele\u015ftirel Tart\u0131\u015fmalar"},"content":{"rendered":"<p>Elinizde tuttu\u011funuz bu eserde, sosyal hizmet mesle\u011finin sorun ve m\u00fcdahale alanlar\u0131ndaki g\u00fcncel konular, ele\u015ftirel ve derinlikli bir bak\u0131\u015f a\u00e7\u0131s\u0131yla ele al\u0131nmaktad\u0131r. Edit\u00f6rler ve yazarlar, akademik \u00e7al\u0131\u015fmalar\u0131n\u0131n yan\u0131 s\u0131ra, bir\u00e7ok \u00fclkede sosyal hizmet ve sosyal politika alan\u0131ndaki uluslararas\u0131 \u00f6rg\u00fctlerin \u00e7al\u0131\u015fmalar\u0131nda da yer almaktad\u0131rlar. Bu \u00e7al\u0131\u015fmalar aras\u0131nda, yerelle\u015fmeye ili\u015fkin tart\u0131\u015fmalar ve b\u00f6lgeye \u00f6zel, k\u00fclt\u00fcre uygun kuram ve uygulamalar\u0131n geli\u015ftirilmesi de bulunmaktad\u0131r. Farkl\u0131l\u0131\u011fa ili\u015fkin \u00f6\u011frenme f\u0131rsatlar\u0131, insan hayatlar\u0131n\u0131n e\u015fitli\u011fi, insanlar\u0131n onuru ve de\u011feri sosyal hizmetin uluslararas\u0131 tecr\u00fcbeleriyle daha yak\u0131ndan bir ili\u015fki i\u00e7indedir. Bu y\u00fczden, birden fazla \u00fclke ya da ba\u011flamda \u00e7al\u0131\u015fmak, giderek sosyal hizmet mesle\u011finin daha \u00f6nemli bir par\u00e7as\u0131 haline gelmektedir. Bu kitap bir yandan kendi bilgi ve de\u011ferlerimiz a\u00e7\u0131s\u0131ndan g\u00fc\u00e7l\u00fc bir temelin \u00f6nemine vurgu yaparken di\u011fer yandan \u00e7ok \u00e7e\u015fitli bilgi ve tecr\u00fcbelerden \u00f6\u011frendiklerimizi uygulamam\u0131za katmam\u0131z konusunu da \u00f6rneklendirmektedir. Dolay\u0131s\u0131yla bu eser, sosyal hizmeti \u015fekillendiren farkl\u0131 ulusal yasalar, y\u00f6netimler, politikalar, sosyal ve k\u00fclt\u00fcrel de\u011ferler ile varsay\u0131mlar aras\u0131nda bir etkile\u015fim kurabilme olana\u011f\u0131 sa\u011flamaktad\u0131r. <\/p>\n","protected":false},"excerpt":{"rendered":"<p>Elinizde tuttu\u011funuz bu eserde, sosyal hizmet mesle\u011finin sorun ve m\u00fcdahale alanlar\u0131ndaki g\u00fcncel konular, ele\u015ftirel ve derinlikli bir bak\u0131\u015f a\u00e7\u0131s\u0131yla ele al\u0131nmaktad\u0131r. Edit\u00f6rler ve yazarlar, akademik \u00e7al\u0131\u015fmalar\u0131n\u0131n<span class=\"excerpt-hellip\"> [\u2026]<\/span><\/p>\n","protected":false},"featured_media":0,"template":"","meta":{"_monsterinsights_skip_tracking":false,"_monsterinsights_sitenote_active":false,"_monsterinsights_sitenote_note":"","_monsterinsights_sitenote_category":0},"product_brand":[],"product_cat":[12835,12324],"product_tag":[],"class_list":{"0":"post-705303","1":"product","2":"type-product","3":"status-publish","5":"product_cat-genel-sosyoloji","6":"product_cat-sosyoloji","7":"pa_cilt-ciltsiz","8":"pa_tur-kitap","9":"pa_yayinevi-nika-yayinevi","10":"pa_yazar-lena-dominelli","11":"pa_yazar-malcolm-payne","12":"pa_yazar-robert-adams","14":"first","15":"instock","16":"sale","17":"shipping-taxable","18":"purchasable","19":"product-type-simple"},"_links":{"self":[{"href":"https:\/\/roveyayinevi.com.tr\/index.php\/wp-json\/wp\/v2\/product\/705303","targetHints":{"allow":["GET"]}}],"collection":[{"href":"https:\/\/roveyayinevi.com.tr\/index.php\/wp-json\/wp\/v2\/product"}],"about":[{"href":"https:\/\/roveyayinevi.com.tr\/index.php\/wp-json\/wp\/v2\/types\/product"}],"wp:attachment":[{"href":"https:\/\/roveyayinevi.com.tr\/index.php\/wp-json\/wp\/v2\/media?parent=705303"}],"wp:term":[{"taxonomy":"product_brand","embeddable":true,"href":"https:\/\/roveyayinevi.com.tr\/index.php\/wp-json\/wp\/v2\/product_brand?post=705303"},{"taxonomy":"product_cat","embeddable":true,"href":"https:\/\/roveyayinevi.com.tr\/index.php\/wp-json\/wp\/v2\/product_cat?post=705303"},{"taxonomy":"product_tag","embeddable":true,"href":"https:\/\/roveyayinevi.com.tr\/index.php\/wp-json\/wp\/v2\/product_tag?post=705303"}],"curies":[{"name":"wp","href":"https:\/\/api.w.org\/{rel}","templated":true}]}}