{"id":705300,"date":"2025-08-27T15:44:32","date_gmt":"2025-08-27T12:44:32","guid":{"rendered":"https:\/\/roveyayinevi.com.tr\/index.php\/urun\/siyasetname-2\/"},"modified":"2026-04-16T02:14:04","modified_gmt":"2026-04-15T23:14:04","slug":"siyasetname-2","status":"publish","type":"product","link":"https:\/\/roveyayinevi.com.tr\/index.php\/urun\/siyasetname-2\/","title":{"rendered":"Siyasetname"},"content":{"rendered":"<p>Siyaset, devlet i\u015flerini d\u00fczenleme ve y\u00fcr\u00fctme sanat\u0131 olarak bilinse de bu sanat\u0131n zemininde nice taktikler, nice oyunlar yat\u0131yordu&#8230; Yeri geldi\u011finde bir ikna sanat\u0131, yeri geldi\u011finde ise keskin bir k\u0131l\u0131\u00e7t\u0131. Nice kanlar akt\u0131, nice canlar yand\u0131. S\u00f6z\u00fcn k\u0131sas\u0131, Sel\u00e7uklular devrinde incelikli bir sanatt\u0131 siyaset. \u0130\u015fte bu kitap da, bu sanat\u0131 devlet adamlar\u0131na \u00f6\u011fretmek, onlara devleti y\u00f6netme becerisi kazand\u0131rmak amac\u0131yla yaz\u0131lm\u0131\u015ft\u0131&#8230; \ufffcTan\u0131t\u0131m Metni<\/p>\n","protected":false},"excerpt":{"rendered":"<p>Siyaset, devlet i\u015flerini d\u00fczenleme ve y\u00fcr\u00fctme sanat\u0131 olarak bilinse de bu sanat\u0131n zemininde nice taktikler, nice oyunlar yat\u0131yordu&#8230; Yeri geldi\u011finde bir ikna sanat\u0131, yeri geldi\u011finde ise<span class=\"excerpt-hellip\"> [\u2026]<\/span><\/p>\n","protected":false},"featured_media":0,"template":"","meta":{"_monsterinsights_skip_tracking":false,"_monsterinsights_sitenote_active":false,"_monsterinsights_sitenote_note":"","_monsterinsights_sitenote_category":0},"product_brand":[],"product_cat":[13517,12304],"product_tag":[],"class_list":{"0":"post-705300","1":"product","2":"type-product","3":"status-publish","5":"product_cat-osmanli-tarihi","6":"product_cat-tarih","7":"pa_cilt-ciltsiz","8":"pa_tur-kitap","9":"pa_yayinevi-say-yayinlari","10":"pa_yazar-nizamulmulk","12":"first","13":"instock","14":"sale","15":"shipping-taxable","16":"purchasable","17":"product-type-simple"},"_links":{"self":[{"href":"https:\/\/roveyayinevi.com.tr\/index.php\/wp-json\/wp\/v2\/product\/705300","targetHints":{"allow":["GET"]}}],"collection":[{"href":"https:\/\/roveyayinevi.com.tr\/index.php\/wp-json\/wp\/v2\/product"}],"about":[{"href":"https:\/\/roveyayinevi.com.tr\/index.php\/wp-json\/wp\/v2\/types\/product"}],"wp:attachment":[{"href":"https:\/\/roveyayinevi.com.tr\/index.php\/wp-json\/wp\/v2\/media?parent=705300"}],"wp:term":[{"taxonomy":"product_brand","embeddable":true,"href":"https:\/\/roveyayinevi.com.tr\/index.php\/wp-json\/wp\/v2\/product_brand?post=705300"},{"taxonomy":"product_cat","embeddable":true,"href":"https:\/\/roveyayinevi.com.tr\/index.php\/wp-json\/wp\/v2\/product_cat?post=705300"},{"taxonomy":"product_tag","embeddable":true,"href":"https:\/\/roveyayinevi.com.tr\/index.php\/wp-json\/wp\/v2\/product_tag?post=705300"}],"curies":[{"name":"wp","href":"https:\/\/api.w.org\/{rel}","templated":true}]}}