{"id":705299,"date":"2025-08-27T15:44:32","date_gmt":"2025-08-27T12:44:32","guid":{"rendered":"https:\/\/roveyayinevi.com.tr\/index.php\/urun\/akdenizde-geziler\/"},"modified":"2026-04-16T02:14:03","modified_gmt":"2026-04-15T23:14:03","slug":"akdenizde-geziler","status":"publish","type":"product","link":"https:\/\/roveyayinevi.com.tr\/index.php\/urun\/akdenizde-geziler\/","title":{"rendered":"Akdeniz&#8217;de Geziler"},"content":{"rendered":"<p>\u201cK\u0131rsal alanlar\u0131n g\u00fczelli\u011fi b\u00fcy\u00fcleyici ve e\u015fsiz. \u0130nsanlar d\u00fcr\u00fcst, kibar ve yard\u0131ma haz\u0131rlar. Lord Byron \u015f\u00f6yle demi\u015fti: \u2018Ger\u00e7ek bir T\u00fcrk a\u011fas\u0131ndan ya da \u00f6zel M\u00fcsl\u00fcman beyefendisinden daha namuslu, arkada\u015f canl\u0131s\u0131 ve y\u00fcce g\u00f6n\u00fcll\u00fc bir ki\u015fi daha yoktur.\u2019 Bu sularda bir tekne i\u00e7inde, b\u00fct\u00fcn k\u0131y\u0131lar\u0131 \u00e7ok g\u00fczel ve her bir da\u011f\u0131, burnu, vadisi, \u015fehri ve k\u00f6y\u00fc eski g\u00fcnlerin parlak tarihi ile ba\u011flant\u0131l\u0131 oldu\u011fundan \u00e7ok ilgi \u00e7ekici olan Karadeniz\u2019i, Marmara Denizi\u2019ni, \u00c7anakkale Bo\u011faz\u0131\u2019n\u0131 ve Ege Denizi\u2019ni gezmek \u0130stanbul\u2019da kalma zevkine katk\u0131 sa\u011flar\u2026 \u0130stanbul\u2019dan, hayat\u0131m boyunca gezdi\u011fim t\u00fcm yerlerden daha fazla zevk ald\u0131m.\u201d <\/p>\n","protected":false},"excerpt":{"rendered":"<p>\u201cK\u0131rsal alanlar\u0131n g\u00fczelli\u011fi b\u00fcy\u00fcleyici ve e\u015fsiz. \u0130nsanlar d\u00fcr\u00fcst, kibar ve yard\u0131ma haz\u0131rlar. Lord Byron \u015f\u00f6yle demi\u015fti: \u2018Ger\u00e7ek bir T\u00fcrk a\u011fas\u0131ndan ya da \u00f6zel M\u00fcsl\u00fcman beyefendisinden daha<span class=\"excerpt-hellip\"> [\u2026]<\/span><\/p>\n","protected":false},"featured_media":0,"template":"","meta":{"_monsterinsights_skip_tracking":false,"_monsterinsights_sitenote_active":false,"_monsterinsights_sitenote_note":"","_monsterinsights_sitenote_category":0},"product_brand":[],"product_cat":[13590,12337],"product_tag":[],"class_list":{"0":"post-705299","1":"product","2":"type-product","3":"status-publish","5":"product_cat-arastirma-inceleme-politika-siyaset","6":"product_cat-politika-siyaset","7":"pa_cilt-ciltsiz","8":"pa_tur-kitap","9":"pa_yayinevi-say-yayinlari","10":"pa_yazar-grenville-temple","12":"first","13":"instock","14":"sale","15":"shipping-taxable","16":"purchasable","17":"product-type-simple"},"_links":{"self":[{"href":"https:\/\/roveyayinevi.com.tr\/index.php\/wp-json\/wp\/v2\/product\/705299","targetHints":{"allow":["GET"]}}],"collection":[{"href":"https:\/\/roveyayinevi.com.tr\/index.php\/wp-json\/wp\/v2\/product"}],"about":[{"href":"https:\/\/roveyayinevi.com.tr\/index.php\/wp-json\/wp\/v2\/types\/product"}],"wp:attachment":[{"href":"https:\/\/roveyayinevi.com.tr\/index.php\/wp-json\/wp\/v2\/media?parent=705299"}],"wp:term":[{"taxonomy":"product_brand","embeddable":true,"href":"https:\/\/roveyayinevi.com.tr\/index.php\/wp-json\/wp\/v2\/product_brand?post=705299"},{"taxonomy":"product_cat","embeddable":true,"href":"https:\/\/roveyayinevi.com.tr\/index.php\/wp-json\/wp\/v2\/product_cat?post=705299"},{"taxonomy":"product_tag","embeddable":true,"href":"https:\/\/roveyayinevi.com.tr\/index.php\/wp-json\/wp\/v2\/product_tag?post=705299"}],"curies":[{"name":"wp","href":"https:\/\/api.w.org\/{rel}","templated":true}]}}