{"id":705298,"date":"2025-08-27T15:44:32","date_gmt":"2025-08-27T12:44:32","guid":{"rendered":"https:\/\/roveyayinevi.com.tr\/index.php\/urun\/devlet-i-aliyye-osmanli-imparatorlugu-uzerine-arastirmalar-2\/"},"modified":"2026-04-16T02:14:03","modified_gmt":"2026-04-15T23:14:03","slug":"devlet-i-aliyye-osmanli-imparatorlugu-uzerine-arastirmalar-2","status":"publish","type":"product","link":"https:\/\/roveyayinevi.com.tr\/index.php\/urun\/devlet-i-aliyye-osmanli-imparatorlugu-uzerine-arastirmalar-2\/","title":{"rendered":"Devlet-i Aliyye &#8211; Osmanl\u0131 \u0130mparatorlu\u011fu \u00dczerine Ara\u015ft\u0131rmalar 2"},"content":{"rendered":"<p>Halil \u0130nalc\u0131k Devlet-i &#8216;Aliyye&#8217;nin ilk cildinde, Osmanl\u0131 Devleti&#8217;nin bir beylikten g\u00fc\u00e7l\u00fc ve k\u00f6kl\u00fc bir imparatorlu\u011fa d\u00f6n\u00fc\u015f\u00fcm\u00fcn\u00fcn \u00f6yk\u00fcs\u00fcn\u00fc konu ederek geni\u015f kitlelere ula\u015ft\u0131. Okuyucular\u0131n merakla bekledi\u011fi ikinci cildin konusu, imparatorlukta padi\u015fahl\u0131k otoritesinin yok olu\u015f s\u00fcrecinde \u00e7e\u015fitli odaklar\u0131n iktidar\u0131 ele ge\u00e7irmek i\u00e7in verdi\u011fi m\u00fccadele\u2026Halil \u0130nalc\u0131k, d\u00f6nemin tarih\u00e7ilerinin &#8220;tagayy\u00fcr ve fesad&#8221;, yani bozulu\u015f ve karga\u015fa olarak adland\u0131rd\u0131klar\u0131 bu durumu, o \u00e7a\u011f\u0131n kaynaklar\u0131ndan ve az bilinen ar\u015fiv belgelerinden de yararlanarak g\u00fcn\u00fcm\u00fcz okuyucusu i\u00e7in anlat\u0131yor, yorumluyor. <\/p>\n","protected":false},"excerpt":{"rendered":"<p>Halil \u0130nalc\u0131k Devlet-i &#8216;Aliyye&#8217;nin ilk cildinde, Osmanl\u0131 Devleti&#8217;nin bir beylikten g\u00fc\u00e7l\u00fc ve k\u00f6kl\u00fc bir imparatorlu\u011fa d\u00f6n\u00fc\u015f\u00fcm\u00fcn\u00fcn \u00f6yk\u00fcs\u00fcn\u00fc konu ederek geni\u015f kitlelere ula\u015ft\u0131. Okuyucular\u0131n merakla bekledi\u011fi ikinci<span class=\"excerpt-hellip\"> [\u2026]<\/span><\/p>\n","protected":false},"featured_media":0,"template":"","meta":{"_monsterinsights_skip_tracking":false,"_monsterinsights_sitenote_active":false,"_monsterinsights_sitenote_note":"","_monsterinsights_sitenote_category":0},"product_brand":[],"product_cat":[13517,12304],"product_tag":[],"class_list":{"0":"post-705298","1":"product","2":"type-product","3":"status-publish","5":"product_cat-osmanli-tarihi","6":"product_cat-tarih","7":"pa_cilt-ciltsiz","8":"pa_tur-kitap","9":"pa_yayinevi-is-bankasi-kultur-yayinlari","10":"pa_yazar-halil-inalcik","12":"first","13":"instock","14":"sale","15":"shipping-taxable","16":"purchasable","17":"product-type-simple"},"_links":{"self":[{"href":"https:\/\/roveyayinevi.com.tr\/index.php\/wp-json\/wp\/v2\/product\/705298","targetHints":{"allow":["GET"]}}],"collection":[{"href":"https:\/\/roveyayinevi.com.tr\/index.php\/wp-json\/wp\/v2\/product"}],"about":[{"href":"https:\/\/roveyayinevi.com.tr\/index.php\/wp-json\/wp\/v2\/types\/product"}],"wp:attachment":[{"href":"https:\/\/roveyayinevi.com.tr\/index.php\/wp-json\/wp\/v2\/media?parent=705298"}],"wp:term":[{"taxonomy":"product_brand","embeddable":true,"href":"https:\/\/roveyayinevi.com.tr\/index.php\/wp-json\/wp\/v2\/product_brand?post=705298"},{"taxonomy":"product_cat","embeddable":true,"href":"https:\/\/roveyayinevi.com.tr\/index.php\/wp-json\/wp\/v2\/product_cat?post=705298"},{"taxonomy":"product_tag","embeddable":true,"href":"https:\/\/roveyayinevi.com.tr\/index.php\/wp-json\/wp\/v2\/product_tag?post=705298"}],"curies":[{"name":"wp","href":"https:\/\/api.w.org\/{rel}","templated":true}]}}