{"id":705295,"date":"2025-08-27T15:44:30","date_gmt":"2025-08-27T12:44:30","guid":{"rendered":"https:\/\/roveyayinevi.com.tr\/index.php\/urun\/ve-tanri-aptali-yaratti\/"},"modified":"2026-04-16T02:14:03","modified_gmt":"2026-04-15T23:14:03","slug":"ve-tanri-aptali-yaratti","status":"publish","type":"product","link":"https:\/\/roveyayinevi.com.tr\/index.php\/urun\/ve-tanri-aptali-yaratti\/","title":{"rendered":"Ve Tanr\u0131 Aptal\u0131 Yaratt\u0131"},"content":{"rendered":"<p>Evvel zaman i\u00e7inde kalbur saman i\u00e7inde\u2026   diye ba\u015flay\u0131p, sonu hep mutlu biten masallar\u0131n \u00fczerinden hayli zaman ge\u00e7ti. D\u00fcn kom\u015funun k\u00fc\u00e7\u00fck peri k\u0131z\u0131n\u0131 dizimin dibine oturtup, masal anlatmaya y\u0131rt\u0131n\u0131rken daha iyi anlad\u0131m bunu. Masal dedi\u011fin \u015fey bir   uydurma   m\u00fcessesi oldu\u011fundan, akl\u0131 \u00e7a\u011f\u0131n ard\u0131na tak\u0131l\u0131p giden bu yeni nesil pek yemiyor art\u0131k bu masallar\u0131. Zann\u0131mca bu ipe sapa gelmez masallarla bolca uyutulan,   Kelo\u011flan&#8217;\u0131n Tokma\u011f\u0131  n\u0131 okuyup evdeki merdaneyi kapt\u0131\u011f\u0131n gibi mahalle \u00e7ocuklar\u0131n\u0131n kafas\u0131n\u0131 yaran, tek geri zekal\u0131 nesil bizdik. Zaten o masal kahramanlar\u0131n\u0131n bir\u00e7o\u011fu, bug\u00fcn pek de mutlu sonla biten bir hayat ya\u015fam\u0131yorlar. Ben, ak\u0131betlerini merak edenler i\u00e7in, hepsini sordum soru\u015fturdum, gittim g\u00f6rd\u00fcm; K\u0131rm\u0131z\u0131 ba\u015fl\u0131kl\u0131 k\u0131z, kurt&#8217;dan kurtulup kocaya ka\u00e7t\u0131\u011f\u0131ndan beri 6 \u00e7ocuk yapm\u0131\u015f, \u015eeng\u00fcller Apartman\u0131nda g\u00fcndelik tutuyor. Kocas\u0131 Peter Pan masaldan iyi k\u00f6t\u00fc emekli olmu\u015f, keyifle u\u00e7tu\u011fu g\u00fcnler akl\u0131na geldik\u00e7e; art\u0131k \u00e7areyi ispirtoyla u\u00e7makta bulmu\u015f. Pinokyo, Gepetto babas\u0131n\u0131 topra\u011fa vermi\u015f, babadan kalan marangozda zar zor idare ediyor garibim. Hansel&#8217;le Gretel, Sa\u011f&#8217;\u0131 Sol&#8217;u kar\u0131\u015ft\u0131r\u0131p ormanda kaybolduklar\u0131 (!) g\u00fcnden beri hala bir haber al\u0131namam\u0131\u015f. S\u00f6ylentiler, \u00e7akallar\u0131n bu \u00e7ocuklar\u0131 da par\u00e7alad\u0131\u011f\u0131 y\u00f6n\u00fcnde. Alice ise, \u00e7irkefli\u011fi tavan yapm\u0131\u015f, Harikalar Diyar\u0131&#8217;n\u0131 birbirine katan bir yosma olmu\u015f, gece g\u00fcnd\u00fcz karakol ar\u015f\u0131nl\u0131yormu\u015f. Pembe Panter, renginin ahengine kap\u0131l\u0131p kuyru\u011funu(!) kestirmi\u015f   Off yavrum!   t\u00fcr\u00fcnde bir di\u015fi olaraktan Tarlaba\u015f\u0131 civar\u0131 i\u015f tutmakta. Rapunzel k\u0131z\u0131m\u0131z kulesinde, ahenkle dans eden sa\u00e7lar\u0131yla hala talibini bekliyor. E\u011fer yazmaktan vakit bulursam bir ko\u015fu gidip t\u0131rmanmaya niyetliyim. Uyuyan G\u00fczel, uyumadan evvel yalanc\u0131 \u00e7oban&#8217;dan ald\u0131\u011f\u0131 \u00c7in mal\u0131 \u00e7alar saati kurup, kafay\u0131 yast\u0131\u011fa g\u00f6md\u00fc\u011f\u00fcnden beri 135 y\u0131l ge\u00e7mi\u015f. Ama saatte hala bir   t\u0131k   yokmu\u015f. <\/p>\n","protected":false},"excerpt":{"rendered":"<p>Evvel zaman i\u00e7inde kalbur saman i\u00e7inde\u2026 diye ba\u015flay\u0131p, sonu hep mutlu biten masallar\u0131n \u00fczerinden hayli zaman ge\u00e7ti. D\u00fcn kom\u015funun k\u00fc\u00e7\u00fck peri k\u0131z\u0131n\u0131 dizimin dibine oturtup, masal<span class=\"excerpt-hellip\"> [\u2026]<\/span><\/p>\n","protected":false},"featured_media":0,"template":"","meta":{"_monsterinsights_skip_tracking":false,"_monsterinsights_sitenote_active":false,"_monsterinsights_sitenote_note":"","_monsterinsights_sitenote_category":0},"product_brand":[],"product_cat":[12777,12291],"product_tag":[],"class_list":{"0":"post-705295","1":"product","2":"type-product","3":"status-publish","5":"product_cat-deneme","6":"product_cat-edebiyat","7":"pa_tur-kitap","8":"pa_yayinevi-herdem-kitap","9":"pa_yazar-gencay-divitcioglu","11":"first","12":"instock","13":"sale","14":"shipping-taxable","15":"purchasable","16":"product-type-simple"},"_links":{"self":[{"href":"https:\/\/roveyayinevi.com.tr\/index.php\/wp-json\/wp\/v2\/product\/705295","targetHints":{"allow":["GET"]}}],"collection":[{"href":"https:\/\/roveyayinevi.com.tr\/index.php\/wp-json\/wp\/v2\/product"}],"about":[{"href":"https:\/\/roveyayinevi.com.tr\/index.php\/wp-json\/wp\/v2\/types\/product"}],"wp:attachment":[{"href":"https:\/\/roveyayinevi.com.tr\/index.php\/wp-json\/wp\/v2\/media?parent=705295"}],"wp:term":[{"taxonomy":"product_brand","embeddable":true,"href":"https:\/\/roveyayinevi.com.tr\/index.php\/wp-json\/wp\/v2\/product_brand?post=705295"},{"taxonomy":"product_cat","embeddable":true,"href":"https:\/\/roveyayinevi.com.tr\/index.php\/wp-json\/wp\/v2\/product_cat?post=705295"},{"taxonomy":"product_tag","embeddable":true,"href":"https:\/\/roveyayinevi.com.tr\/index.php\/wp-json\/wp\/v2\/product_tag?post=705295"}],"curies":[{"name":"wp","href":"https:\/\/api.w.org\/{rel}","templated":true}]}}