{"id":705290,"date":"2025-08-27T15:44:28","date_gmt":"2025-08-27T12:44:28","guid":{"rendered":"https:\/\/roveyayinevi.com.tr\/index.php\/urun\/jul-sezarin-olumu\/"},"modified":"2026-04-16T02:14:03","modified_gmt":"2026-04-15T23:14:03","slug":"jul-sezarin-olumu","status":"publish","type":"product","link":"https:\/\/roveyayinevi.com.tr\/index.php\/urun\/jul-sezarin-olumu\/","title":{"rendered":"J\u00fcl Sezar&#8217;\u0131n \u00d6l\u00fcm\u00fc"},"content":{"rendered":"<p>Eski Roma\u2019n\u0131n en \u00fcnl\u00fc generali, Galya Fatihi J\u00fcl Sezar\u2019\u0131n \u00f6ld\u00fcr\u00fcl\u00fc\u015f\u00fc Shakespeare sayesinde tarihteki en \u00fcnl\u00fc suikast olarak bilinegelmi\u015ftir. Ama M\u00d6 44 Mart\u2019\u0131nda olup bitenler Shakespeare\u2019in \u00f6l\u00fcms\u00fcz eserinde anlat\u0131lanlardan \u00e7ok daha \u00e7arp\u0131c\u0131d\u0131r. Yazar Barry Strauss\u2019a g\u00f6re J\u00fcl Sezar\u2019\u0131n \u00f6ld\u00fcr\u00fcl\u00fc\u015f\u00fc itinayla planlanm\u0131\u015f paramiliter bir operasyondur. Suikast\u00e7\u0131lar, Cumhuriyet\u2019i y\u0131k\u0131p yerine krall\u0131\u011f\u0131 getirerek Roma devlet d\u00fczenini ve siyaset yapma tarz\u0131n\u0131 de\u011fi\u015ftirmek niyetinde oldu\u011funa inand\u0131klar\u0131 J\u00fcl Sezar\u2019\u0131 ortadan kald\u0131rmak istemi\u015flerdir. Titiz tarih\u00e7i Barry Strauss J\u00fcl Sezar\u2019\u0131n \u00d6l\u00fcm\u00fc\u2019nde Eski Roma tarihinin d\u00f6n\u00fcm noktas\u0131n\u0131 olu\u015fturan olaylar dizisini polisiye roman tad\u0131nda kaleme al\u0131yor. <\/p>\n","protected":false},"excerpt":{"rendered":"<p>Eski Roma\u2019n\u0131n en \u00fcnl\u00fc generali, Galya Fatihi J\u00fcl Sezar\u2019\u0131n \u00f6ld\u00fcr\u00fcl\u00fc\u015f\u00fc Shakespeare sayesinde tarihteki en \u00fcnl\u00fc suikast olarak bilinegelmi\u015ftir. Ama M\u00d6 44 Mart\u2019\u0131nda olup bitenler Shakespeare\u2019in \u00f6l\u00fcms\u00fcz<span class=\"excerpt-hellip\"> [\u2026]<\/span><\/p>\n","protected":false},"featured_media":0,"template":"","meta":{"_monsterinsights_skip_tracking":false,"_monsterinsights_sitenote_active":false,"_monsterinsights_sitenote_note":"","_monsterinsights_sitenote_category":0},"product_brand":[],"product_cat":[12291,12745],"product_tag":[],"class_list":{"0":"post-705290","1":"product","2":"type-product","3":"status-publish","5":"product_cat-edebiyat","6":"product_cat-tarihi-roman","7":"pa_cilt-ciltsiz","8":"pa_tur-kitap","9":"pa_yayinevi-say-yayinlari","10":"pa_yazar-barry-strauss","12":"first","13":"instock","14":"sale","15":"shipping-taxable","16":"purchasable","17":"product-type-simple"},"_links":{"self":[{"href":"https:\/\/roveyayinevi.com.tr\/index.php\/wp-json\/wp\/v2\/product\/705290","targetHints":{"allow":["GET"]}}],"collection":[{"href":"https:\/\/roveyayinevi.com.tr\/index.php\/wp-json\/wp\/v2\/product"}],"about":[{"href":"https:\/\/roveyayinevi.com.tr\/index.php\/wp-json\/wp\/v2\/types\/product"}],"wp:attachment":[{"href":"https:\/\/roveyayinevi.com.tr\/index.php\/wp-json\/wp\/v2\/media?parent=705290"}],"wp:term":[{"taxonomy":"product_brand","embeddable":true,"href":"https:\/\/roveyayinevi.com.tr\/index.php\/wp-json\/wp\/v2\/product_brand?post=705290"},{"taxonomy":"product_cat","embeddable":true,"href":"https:\/\/roveyayinevi.com.tr\/index.php\/wp-json\/wp\/v2\/product_cat?post=705290"},{"taxonomy":"product_tag","embeddable":true,"href":"https:\/\/roveyayinevi.com.tr\/index.php\/wp-json\/wp\/v2\/product_tag?post=705290"}],"curies":[{"name":"wp","href":"https:\/\/api.w.org\/{rel}","templated":true}]}}