{"id":705289,"date":"2025-08-27T15:44:28","date_gmt":"2025-08-27T12:44:28","guid":{"rendered":"https:\/\/roveyayinevi.com.tr\/index.php\/urun\/insan-ruhu\/"},"modified":"2026-04-16T02:14:03","modified_gmt":"2026-04-15T23:14:03","slug":"insan-ruhu","status":"publish","type":"product","link":"https:\/\/roveyayinevi.com.tr\/index.php\/urun\/insan-ruhu\/","title":{"rendered":"\u0130nsan Ruhu"},"content":{"rendered":"<p>Kryon \u00e7eyrek y\u00fczy\u0131ld\u0131r Lee Carroll kanal\u0131yla t\u00fcm insanl\u0131\u011fa \u00e7ok \u00f6nemli, ayd\u0131nlat\u0131c\u0131 ve sevgi dolu spirit\u00fcel mesajlar vermi\u015f ve onun bir\u00e7ok dile \u00e7evrilen kitaplar\u0131 bu bilgilerin d\u00fcnya \u00e7ap\u0131nda bilinip sevilmesine neden olmu\u015ftur. \ufffcTan\u0131t\u0131m Metni<\/p>\n","protected":false},"excerpt":{"rendered":"<p>Kryon \u00e7eyrek y\u00fczy\u0131ld\u0131r Lee Carroll kanal\u0131yla t\u00fcm insanl\u0131\u011fa \u00e7ok \u00f6nemli, ayd\u0131nlat\u0131c\u0131 ve sevgi dolu spirit\u00fcel mesajlar vermi\u015f ve onun bir\u00e7ok dile \u00e7evrilen kitaplar\u0131 bu bilgilerin d\u00fcnya<span class=\"excerpt-hellip\"> [\u2026]<\/span><\/p>\n","protected":false},"featured_media":0,"template":"","meta":{"_monsterinsights_skip_tracking":false,"_monsterinsights_sitenote_active":false,"_monsterinsights_sitenote_note":"","_monsterinsights_sitenote_category":0},"product_brand":[],"product_cat":[12389,12388],"product_tag":[],"class_list":{"0":"post-705289","1":"product","2":"type-product","3":"status-publish","5":"product_cat-diger-felsefe","6":"product_cat-felsefe","7":"pa_tur-kitap","8":"pa_yayinevi-akasa-yayinlari","9":"pa_yazar-monika-muranyi","11":"first","12":"instock","13":"sale","14":"shipping-taxable","15":"purchasable","16":"product-type-simple"},"_links":{"self":[{"href":"https:\/\/roveyayinevi.com.tr\/index.php\/wp-json\/wp\/v2\/product\/705289","targetHints":{"allow":["GET"]}}],"collection":[{"href":"https:\/\/roveyayinevi.com.tr\/index.php\/wp-json\/wp\/v2\/product"}],"about":[{"href":"https:\/\/roveyayinevi.com.tr\/index.php\/wp-json\/wp\/v2\/types\/product"}],"wp:attachment":[{"href":"https:\/\/roveyayinevi.com.tr\/index.php\/wp-json\/wp\/v2\/media?parent=705289"}],"wp:term":[{"taxonomy":"product_brand","embeddable":true,"href":"https:\/\/roveyayinevi.com.tr\/index.php\/wp-json\/wp\/v2\/product_brand?post=705289"},{"taxonomy":"product_cat","embeddable":true,"href":"https:\/\/roveyayinevi.com.tr\/index.php\/wp-json\/wp\/v2\/product_cat?post=705289"},{"taxonomy":"product_tag","embeddable":true,"href":"https:\/\/roveyayinevi.com.tr\/index.php\/wp-json\/wp\/v2\/product_tag?post=705289"}],"curies":[{"name":"wp","href":"https:\/\/api.w.org\/{rel}","templated":true}]}}