{"id":705288,"date":"2025-08-27T15:44:28","date_gmt":"2025-08-27T12:44:28","guid":{"rendered":"https:\/\/roveyayinevi.com.tr\/index.php\/urun\/istencin-ozgur-tercihi-uzerine\/"},"modified":"2026-04-16T02:14:03","modified_gmt":"2026-04-15T23:14:03","slug":"istencin-ozgur-tercihi-uzerine","status":"publish","type":"product","link":"https:\/\/roveyayinevi.com.tr\/index.php\/urun\/istencin-ozgur-tercihi-uzerine\/","title":{"rendered":"\u0130stencin \u00d6zg\u00fcr Tercihi \u00dczerine"},"content":{"rendered":"<p>\u0130stencin g\u00fcc\u00fcn\u00fcn bu kadar fazla olmas\u0131n\u0131 sa\u011flayan \u015fey istencin kendisidir. \u0130yi bir istence sahip olmak b\u00fct\u00fcn d\u00fcnyevi krall\u0131klardan ve hazlardan daha de\u011ferli bir \u015feye sahip olmakt\u0131r; ondan yoksun kalmaksa sadece istencin kendisinin verebilece\u011fi, g\u00fcc\u00fcm\u00fcz dahilinde olmayan b\u00fct\u00fcn iyiliklerden daha iyi bir \u015feyden yoksun kalmakt\u0131r. Baz\u0131 insanlar e\u011fer g\u00f6rkemli bir itibar, b\u00fcy\u00fck zenginlik ve bedenlerine iyi gelecek \u015feyler elde edemezlerse b\u00fct\u00fcn\u00fcyle sefil olacaklar\u0131n\u0131 d\u00fc\u015f\u00fcn\u00fcrler. Peki, sen onlar\u0131n bu t\u00fcrden \u015feylere bolca sahip olsalar bile, iyi bir istence sahip olmad\u0131k\u00e7a b\u00fct\u00fcn\u00fcyle sefil olaca\u011f\u0131n\u0131 d\u00fc\u015f\u00fcnm\u00fcyor musun? \u00c7\u00fcnk\u00fc h\u0131zla elde ettikleri \u015feyleri kolayca kaybederler ve istedikleri zaman onlara sahip olamazlar. Dahas\u0131 b\u00fct\u00fcn bu \u015feylerle k\u0131yaslanamayacak olan iyi bir isten\u00e7ten de yoksundurlar; o kadar b\u00fcy\u00fck bir iyilik olmas\u0131na ra\u011fmen ona sahip olmak i\u00e7in gerekli olan yaln\u0131zca istemektir. <\/p>\n","protected":false},"excerpt":{"rendered":"<p>\u0130stencin g\u00fcc\u00fcn\u00fcn bu kadar fazla olmas\u0131n\u0131 sa\u011flayan \u015fey istencin kendisidir. \u0130yi bir istence sahip olmak b\u00fct\u00fcn d\u00fcnyevi krall\u0131klardan ve hazlardan daha de\u011ferli bir \u015feye sahip olmakt\u0131r;<span class=\"excerpt-hellip\"> [\u2026]<\/span><\/p>\n","protected":false},"featured_media":0,"template":"","meta":{"_monsterinsights_skip_tracking":false,"_monsterinsights_sitenote_active":false,"_monsterinsights_sitenote_note":"","_monsterinsights_sitenote_category":0},"product_brand":[],"product_cat":[20351,12388],"product_tag":[],"class_list":{"0":"post-705288","1":"product","2":"type-product","3":"status-publish","5":"product_cat-dusunce","6":"product_cat-felsefe","7":"pa_cilt-ciltsiz","8":"pa_tur-kitap","9":"pa_yayinevi-say-yayinlari","10":"pa_yazar-aurelius-augustinus","12":"first","13":"instock","14":"sale","15":"shipping-taxable","16":"purchasable","17":"product-type-simple"},"_links":{"self":[{"href":"https:\/\/roveyayinevi.com.tr\/index.php\/wp-json\/wp\/v2\/product\/705288","targetHints":{"allow":["GET"]}}],"collection":[{"href":"https:\/\/roveyayinevi.com.tr\/index.php\/wp-json\/wp\/v2\/product"}],"about":[{"href":"https:\/\/roveyayinevi.com.tr\/index.php\/wp-json\/wp\/v2\/types\/product"}],"wp:attachment":[{"href":"https:\/\/roveyayinevi.com.tr\/index.php\/wp-json\/wp\/v2\/media?parent=705288"}],"wp:term":[{"taxonomy":"product_brand","embeddable":true,"href":"https:\/\/roveyayinevi.com.tr\/index.php\/wp-json\/wp\/v2\/product_brand?post=705288"},{"taxonomy":"product_cat","embeddable":true,"href":"https:\/\/roveyayinevi.com.tr\/index.php\/wp-json\/wp\/v2\/product_cat?post=705288"},{"taxonomy":"product_tag","embeddable":true,"href":"https:\/\/roveyayinevi.com.tr\/index.php\/wp-json\/wp\/v2\/product_tag?post=705288"}],"curies":[{"name":"wp","href":"https:\/\/api.w.org\/{rel}","templated":true}]}}