{"id":705286,"date":"2025-08-27T15:44:27","date_gmt":"2025-08-27T12:44:27","guid":{"rendered":"https:\/\/roveyayinevi.com.tr\/index.php\/urun\/iletisim-aygitlari-aginda-toplum\/"},"modified":"2026-04-16T02:14:03","modified_gmt":"2026-04-15T23:14:03","slug":"iletisim-aygitlari-aginda-toplum","status":"publish","type":"product","link":"https:\/\/roveyayinevi.com.tr\/index.php\/urun\/iletisim-aygitlari-aginda-toplum\/","title":{"rendered":"\u0130leti\u015fim Ayg\u0131tlar\u0131 A\u011f\u0131nda Toplum"},"content":{"rendered":"<p>Bug\u00fcn \u015fiddet, korku, g\u00fcvensizlik, cinnet, yaln\u0131zl\u0131k, paranoya ve mutsuzluk gibi bir dizi sorunun, kapitalist toplum modelinin ekonomik ve ideolojik anlay\u0131\u015f\u0131ndan kaynakland\u0131\u011f\u0131 ortadad\u0131r. Sistemin \u00fcretti\u011fi sosyal sorunlar\u0131n kayna\u011f\u0131n\u0131 ve failleri \u00f6rtbas etme i\u015flevi g\u00f6ren ileti\u015fim ayg\u0131tlar\u0131, insanlar\u0131 e\u011flence ve t\u00fcketim k\u00fclt\u00fcr\u00fcne hapsederek bilin\u00e7lerine m\u00fcdahale etmekte ve patolojik bir toplum \u00fcretmektedir. \ufffcTan\u0131t\u0131m Metni<\/p>\n","protected":false},"excerpt":{"rendered":"<p>Bug\u00fcn \u015fiddet, korku, g\u00fcvensizlik, cinnet, yaln\u0131zl\u0131k, paranoya ve mutsuzluk gibi bir dizi sorunun, kapitalist toplum modelinin ekonomik ve ideolojik anlay\u0131\u015f\u0131ndan kaynakland\u0131\u011f\u0131 ortadad\u0131r. Sistemin \u00fcretti\u011fi sosyal sorunlar\u0131n<span class=\"excerpt-hellip\"> [\u2026]<\/span><\/p>\n","protected":false},"featured_media":0,"template":"","meta":{"_monsterinsights_skip_tracking":false,"_monsterinsights_sitenote_active":false,"_monsterinsights_sitenote_note":"","_monsterinsights_sitenote_category":0},"product_brand":[],"product_cat":[15983,13488],"product_tag":[],"class_list":{"0":"post-705286","1":"product","2":"type-product","3":"status-publish","5":"product_cat-iletisim-ve-medya","6":"product_cat-toplum-ve-insan","7":"pa_cilt-ciltsiz","8":"pa_tur-kitap","9":"pa_yayinevi-yurtrenkleri-yayinevi","10":"pa_yazar-tahir-karaboga","12":"first","13":"instock","14":"sale","15":"shipping-taxable","16":"purchasable","17":"product-type-simple"},"_links":{"self":[{"href":"https:\/\/roveyayinevi.com.tr\/index.php\/wp-json\/wp\/v2\/product\/705286","targetHints":{"allow":["GET"]}}],"collection":[{"href":"https:\/\/roveyayinevi.com.tr\/index.php\/wp-json\/wp\/v2\/product"}],"about":[{"href":"https:\/\/roveyayinevi.com.tr\/index.php\/wp-json\/wp\/v2\/types\/product"}],"wp:attachment":[{"href":"https:\/\/roveyayinevi.com.tr\/index.php\/wp-json\/wp\/v2\/media?parent=705286"}],"wp:term":[{"taxonomy":"product_brand","embeddable":true,"href":"https:\/\/roveyayinevi.com.tr\/index.php\/wp-json\/wp\/v2\/product_brand?post=705286"},{"taxonomy":"product_cat","embeddable":true,"href":"https:\/\/roveyayinevi.com.tr\/index.php\/wp-json\/wp\/v2\/product_cat?post=705286"},{"taxonomy":"product_tag","embeddable":true,"href":"https:\/\/roveyayinevi.com.tr\/index.php\/wp-json\/wp\/v2\/product_tag?post=705286"}],"curies":[{"name":"wp","href":"https:\/\/api.w.org\/{rel}","templated":true}]}}