{"id":705283,"date":"2025-08-27T15:44:26","date_gmt":"2025-08-27T12:44:26","guid":{"rendered":"https:\/\/roveyayinevi.com.tr\/index.php\/urun\/kanli-icat\/"},"modified":"2026-04-16T02:14:03","modified_gmt":"2026-04-15T23:14:03","slug":"kanli-icat","status":"publish","type":"product","link":"https:\/\/roveyayinevi.com.tr\/index.php\/urun\/kanli-icat\/","title":{"rendered":"Kanl\u0131 \u0130cat"},"content":{"rendered":"<p>Bir kan davas\u0131n\u0131n hedefindeki gen\u00e7 mucidin yapt\u0131\u011f\u0131 alet dikkat \u00e7eker. Uluslararas\u0131 bir enerji \u015firketi bu aleti ele ge\u00e7irmeye \u00e7al\u0131\u015f\u0131rken, gen\u00e7 mucit \u00f6l\u00fc bulunur. Katil kan daval\u0131s\u0131 m\u0131 yoksa enerji \u015firketinin tetik\u00e7isi mi? <\/p>\n","protected":false},"excerpt":{"rendered":"<p>Bir kan davas\u0131n\u0131n hedefindeki gen\u00e7 mucidin yapt\u0131\u011f\u0131 alet dikkat \u00e7eker. Uluslararas\u0131 bir enerji \u015firketi bu aleti ele ge\u00e7irmeye \u00e7al\u0131\u015f\u0131rken, gen\u00e7 mucit \u00f6l\u00fc bulunur. Katil kan daval\u0131s\u0131<span class=\"excerpt-hellip\"> [\u2026]<\/span><\/p>\n","protected":false},"featured_media":0,"template":"","meta":{"_monsterinsights_skip_tracking":false,"_monsterinsights_sitenote_active":false,"_monsterinsights_sitenote_note":"","_monsterinsights_sitenote_category":0},"product_brand":[],"product_cat":[12291,12711],"product_tag":[],"class_list":{"0":"post-705283","1":"product","2":"type-product","3":"status-publish","5":"product_cat-edebiyat","6":"product_cat-roman-oyku","7":"pa_tur-kitap","8":"pa_yayinevi-hayat-yayinlari","9":"pa_yazar-gencosman-denizci","11":"first","12":"instock","13":"sale","14":"shipping-taxable","15":"purchasable","16":"product-type-simple"},"_links":{"self":[{"href":"https:\/\/roveyayinevi.com.tr\/index.php\/wp-json\/wp\/v2\/product\/705283","targetHints":{"allow":["GET"]}}],"collection":[{"href":"https:\/\/roveyayinevi.com.tr\/index.php\/wp-json\/wp\/v2\/product"}],"about":[{"href":"https:\/\/roveyayinevi.com.tr\/index.php\/wp-json\/wp\/v2\/types\/product"}],"wp:attachment":[{"href":"https:\/\/roveyayinevi.com.tr\/index.php\/wp-json\/wp\/v2\/media?parent=705283"}],"wp:term":[{"taxonomy":"product_brand","embeddable":true,"href":"https:\/\/roveyayinevi.com.tr\/index.php\/wp-json\/wp\/v2\/product_brand?post=705283"},{"taxonomy":"product_cat","embeddable":true,"href":"https:\/\/roveyayinevi.com.tr\/index.php\/wp-json\/wp\/v2\/product_cat?post=705283"},{"taxonomy":"product_tag","embeddable":true,"href":"https:\/\/roveyayinevi.com.tr\/index.php\/wp-json\/wp\/v2\/product_tag?post=705283"}],"curies":[{"name":"wp","href":"https:\/\/api.w.org\/{rel}","templated":true}]}}