{"id":705275,"date":"2025-08-27T15:44:23","date_gmt":"2025-08-27T12:44:23","guid":{"rendered":"https:\/\/roveyayinevi.com.tr\/index.php\/urun\/genc-wertherin-acilari-6\/"},"modified":"2026-04-16T02:14:03","modified_gmt":"2026-04-15T23:14:03","slug":"genc-wertherin-acilari-6","status":"publish","type":"product","link":"https:\/\/roveyayinevi.com.tr\/index.php\/urun\/genc-wertherin-acilari-6\/","title":{"rendered":"Gen\u00e7 Werther&#8217;in Ac\u0131lar\u0131"},"content":{"rendered":"<p>\u0130nsan\u0131 hayata ba\u011flayan say\u0131s\u0131z yol vard\u0131r. A\u015fk da bu yollardan biri, belki de en g\u00fczeli. Ama g\u00fczel oldu\u011fu kadar tehlikelidir de a\u015fk! Mant\u0131\u011f\u0131n ve akl\u0131n \u00f6tesindedir \u00e7\u00fcnk\u00fc: \u0130\u00e7eride, diplerde ger\u00e7ekle\u015fen bir patlama, kendini a\u015f\u0131p y\u0131kma, sevilen ki\u015fide birle\u015fme, erime, hatta kaybolma arzusudur. Her a\u015fk kavu\u015fma arzusunun etraf\u0131nda d\u00f6ner. Kavu\u015fmak imk\u00e2ns\u0131z bir hal ald\u0131\u011f\u0131nda, infilak etmeyi de g\u00f6ze al\u0131r. Goethe\u2019nin Gen\u00e7 Werther\u2019in Ac\u0131lar\u0131, kavu\u015famaman\u0131n yaratt\u0131\u011f\u0131 sars\u0131nt\u0131lar\u0131 i\u015fleyen kusursuz bir a\u015fk anlat\u0131s\u0131. A\u015fka tutulmu\u015f insan\u0131n neredeyse b\u00fct\u00fcn halleri berrak bir dille, derinlere inen bir bak\u0131\u015fla resmediliyor, \u201c\u015f\u00fcphe\u201d bile: <\/p>\n","protected":false},"excerpt":{"rendered":"<p>\u0130nsan\u0131 hayata ba\u011flayan say\u0131s\u0131z yol vard\u0131r. A\u015fk da bu yollardan biri, belki de en g\u00fczeli. Ama g\u00fczel oldu\u011fu kadar tehlikelidir de a\u015fk! Mant\u0131\u011f\u0131n ve akl\u0131n \u00f6tesindedir<span class=\"excerpt-hellip\"> [\u2026]<\/span><\/p>\n","protected":false},"featured_media":0,"template":"","meta":{"_monsterinsights_skip_tracking":false,"_monsterinsights_sitenote_active":false,"_monsterinsights_sitenote_note":"","_monsterinsights_sitenote_category":0},"product_brand":[],"product_cat":[12291,12711],"product_tag":[],"class_list":{"0":"post-705275","1":"product","2":"type-product","3":"status-publish","5":"product_cat-edebiyat","6":"product_cat-roman-oyku","7":"pa_cilt-ciltsiz","8":"pa_tur-kitap","9":"pa_yayinevi-ayrinti-yayinlari","10":"pa_yazar-johann-wolfgang-von-goethe","12":"first","13":"instock","14":"sale","15":"shipping-taxable","16":"purchasable","17":"product-type-simple"},"_links":{"self":[{"href":"https:\/\/roveyayinevi.com.tr\/index.php\/wp-json\/wp\/v2\/product\/705275","targetHints":{"allow":["GET"]}}],"collection":[{"href":"https:\/\/roveyayinevi.com.tr\/index.php\/wp-json\/wp\/v2\/product"}],"about":[{"href":"https:\/\/roveyayinevi.com.tr\/index.php\/wp-json\/wp\/v2\/types\/product"}],"wp:attachment":[{"href":"https:\/\/roveyayinevi.com.tr\/index.php\/wp-json\/wp\/v2\/media?parent=705275"}],"wp:term":[{"taxonomy":"product_brand","embeddable":true,"href":"https:\/\/roveyayinevi.com.tr\/index.php\/wp-json\/wp\/v2\/product_brand?post=705275"},{"taxonomy":"product_cat","embeddable":true,"href":"https:\/\/roveyayinevi.com.tr\/index.php\/wp-json\/wp\/v2\/product_cat?post=705275"},{"taxonomy":"product_tag","embeddable":true,"href":"https:\/\/roveyayinevi.com.tr\/index.php\/wp-json\/wp\/v2\/product_tag?post=705275"}],"curies":[{"name":"wp","href":"https:\/\/api.w.org\/{rel}","templated":true}]}}