{"id":705270,"date":"2025-08-27T15:44:21","date_gmt":"2025-08-27T12:44:21","guid":{"rendered":"https:\/\/roveyayinevi.com.tr\/index.php\/urun\/benim-adim-neymar\/"},"modified":"2026-04-13T02:17:38","modified_gmt":"2026-04-12T23:17:38","slug":"benim-adim-neymar","status":"publish","type":"product","link":"https:\/\/roveyayinevi.com.tr\/index.php\/urun\/benim-adim-neymar\/","title":{"rendered":"Benim Ad\u0131m Neymar"},"content":{"rendered":"<p>Neymar\u2019\u0131n yoksulluktan zirveye uzan\u0131\u015f\u0131n\u0131n \u00f6yk\u00fcs\u00fc\u2026Brezilyal\u0131 Santos ailesi, 1992 y\u0131l\u0131nda bir araba kazas\u0131 ge\u00e7irdi\u2026D\u00f6rt ayl\u0131k bebekleri, bu kazadan sa\u011f kurtuldu\u2026O bebek, bug\u00fcn Barselona Futbol Kul\u00fcb\u00fc\u2019n\u00fcn as oyuncular\u0131ndan biri olan Neymar da Silva Santos Junior idi.Bu kitapta inan\u00e7 ve fedakarl\u0131\u011f\u0131n yoksullu\u011fa nas\u0131l \u00fcst\u00fcn geldi\u011fini, Neymar Jr.\u2019\u0131n nas\u0131l g\u00fcn\u00fcm\u00fcz\u00fcn en \u00fcnl\u00fc futbolcular\u0131ndan birine d\u00f6n\u00fc\u015ft\u00fc\u011f\u00fcn\u00fc okuyacaks\u0131n\u0131z.<\/p>\n","protected":false},"excerpt":{"rendered":"<p>Neymar\u2019\u0131n yoksulluktan zirveye uzan\u0131\u015f\u0131n\u0131n \u00f6yk\u00fcs\u00fc\u2026Brezilyal\u0131 Santos ailesi, 1992 y\u0131l\u0131nda bir araba kazas\u0131 ge\u00e7irdi\u2026D\u00f6rt ayl\u0131k bebekleri, bu kazadan sa\u011f kurtuldu\u2026O bebek, bug\u00fcn Barselona Futbol Kul\u00fcb\u00fc\u2019n\u00fcn as oyuncular\u0131ndan<span class=\"excerpt-hellip\"> [\u2026]<\/span><\/p>\n","protected":false},"featured_media":0,"template":"","meta":{"_monsterinsights_skip_tracking":false,"_monsterinsights_sitenote_active":false,"_monsterinsights_sitenote_note":"","_monsterinsights_sitenote_category":0},"product_brand":[],"product_cat":[14009,12291],"product_tag":[],"class_list":{"0":"post-705270","1":"product","2":"type-product","3":"status-publish","5":"product_cat-biyografi-otobiyografi-edebiyat","6":"product_cat-edebiyat","7":"pa_cilt-ciltsiz","8":"pa_tur-kitap","9":"pa_yayinevi-beyaz-balina-yayinlari","10":"pa_yazar-michael-part","12":"first","13":"instock","14":"sale","15":"shipping-taxable","16":"purchasable","17":"product-type-simple"},"_links":{"self":[{"href":"https:\/\/roveyayinevi.com.tr\/index.php\/wp-json\/wp\/v2\/product\/705270","targetHints":{"allow":["GET"]}}],"collection":[{"href":"https:\/\/roveyayinevi.com.tr\/index.php\/wp-json\/wp\/v2\/product"}],"about":[{"href":"https:\/\/roveyayinevi.com.tr\/index.php\/wp-json\/wp\/v2\/types\/product"}],"wp:attachment":[{"href":"https:\/\/roveyayinevi.com.tr\/index.php\/wp-json\/wp\/v2\/media?parent=705270"}],"wp:term":[{"taxonomy":"product_brand","embeddable":true,"href":"https:\/\/roveyayinevi.com.tr\/index.php\/wp-json\/wp\/v2\/product_brand?post=705270"},{"taxonomy":"product_cat","embeddable":true,"href":"https:\/\/roveyayinevi.com.tr\/index.php\/wp-json\/wp\/v2\/product_cat?post=705270"},{"taxonomy":"product_tag","embeddable":true,"href":"https:\/\/roveyayinevi.com.tr\/index.php\/wp-json\/wp\/v2\/product_tag?post=705270"}],"curies":[{"name":"wp","href":"https:\/\/api.w.org\/{rel}","templated":true}]}}