{"id":705264,"date":"2025-08-27T15:44:19","date_gmt":"2025-08-27T12:44:19","guid":{"rendered":"https:\/\/roveyayinevi.com.tr\/index.php\/urun\/yonetsel-cografya\/"},"modified":"2026-04-16T02:14:03","modified_gmt":"2026-04-15T23:14:03","slug":"yonetsel-cografya","status":"publish","type":"product","link":"https:\/\/roveyayinevi.com.tr\/index.php\/urun\/yonetsel-cografya\/","title":{"rendered":"Y\u00f6netsel Co\u011frafya"},"content":{"rendered":"<p>Y\u00f6netimde \u201cnereyi y\u00f6netiyoruz?\u201d, planlamada \u201cnerede, neyi planl\u0131yoruz?\u201d sorular\u0131 ister istemez \u00fczerinde ya\u015fad\u0131\u011f\u0131m\u0131z yery\u00fcz\u00fcn\u00fc ve burada insan taraf\u0131ndan yap\u0131lan d\u00fczenlemeleri akla getirmektedir. Co\u011frafya i\u00e7indeki bilim dallar\u0131 taraf\u0131ndan farkl\u0131 bak\u0131\u015f a\u00e7\u0131lar\u0131yla incelenen yery\u00fcz\u00fc, y\u00f6netimle ili\u015fkili olarak y\u00f6netsel co\u011fafya (idari co\u011frafya) taraf\u0131ndan incelenmektedir. Y\u00f6netsel co\u011frafya, devletin \u00fclke topraklar\u0131 \u00fczerinde \u00f6rg\u00fctlenmesi kapsam\u0131nda ortaya \u00e7\u0131kan y\u00f6netsel kademelenmeyi\/y\u00f6netsel b\u00f6l\u00fcn\u00fc\u015f\u00fc ve bunun co\u011frafi ortama yans\u0131mas\u0131n\u0131 ele almaktad\u0131r. <\/p>\n","protected":false},"excerpt":{"rendered":"<p>Y\u00f6netimde \u201cnereyi y\u00f6netiyoruz?\u201d, planlamada \u201cnerede, neyi planl\u0131yoruz?\u201d sorular\u0131 ister istemez \u00fczerinde ya\u015fad\u0131\u011f\u0131m\u0131z yery\u00fcz\u00fcn\u00fc ve burada insan taraf\u0131ndan yap\u0131lan d\u00fczenlemeleri akla getirmektedir. Co\u011frafya i\u00e7indeki bilim dallar\u0131 taraf\u0131ndan<span class=\"excerpt-hellip\"> [\u2026]<\/span><\/p>\n","protected":false},"featured_media":0,"template":"","meta":{"_monsterinsights_skip_tracking":false,"_monsterinsights_sitenote_active":false,"_monsterinsights_sitenote_note":"","_monsterinsights_sitenote_category":0},"product_brand":[],"product_cat":[12835,12324],"product_tag":[],"class_list":{"0":"post-705264","1":"product","2":"type-product","3":"status-publish","5":"product_cat-genel-sosyoloji","6":"product_cat-sosyoloji","7":"pa_cilt-ciltsiz","8":"pa_tur-kitap","9":"pa_yayinevi-nika-yayinevi","10":"pa_yazar-ali-ozcaglar","12":"first","13":"instock","14":"sale","15":"shipping-taxable","16":"purchasable","17":"product-type-simple"},"_links":{"self":[{"href":"https:\/\/roveyayinevi.com.tr\/index.php\/wp-json\/wp\/v2\/product\/705264","targetHints":{"allow":["GET"]}}],"collection":[{"href":"https:\/\/roveyayinevi.com.tr\/index.php\/wp-json\/wp\/v2\/product"}],"about":[{"href":"https:\/\/roveyayinevi.com.tr\/index.php\/wp-json\/wp\/v2\/types\/product"}],"wp:attachment":[{"href":"https:\/\/roveyayinevi.com.tr\/index.php\/wp-json\/wp\/v2\/media?parent=705264"}],"wp:term":[{"taxonomy":"product_brand","embeddable":true,"href":"https:\/\/roveyayinevi.com.tr\/index.php\/wp-json\/wp\/v2\/product_brand?post=705264"},{"taxonomy":"product_cat","embeddable":true,"href":"https:\/\/roveyayinevi.com.tr\/index.php\/wp-json\/wp\/v2\/product_cat?post=705264"},{"taxonomy":"product_tag","embeddable":true,"href":"https:\/\/roveyayinevi.com.tr\/index.php\/wp-json\/wp\/v2\/product_tag?post=705264"}],"curies":[{"name":"wp","href":"https:\/\/api.w.org\/{rel}","templated":true}]}}