{"id":705263,"date":"2025-08-27T15:44:19","date_gmt":"2025-08-27T12:44:19","guid":{"rendered":"https:\/\/roveyayinevi.com.tr\/index.php\/urun\/kehribar-gozlu-tavsan\/"},"modified":"2026-04-16T02:14:03","modified_gmt":"2026-04-15T23:14:03","slug":"kehribar-gozlu-tavsan","status":"publish","type":"product","link":"https:\/\/roveyayinevi.com.tr\/index.php\/urun\/kehribar-gozlu-tavsan\/","title":{"rendered":"Kehribar G\u00f6zl\u00fc Tav\u015fan"},"content":{"rendered":"<p>\u201cElin \u201cElinizde tuttu\u011funuz kitap bir ba\u015fyap\u0131t.\u201d FRANCES WILSON, SUNDAY TIMES   En fazla kibrit kutusu b\u00fcy\u00fckl\u00fc\u011f\u00fcnde 264 adet ah\u015fap ya da  fil di\u015fi oyma Japon heykeli: Edmund de Waal, ilk defa b\u00fcy\u00fck amcas\u0131n\u0131n Tokyo\u2019daki dairesinde kar\u015f\u0131la\u015ft\u0131\u011f\u0131 bu koleksiyona tam anlam\u0131yla tutulur.  Y\u0131llar sonra bu k\u00fc\u00e7\u00fck heykelcikler, yani \u201cnetsuke\u201dler ona miras kald\u0131\u011f\u0131nda,  ailenin ge\u00e7mi\u015fine dair hayal dahi edemeyece\u011fi m\u00fcthi\u015f bir hik\u00e2yenin kap\u0131lar\u0131 aralan\u0131r.   \u0130mparatorlu\u011fun en ihti\u015faml\u0131 g\u00fcnlerini ya\u015fad\u0131\u011f\u0131 Odessa\u2019dan ondokuzuncu y\u00fczy\u0131l sonu Paris\u2019ine, ku\u015fatma alt\u0131ndaki Viyana\u2019dan II. D\u00fcnya Sava\u015f\u0131 sonras\u0131 Tokyo\u2019suna, Edmund de Waal s\u0131rad\u0131\u015f\u0131 ailesinin f\u0131rt\u0131nal\u0131 y\u00fczy\u0131lda s\u00fcregiden \u00f6yk\u00fcs\u00fcn\u00fc anlat\u0131yor. Neksuke\u2019lerin ku\u015faktan ku\u015fa\u011fa aktar\u0131lmas\u0131yla, yollar\u0131 Proust, Monet, Rilke gibi fig\u00fcrlerle kesi\u015fen zenginli\u011fin doru\u011fundaki sanat hamisi bir ailenin, Nazilerin iktidara geli\u015fiyle i\u00e7 burkan y\u0131k\u0131m\u0131n\u0131 ve hayatta kalma maceras\u0131n\u0131 g\u00f6zler \u00f6n\u00fcne seriyor.   \u201cMikro-zanaat ile makro-tarihi umulmad\u0131k bir \u015fekilde birle\u015ftiren  bu kitap m\u00fcthi\u015f bir etki yarat\u0131yor.\u201d JULIAN BARNES, GUARDIAN, YILIN K\u0130TAPLARI SE\u00c7K\u0130S\u0130   \u201cBilgece yaz\u0131lm\u0131\u015f de\u011fi\u015fik, s\u00fcr\u00fckleyici bir kitap.\u201d A.S. BYATT, GUARDIAN, YILIN K\u0130TAPLARI SE\u00c7K\u0130S\u0130   \u201c\u0130ncelikli. M\u00fctevaz\u0131. Trajik. Homerik.\u201d STEPHEN FEARS, YILIN K\u0130TAPLARI SE\u00c7K\u0130S\u0130<\/p>\n","protected":false},"excerpt":{"rendered":"<p>\u201cElin \u201cElinizde tuttu\u011funuz kitap bir ba\u015fyap\u0131t.\u201d FRANCES WILSON, SUNDAY TIMES En fazla kibrit kutusu b\u00fcy\u00fckl\u00fc\u011f\u00fcnde 264 adet ah\u015fap ya da fil di\u015fi oyma Japon heykeli: Edmund<span class=\"excerpt-hellip\"> [\u2026]<\/span><\/p>\n","protected":false},"featured_media":0,"template":"","meta":{"_monsterinsights_skip_tracking":false,"_monsterinsights_sitenote_active":false,"_monsterinsights_sitenote_note":"","_monsterinsights_sitenote_category":0},"product_brand":[],"product_cat":[14009,12291],"product_tag":[],"class_list":{"0":"post-705263","1":"product","2":"type-product","3":"status-publish","5":"product_cat-biyografi-otobiyografi-edebiyat","6":"product_cat-edebiyat","7":"pa_cilt-ciltsiz","8":"pa_tur-kitap","9":"pa_yayinevi-everest-yayinlari","10":"pa_yazar-edmund-de-waal","12":"first","13":"instock","14":"sale","15":"shipping-taxable","16":"purchasable","17":"product-type-simple"},"_links":{"self":[{"href":"https:\/\/roveyayinevi.com.tr\/index.php\/wp-json\/wp\/v2\/product\/705263","targetHints":{"allow":["GET"]}}],"collection":[{"href":"https:\/\/roveyayinevi.com.tr\/index.php\/wp-json\/wp\/v2\/product"}],"about":[{"href":"https:\/\/roveyayinevi.com.tr\/index.php\/wp-json\/wp\/v2\/types\/product"}],"wp:attachment":[{"href":"https:\/\/roveyayinevi.com.tr\/index.php\/wp-json\/wp\/v2\/media?parent=705263"}],"wp:term":[{"taxonomy":"product_brand","embeddable":true,"href":"https:\/\/roveyayinevi.com.tr\/index.php\/wp-json\/wp\/v2\/product_brand?post=705263"},{"taxonomy":"product_cat","embeddable":true,"href":"https:\/\/roveyayinevi.com.tr\/index.php\/wp-json\/wp\/v2\/product_cat?post=705263"},{"taxonomy":"product_tag","embeddable":true,"href":"https:\/\/roveyayinevi.com.tr\/index.php\/wp-json\/wp\/v2\/product_tag?post=705263"}],"curies":[{"name":"wp","href":"https:\/\/api.w.org\/{rel}","templated":true}]}}