{"id":705258,"date":"2025-08-27T15:44:17","date_gmt":"2025-08-27T12:44:17","guid":{"rendered":"https:\/\/roveyayinevi.com.tr\/index.php\/urun\/din-nedir\/"},"modified":"2026-04-16T02:14:02","modified_gmt":"2026-04-15T23:14:02","slug":"din-nedir","status":"publish","type":"product","link":"https:\/\/roveyayinevi.com.tr\/index.php\/urun\/din-nedir\/","title":{"rendered":"Din Nedir?"},"content":{"rendered":"<p>Rus edebiyat\u0131n\u0131n devlerinden olan Tolstoy (1828-1910); Din Nedir? adl\u0131 eserinde, resmi H\u0131ristiyanl\u0131k ve Kilise\u2019yi sorgulay\u0131p, insan\u0131n var olu\u015f gayesi, Tanr\u0131 ve D\u00fcnya ile nas\u0131l bir ba\u011f kurmas\u0131 gerekti\u011fi sorusuna e\u011filiyor. \ufffcTan\u0131t\u0131m Metni<\/p>\n","protected":false},"excerpt":{"rendered":"<p>Rus edebiyat\u0131n\u0131n devlerinden olan Tolstoy (1828-1910); Din Nedir? adl\u0131 eserinde, resmi H\u0131ristiyanl\u0131k ve Kilise\u2019yi sorgulay\u0131p, insan\u0131n var olu\u015f gayesi, Tanr\u0131 ve D\u00fcnya ile nas\u0131l bir ba\u011f<span class=\"excerpt-hellip\"> [\u2026]<\/span><\/p>\n","protected":false},"featured_media":0,"template":"","meta":{"_monsterinsights_skip_tracking":false,"_monsterinsights_sitenote_active":false,"_monsterinsights_sitenote_note":"","_monsterinsights_sitenote_category":0},"product_brand":[],"product_cat":[12718,16794],"product_tag":[],"class_list":{"0":"post-705258","1":"product","2":"type-product","3":"status-publish","5":"product_cat-din","6":"product_cat-dinler-tarihi","7":"pa_cilt-ciltsiz","8":"pa_tur-kitap","9":"pa_yayinevi-oda-yayinlari","10":"pa_yazar-lev-nikolayevic-tolstoy","12":"first","13":"instock","14":"sale","15":"shipping-taxable","16":"purchasable","17":"product-type-simple"},"_links":{"self":[{"href":"https:\/\/roveyayinevi.com.tr\/index.php\/wp-json\/wp\/v2\/product\/705258","targetHints":{"allow":["GET"]}}],"collection":[{"href":"https:\/\/roveyayinevi.com.tr\/index.php\/wp-json\/wp\/v2\/product"}],"about":[{"href":"https:\/\/roveyayinevi.com.tr\/index.php\/wp-json\/wp\/v2\/types\/product"}],"wp:attachment":[{"href":"https:\/\/roveyayinevi.com.tr\/index.php\/wp-json\/wp\/v2\/media?parent=705258"}],"wp:term":[{"taxonomy":"product_brand","embeddable":true,"href":"https:\/\/roveyayinevi.com.tr\/index.php\/wp-json\/wp\/v2\/product_brand?post=705258"},{"taxonomy":"product_cat","embeddable":true,"href":"https:\/\/roveyayinevi.com.tr\/index.php\/wp-json\/wp\/v2\/product_cat?post=705258"},{"taxonomy":"product_tag","embeddable":true,"href":"https:\/\/roveyayinevi.com.tr\/index.php\/wp-json\/wp\/v2\/product_tag?post=705258"}],"curies":[{"name":"wp","href":"https:\/\/api.w.org\/{rel}","templated":true}]}}