{"id":705254,"date":"2025-08-27T15:44:16","date_gmt":"2025-08-27T12:44:16","guid":{"rendered":"https:\/\/roveyayinevi.com.tr\/index.php\/urun\/1905-rus-devrimi-ve-sultan-abdulhamid\/"},"modified":"2026-04-16T02:14:02","modified_gmt":"2026-04-15T23:14:02","slug":"1905-rus-devrimi-ve-sultan-abdulhamid","status":"publish","type":"product","link":"https:\/\/roveyayinevi.com.tr\/index.php\/urun\/1905-rus-devrimi-ve-sultan-abdulhamid\/","title":{"rendered":"1905 Rus Devrimi ve Sultan Abd\u00fclhamid"},"content":{"rendered":"<p>G\u00fcn\u00fcm\u00fczde Osmanl\u0131 \u0130mparatorlu\u011fu\u2019nun son d\u00f6nemine ili\u015fkin ilgi ve ara\u015ft\u0131rmalar artmas\u0131na ra\u011fmen 1905 y\u0131l\u0131nda Rusya\u2019da meydana gelen olaylar\u0131n Sultan Abd\u00fclhamid T\u00fcrkiye\u2019sindeki sosyal, k\u00fclt\u00fcrel ve siyasi \u00e7er\u00e7evedeki yans\u0131malar\u0131na ili\u015fkin yeterli seviyede \u00e7al\u0131\u015fma yap\u0131ld\u0131\u011f\u0131 s\u00f6ylenemez. Hasip Sayg\u0131l\u0131\u2019n\u0131n 1905 Rus Devrimi ve Sultan Abd\u00fclhamid \u00e7al\u0131\u015fmas\u0131, 1905 Devrimi\u2019nin Osmanl\u0131 \u00fclkesindeki etkilerini Sultan Abd\u00fclhamid idaresi ve muhalif J\u00f6nt\u00fcrk hareketi aras\u0131ndaki gerilimli ili\u015fki \u00fczerinden ele alarak bu alandaki bo\u015flu\u011fu dolduruyor. \u00c7al\u0131\u015fmada 1905 y\u0131l\u0131ndan itibaren T\u00fcrkiye\u2019de meydana gelen ve 23 Temmuz 1908 tarihinde Sultan Abd\u00fclhamid\u2019in anayasay\u0131 tekrar y\u00fcr\u00fcrl\u00fc\u011fe koydu\u011funu a\u00e7\u0131klad\u0131\u011f\u0131 \u201c\u0130nk\u0131lab-\u0131 Azim\u201de kadar s\u00fcrm\u00fc\u015f olan siyasi ve toplumsal olaylar\u0131n \u00fczerinde 1905 Rus Devrimi\u2019nin etkileri, ideolojik kurgular\u0131n \u00f6tesinde birincil kaynaklara dayan\u0131larak g\u00f6sterilmi\u015ftir. <\/p>\n","protected":false},"excerpt":{"rendered":"<p>G\u00fcn\u00fcm\u00fczde Osmanl\u0131 \u0130mparatorlu\u011fu\u2019nun son d\u00f6nemine ili\u015fkin ilgi ve ara\u015ft\u0131rmalar artmas\u0131na ra\u011fmen 1905 y\u0131l\u0131nda Rusya\u2019da meydana gelen olaylar\u0131n Sultan Abd\u00fclhamid T\u00fcrkiye\u2019sindeki sosyal, k\u00fclt\u00fcrel ve siyasi \u00e7er\u00e7evedeki yans\u0131malar\u0131na<span class=\"excerpt-hellip\"> [\u2026]<\/span><\/p>\n","protected":false},"featured_media":0,"template":"","meta":{"_monsterinsights_skip_tracking":false,"_monsterinsights_sitenote_active":false,"_monsterinsights_sitenote_note":"","_monsterinsights_sitenote_category":0},"product_brand":[],"product_cat":[12370,12304],"product_tag":[],"class_list":{"0":"post-705254","1":"product","2":"type-product","3":"status-publish","5":"product_cat-arastirma-inceleme","6":"product_cat-tarih","7":"pa_tur-kitap","8":"pa_yayinevi-otuken-nesriyat","9":"pa_yazar-hasip-saygili","11":"first","12":"instock","13":"sale","14":"shipping-taxable","15":"purchasable","16":"product-type-simple"},"_links":{"self":[{"href":"https:\/\/roveyayinevi.com.tr\/index.php\/wp-json\/wp\/v2\/product\/705254","targetHints":{"allow":["GET"]}}],"collection":[{"href":"https:\/\/roveyayinevi.com.tr\/index.php\/wp-json\/wp\/v2\/product"}],"about":[{"href":"https:\/\/roveyayinevi.com.tr\/index.php\/wp-json\/wp\/v2\/types\/product"}],"wp:attachment":[{"href":"https:\/\/roveyayinevi.com.tr\/index.php\/wp-json\/wp\/v2\/media?parent=705254"}],"wp:term":[{"taxonomy":"product_brand","embeddable":true,"href":"https:\/\/roveyayinevi.com.tr\/index.php\/wp-json\/wp\/v2\/product_brand?post=705254"},{"taxonomy":"product_cat","embeddable":true,"href":"https:\/\/roveyayinevi.com.tr\/index.php\/wp-json\/wp\/v2\/product_cat?post=705254"},{"taxonomy":"product_tag","embeddable":true,"href":"https:\/\/roveyayinevi.com.tr\/index.php\/wp-json\/wp\/v2\/product_tag?post=705254"}],"curies":[{"name":"wp","href":"https:\/\/api.w.org\/{rel}","templated":true}]}}