{"id":705253,"date":"2025-08-27T15:44:15","date_gmt":"2025-08-27T12:44:15","guid":{"rendered":"https:\/\/roveyayinevi.com.tr\/index.php\/urun\/ingiliz-kulturel-calismalari\/"},"modified":"2026-04-16T02:14:02","modified_gmt":"2026-04-15T23:14:02","slug":"ingiliz-kulturel-calismalari","status":"publish","type":"product","link":"https:\/\/roveyayinevi.com.tr\/index.php\/urun\/ingiliz-kulturel-calismalari\/","title":{"rendered":"\u0130ngiliz K\u00fclt\u00fcrel \u00c7al\u0131\u015fmalar\u0131"},"content":{"rendered":"<p>Richard Hoggart, Raymond Williams, E. P. Thompson ve elbette ki Stuart Hall&#8230; medya, k\u00fclt\u00fcr, s\u0131n\u0131f, ideoloji,okuryazarl\u0131k, kimlik, altk\u00fclt\u00fcrler ve teknoloji gibi konular \u00fczerine \u00e7al\u0131\u015fanlar ve bu konular hakk\u0131nda d\u00fc\u015f\u00fcnenler i\u00e7in hayati \u00f6neme sahip isimler. \u0130ngiliz K\u00fclt\u00fcrel \u00c7al\u0131\u015fmalar\u0131 kitab\u0131nda Graeme Turner, ba\u015fta bu isimler olmak \u00fczere, muazzam katk\u0131lara kaynakl\u0131k eden bu okulun k\u00f6kenleri, tarihsel geli\u015fimi, temel ilgi alanlar\u0131, \u00e7al\u0131\u015fma konular\u0131,kavramlar\u0131 \u00fczerine son derece kapsaml\u0131 ve sistematik bir \u00e7er\u00e7eve sunuyor. Kitap, gelene\u011fin donuk bir tarihini sunmaktansa zaman i\u00e7erisindeki d\u00f6n\u00fc\u015f\u00fcmleri, farkl\u0131la\u015fan ara\u015ft\u0131rma g\u00fcndemlerini, i\u00e7 tart\u0131\u015fmalar\u0131 ve ayr\u0131mlar\u0131 b\u00fcy\u00fck bir ustal\u0131k ve titizlikle ele al\u0131yor. \u00d6zellikle, metin odakl\u0131, s\u00f6ylem \u00e7\u00f6z\u00fcmlemesi ve ideoloji ele\u015ftirisine yaslanan \u00e7al\u0131\u015fmalardan, daha etnografik ve sosyolojik ilgilere y\u00f6neli\u015fin hikayesi dikkatle \u00fczerinde durmaya ve d\u00fc\u015f\u00fcnmeye de\u011fer. Akademik ilgilerin yan\u0131 s\u0131ra okulun politik y\u00f6nelimi ile ilgili tart\u0131\u015fmalarla birlikte, Turner\u2019\u0131n \u00e7izdi\u011fi \u00e7er\u00e7eve iyice derinle\u015fiyor. \u0130ngiliz K\u00fclt\u00fcrel \u00c7al\u0131\u015fmalar\u0131, bu denli kapsay\u0131c\u0131 ve zengin bir ara\u015ft\u0131rma okulu \u00fczerine yaz\u0131lm\u0131\u015f ilk eser ve hala en kapsaml\u0131lar\u0131ndan biri. Okuyucuyu son derece ilham verici ve doyurucu bir d\u00fc\u015f\u00fcnsel ser\u00fcvene, bir o kadar da ak\u0131c\u0131 bir dille \u00e7a\u011f\u0131ran bu kitab\u0131n davetine icabet etmemek olmaz. \ufffcTan\u0131t\u0131m Metni<\/p>\n","protected":false},"excerpt":{"rendered":"<p>Richard Hoggart, Raymond Williams, E. P. Thompson ve elbette ki Stuart Hall&#8230; medya, k\u00fclt\u00fcr, s\u0131n\u0131f, ideoloji,okuryazarl\u0131k, kimlik, altk\u00fclt\u00fcrler ve teknoloji gibi konular \u00fczerine \u00e7al\u0131\u015fanlar ve bu<span class=\"excerpt-hellip\"> [\u2026]<\/span><\/p>\n","protected":false},"featured_media":0,"template":"","meta":{"_monsterinsights_skip_tracking":false,"_monsterinsights_sitenote_active":false,"_monsterinsights_sitenote_note":"","_monsterinsights_sitenote_category":0},"product_brand":[],"product_cat":[12324],"product_tag":[],"class_list":{"0":"post-705253","1":"product","2":"type-product","3":"status-publish","5":"product_cat-sosyoloji","6":"pa_cilt-ciltsiz","7":"pa_tur-kitap","8":"pa_yayinevi-heretik-yayincilik","9":"pa_yazar-graeme-turner","11":"first","12":"instock","13":"sale","14":"shipping-taxable","15":"purchasable","16":"product-type-simple"},"_links":{"self":[{"href":"https:\/\/roveyayinevi.com.tr\/index.php\/wp-json\/wp\/v2\/product\/705253","targetHints":{"allow":["GET"]}}],"collection":[{"href":"https:\/\/roveyayinevi.com.tr\/index.php\/wp-json\/wp\/v2\/product"}],"about":[{"href":"https:\/\/roveyayinevi.com.tr\/index.php\/wp-json\/wp\/v2\/types\/product"}],"wp:attachment":[{"href":"https:\/\/roveyayinevi.com.tr\/index.php\/wp-json\/wp\/v2\/media?parent=705253"}],"wp:term":[{"taxonomy":"product_brand","embeddable":true,"href":"https:\/\/roveyayinevi.com.tr\/index.php\/wp-json\/wp\/v2\/product_brand?post=705253"},{"taxonomy":"product_cat","embeddable":true,"href":"https:\/\/roveyayinevi.com.tr\/index.php\/wp-json\/wp\/v2\/product_cat?post=705253"},{"taxonomy":"product_tag","embeddable":true,"href":"https:\/\/roveyayinevi.com.tr\/index.php\/wp-json\/wp\/v2\/product_tag?post=705253"}],"curies":[{"name":"wp","href":"https:\/\/api.w.org\/{rel}","templated":true}]}}