{"id":705248,"date":"2025-08-27T15:44:13","date_gmt":"2025-08-27T12:44:13","guid":{"rendered":"https:\/\/roveyayinevi.com.tr\/index.php\/urun\/bahce-biziz-gul-bizdedir\/"},"modified":"2026-04-16T02:14:02","modified_gmt":"2026-04-15T23:14:02","slug":"bahce-biziz-gul-bizdedir","status":"publish","type":"product","link":"https:\/\/roveyayinevi.com.tr\/index.php\/urun\/bahce-biziz-gul-bizdedir\/","title":{"rendered":"Bah\u00e7e Biziz G\u00fcl Bizdedir"},"content":{"rendered":"<p>Alevi-Bekta\u015fi k\u00fclt\u00fcr\u00fcn\u00fcn i\u00e7 i\u00e7eli\u011fi bir b\u00fct\u00fcnl\u00fck olu\u015fturuyor. Ancak geleneksel k\u00fclt\u00fcr\u00fcm\u00fczde Nasrettin Hoca ile e\u015fde\u011ferli Bekta\u015fi Babas\u0131&#8217;d\u0131r. Bu nedenle genelde hep Bekta\u015fi mizah\u0131ndan s\u00f6z a\u00e7\u0131l\u0131r. <\/p>\n","protected":false},"excerpt":{"rendered":"<p>Alevi-Bekta\u015fi k\u00fclt\u00fcr\u00fcn\u00fcn i\u00e7 i\u00e7eli\u011fi bir b\u00fct\u00fcnl\u00fck olu\u015fturuyor. Ancak geleneksel k\u00fclt\u00fcr\u00fcm\u00fczde Nasrettin Hoca ile e\u015fde\u011ferli Bekta\u015fi Babas\u0131&#8217;d\u0131r. Bu nedenle genelde hep Bekta\u015fi mizah\u0131ndan s\u00f6z a\u00e7\u0131l\u0131r.<\/p>\n","protected":false},"featured_media":0,"template":"","meta":{"_monsterinsights_skip_tracking":false,"_monsterinsights_sitenote_active":false,"_monsterinsights_sitenote_note":"","_monsterinsights_sitenote_category":0},"product_brand":[],"product_cat":[12477,12364],"product_tag":[],"class_list":{"0":"post-705248","1":"product","2":"type-product","3":"status-publish","5":"product_cat-eglence-mizah","6":"product_cat-genel-konular","7":"pa_tur-kitap","8":"pa_yayinevi-cumhuriyet-kitaplari","9":"pa_yazar-miyase-ilknur","11":"first","12":"instock","13":"sale","14":"shipping-taxable","15":"purchasable","16":"product-type-simple"},"_links":{"self":[{"href":"https:\/\/roveyayinevi.com.tr\/index.php\/wp-json\/wp\/v2\/product\/705248","targetHints":{"allow":["GET"]}}],"collection":[{"href":"https:\/\/roveyayinevi.com.tr\/index.php\/wp-json\/wp\/v2\/product"}],"about":[{"href":"https:\/\/roveyayinevi.com.tr\/index.php\/wp-json\/wp\/v2\/types\/product"}],"wp:attachment":[{"href":"https:\/\/roveyayinevi.com.tr\/index.php\/wp-json\/wp\/v2\/media?parent=705248"}],"wp:term":[{"taxonomy":"product_brand","embeddable":true,"href":"https:\/\/roveyayinevi.com.tr\/index.php\/wp-json\/wp\/v2\/product_brand?post=705248"},{"taxonomy":"product_cat","embeddable":true,"href":"https:\/\/roveyayinevi.com.tr\/index.php\/wp-json\/wp\/v2\/product_cat?post=705248"},{"taxonomy":"product_tag","embeddable":true,"href":"https:\/\/roveyayinevi.com.tr\/index.php\/wp-json\/wp\/v2\/product_tag?post=705248"}],"curies":[{"name":"wp","href":"https:\/\/api.w.org\/{rel}","templated":true}]}}