{"id":705244,"date":"2025-08-27T15:44:11","date_gmt":"2025-08-27T12:44:11","guid":{"rendered":"https:\/\/roveyayinevi.com.tr\/index.php\/urun\/cekirge-etkisi\/"},"modified":"2026-04-16T02:14:02","modified_gmt":"2026-04-15T23:14:02","slug":"cekirge-etkisi","status":"publish","type":"product","link":"https:\/\/roveyayinevi.com.tr\/index.php\/urun\/cekirge-etkisi\/","title":{"rendered":"\u00c7ekirge Etkisi"},"content":{"rendered":"<p>\u201cTalanc\u0131 \u015fiddet \u00e7ekirgeleri sald\u0131rd\u0131; savunmas\u0131z yoksullar\u0131n hayatlar\u0131n\u0131 garanti alt\u0131na almak i\u00e7in g\u00fc\u00e7l\u00fckle bir araya getirdi\u011fi her \u015feyi yerle bir edeceklerdi\u2026 D\u00fcnya hi\u00e7 fark etmeden, istilac\u0131 \u015fiddet \u00e7ekirgeleri \u015fu anda milyarlarca yoksul kom\u015fumuzun hayat\u0131n\u0131 ve hayalini harap ediyor. Benzersiz \u015fiddet salg\u0131n\u0131n\u0131 ve onun k\u00fcresel yoksulu yoksulluktan \u00e7ekip \u00e7\u0131karma \u00e7abalar\u0131 \u00fczerindeki cezaland\u0131r\u0131c\u0131 etkisini \u00e7ekirge etkisi olarak adland\u0131r\u0131yoruz.\u201d <\/p>\n","protected":false},"excerpt":{"rendered":"<p>\u201cTalanc\u0131 \u015fiddet \u00e7ekirgeleri sald\u0131rd\u0131; savunmas\u0131z yoksullar\u0131n hayatlar\u0131n\u0131 garanti alt\u0131na almak i\u00e7in g\u00fc\u00e7l\u00fckle bir araya getirdi\u011fi her \u015feyi yerle bir edeceklerdi\u2026 D\u00fcnya hi\u00e7 fark etmeden, istilac\u0131 \u015fiddet<span class=\"excerpt-hellip\"> [\u2026]<\/span><\/p>\n","protected":false},"featured_media":0,"template":"","meta":{"_monsterinsights_skip_tracking":false,"_monsterinsights_sitenote_active":false,"_monsterinsights_sitenote_note":"","_monsterinsights_sitenote_category":0},"product_brand":[],"product_cat":[12325,12324],"product_tag":[],"class_list":{"0":"post-705244","1":"product","2":"type-product","3":"status-publish","5":"product_cat-diger-sosyoloji","6":"product_cat-sosyoloji","7":"pa_tur-kitap","8":"pa_yayinevi-pinhan-yayincilik","9":"pa_yazar-gary-a-haugen","11":"first","12":"instock","13":"sale","14":"shipping-taxable","15":"purchasable","16":"product-type-simple"},"_links":{"self":[{"href":"https:\/\/roveyayinevi.com.tr\/index.php\/wp-json\/wp\/v2\/product\/705244","targetHints":{"allow":["GET"]}}],"collection":[{"href":"https:\/\/roveyayinevi.com.tr\/index.php\/wp-json\/wp\/v2\/product"}],"about":[{"href":"https:\/\/roveyayinevi.com.tr\/index.php\/wp-json\/wp\/v2\/types\/product"}],"wp:attachment":[{"href":"https:\/\/roveyayinevi.com.tr\/index.php\/wp-json\/wp\/v2\/media?parent=705244"}],"wp:term":[{"taxonomy":"product_brand","embeddable":true,"href":"https:\/\/roveyayinevi.com.tr\/index.php\/wp-json\/wp\/v2\/product_brand?post=705244"},{"taxonomy":"product_cat","embeddable":true,"href":"https:\/\/roveyayinevi.com.tr\/index.php\/wp-json\/wp\/v2\/product_cat?post=705244"},{"taxonomy":"product_tag","embeddable":true,"href":"https:\/\/roveyayinevi.com.tr\/index.php\/wp-json\/wp\/v2\/product_tag?post=705244"}],"curies":[{"name":"wp","href":"https:\/\/api.w.org\/{rel}","templated":true}]}}