{"id":705243,"date":"2025-08-27T15:44:11","date_gmt":"2025-08-27T12:44:11","guid":{"rendered":"https:\/\/roveyayinevi.com.tr\/index.php\/urun\/egitim-felsefesi-3\/"},"modified":"2026-04-16T02:14:02","modified_gmt":"2026-04-15T23:14:02","slug":"egitim-felsefesi-3","status":"publish","type":"product","link":"https:\/\/roveyayinevi.com.tr\/index.php\/urun\/egitim-felsefesi-3\/","title":{"rendered":"E\u011fitim Felsefesi"},"content":{"rendered":"<p>Bilim, ger\u00e7e\u011fi par\u00e7alara ay\u0131rarak inceler. S\u00f6zgeli\u015fi fizik, ger\u00e7e\u011fin yap\u0131s\u0131n\u0131; kimya, maddenin bile\u015fimini; biyoloji, canl\u0131lar d\u00fcnyas\u0131n\u0131; sosyoloji, toplum, kurum ve ki\u015filer aras\u0131ndaki ili\u015fkileri; psikoloji, insan davran\u0131\u015flar\u0131n\u0131 ele al\u0131r. Oysa ger\u00e7ek tek tek bunlar\u0131n hi\u00e7biri de\u011fil, belki de t\u00fcm\u00fcd\u00fcr. Bilim bu &#8220;t\u00fcmle&#8221; ilgilenmez. Oysa felsefe, ger\u00e7e\u011fi bir b\u00fct\u00fcn olarak ele al\u0131p inceler. Bu nedenden dolay\u0131 felsefe, do\u011fay\u0131 ve toplumu olu\u015fturan t\u00fcm de\u011ferleri b\u00fct\u00fcnsel olarak kavray\u0131p bunu sistemle\u015ftirmeye \u00e7al\u0131\u015f\u0131r. Bir bak\u0131ma felsefe ger\u00e7ekle t\u00fcm\u00fcyle u\u011fra\u015fma, onu kavrama, yorumlama, sistemle\u015ftirme i\u015fi olarak d\u00fc\u015f\u00fcn\u00fclebilir \u00e7\u00fcnk\u00fc evreni, do\u011fay\u0131, toplumu, insan\u0131 olu\u015fturan t\u00fcm de\u011ferleri, kuramsal g\u00f6r\u00fc\u015fleri ele al\u0131p inceler.<\/p>\n","protected":false},"excerpt":{"rendered":"<p>Bilim, ger\u00e7e\u011fi par\u00e7alara ay\u0131rarak inceler. S\u00f6zgeli\u015fi fizik, ger\u00e7e\u011fin yap\u0131s\u0131n\u0131; kimya, maddenin bile\u015fimini; biyoloji, canl\u0131lar d\u00fcnyas\u0131n\u0131; sosyoloji, toplum, kurum ve ki\u015filer aras\u0131ndaki ili\u015fkileri; psikoloji, insan davran\u0131\u015flar\u0131n\u0131 ele<span class=\"excerpt-hellip\"> [\u2026]<\/span><\/p>\n","protected":false},"featured_media":0,"template":"","meta":{"_monsterinsights_skip_tracking":false,"_monsterinsights_sitenote_active":false,"_monsterinsights_sitenote_note":"","_monsterinsights_sitenote_category":0},"product_brand":[],"product_cat":[12389,12388],"product_tag":[],"class_list":{"0":"post-705243","1":"product","2":"type-product","3":"status-publish","5":"product_cat-diger-felsefe","6":"product_cat-felsefe","7":"pa_cilt-ciltsiz","8":"pa_tur-kitap","9":"pa_yayinevi-ani-yayincilik","10":"pa_yazar-veysel-sonmez","12":"first","13":"instock","14":"sale","15":"shipping-taxable","16":"purchasable","17":"product-type-simple"},"_links":{"self":[{"href":"https:\/\/roveyayinevi.com.tr\/index.php\/wp-json\/wp\/v2\/product\/705243","targetHints":{"allow":["GET"]}}],"collection":[{"href":"https:\/\/roveyayinevi.com.tr\/index.php\/wp-json\/wp\/v2\/product"}],"about":[{"href":"https:\/\/roveyayinevi.com.tr\/index.php\/wp-json\/wp\/v2\/types\/product"}],"wp:attachment":[{"href":"https:\/\/roveyayinevi.com.tr\/index.php\/wp-json\/wp\/v2\/media?parent=705243"}],"wp:term":[{"taxonomy":"product_brand","embeddable":true,"href":"https:\/\/roveyayinevi.com.tr\/index.php\/wp-json\/wp\/v2\/product_brand?post=705243"},{"taxonomy":"product_cat","embeddable":true,"href":"https:\/\/roveyayinevi.com.tr\/index.php\/wp-json\/wp\/v2\/product_cat?post=705243"},{"taxonomy":"product_tag","embeddable":true,"href":"https:\/\/roveyayinevi.com.tr\/index.php\/wp-json\/wp\/v2\/product_tag?post=705243"}],"curies":[{"name":"wp","href":"https:\/\/api.w.org\/{rel}","templated":true}]}}