{"id":705242,"date":"2025-08-27T15:44:11","date_gmt":"2025-08-27T12:44:11","guid":{"rendered":"https:\/\/roveyayinevi.com.tr\/index.php\/urun\/hani\/"},"modified":"2026-04-16T02:14:02","modified_gmt":"2026-04-15T23:14:02","slug":"hani","status":"publish","type":"product","link":"https:\/\/roveyayinevi.com.tr\/index.php\/urun\/hani\/","title":{"rendered":"Hani"},"content":{"rendered":"<p>B\u00f6yledir insan; oradad\u0131r, ortadad\u0131r iyi, ve ba\u011f\u0131\u015flar\u0131yla Bir tanr\u0131 bile u\u011fra\u015f\u0131rken onun i\u00e7in, tan\u0131maz, g\u00f6rmez onu. Y\u00fcklenip ta\u015f\u0131mas\u0131 gerekir \u00f6nce; \u015fimdi ama adland\u0131r\u0131r en sevdi\u011fini, \u015eimdi, \u015fimdi a\u00e7mal\u0131d\u0131r bunun i\u00e7in s\u00f6zc\u00fckler, \u00e7i\u00e7ekler gibi. \ufffcTan\u0131t\u0131m Metni<\/p>\n","protected":false},"excerpt":{"rendered":"<p>B\u00f6yledir insan; oradad\u0131r, ortadad\u0131r iyi, ve ba\u011f\u0131\u015flar\u0131yla Bir tanr\u0131 bile u\u011fra\u015f\u0131rken onun i\u00e7in, tan\u0131maz, g\u00f6rmez onu. Y\u00fcklenip ta\u015f\u0131mas\u0131 gerekir \u00f6nce; \u015fimdi ama adland\u0131r\u0131r en sevdi\u011fini, \u015eimdi,<span class=\"excerpt-hellip\"> [\u2026]<\/span><\/p>\n","protected":false},"featured_media":0,"template":"","meta":{"_monsterinsights_skip_tracking":false,"_monsterinsights_sitenote_active":false,"_monsterinsights_sitenote_note":"","_monsterinsights_sitenote_category":0},"product_brand":[],"product_cat":[12389,12388],"product_tag":[],"class_list":{"0":"post-705242","1":"product","2":"type-product","3":"status-publish","5":"product_cat-diger-felsefe","6":"product_cat-felsefe","7":"pa_cilt-ciltsiz","8":"pa_tur-kitap","9":"pa_yayinevi-metis-yayinlari","10":"pa_yazar-oruc-aruoba","12":"first","13":"instock","14":"sale","15":"shipping-taxable","16":"purchasable","17":"product-type-simple"},"_links":{"self":[{"href":"https:\/\/roveyayinevi.com.tr\/index.php\/wp-json\/wp\/v2\/product\/705242","targetHints":{"allow":["GET"]}}],"collection":[{"href":"https:\/\/roveyayinevi.com.tr\/index.php\/wp-json\/wp\/v2\/product"}],"about":[{"href":"https:\/\/roveyayinevi.com.tr\/index.php\/wp-json\/wp\/v2\/types\/product"}],"wp:attachment":[{"href":"https:\/\/roveyayinevi.com.tr\/index.php\/wp-json\/wp\/v2\/media?parent=705242"}],"wp:term":[{"taxonomy":"product_brand","embeddable":true,"href":"https:\/\/roveyayinevi.com.tr\/index.php\/wp-json\/wp\/v2\/product_brand?post=705242"},{"taxonomy":"product_cat","embeddable":true,"href":"https:\/\/roveyayinevi.com.tr\/index.php\/wp-json\/wp\/v2\/product_cat?post=705242"},{"taxonomy":"product_tag","embeddable":true,"href":"https:\/\/roveyayinevi.com.tr\/index.php\/wp-json\/wp\/v2\/product_tag?post=705242"}],"curies":[{"name":"wp","href":"https:\/\/api.w.org\/{rel}","templated":true}]}}